{"id":1265,"date":"2022-08-24T13:44:08","date_gmt":"2022-08-24T13:44:08","guid":{"rendered":"https:\/\/episzunago.com\/?page_id=1265"},"modified":"2023-05-02T14:55:35","modified_gmt":"2023-05-02T14:55:35","slug":"imakozosseg-2022","status":"publish","type":"page","link":"https:\/\/episzunago.com\/?page_id=1265","title":{"rendered":"Imak\u00f6z\u00f6ss\u00e9g &#8211; 2022"},"content":{"rendered":"<div class=\"passster-form\" id=\"ps-908\">\n    <form class=\"password-form\" method=\"post\" autocomplete=\"off\" target=\"_top\">\n        <h4>Jelsz\u00f3val v\u00e9dett ter\u00fclet<\/h4>\n        <p>Jelsz\u00f3val v\u00e9dett ter\u00fclet. K\u00e9rem \u00edrja be jelszav\u00e1t.<\/p>\n        <fieldset>\n            <span class=\"ps-loader\"><img decoding=\"async\" src=\"https:\/\/episzunago.com\/wp-content\/plugins\/content-protector\/assets\/public\/ps-loader.svg\"\/><\/span>\n            <label for=\"passster_password\" style=\"display:none;\">Enter your password<\/label>\n            <input placeholder=\"K\u00e9rem \u00edrja be jelszav\u00e1t...\" type=\"password\" tabindex=\"1\" name=\"passster_password\"\n                   id=\"passster_password\" class=\"passster-password\" autocomplete=\"off\"\n                   data-protection-type=\"password\" data-list=\"[PASSSTER_LIST]\" data-lists=\"[PASSSTER_LISTS]\" data-area=\"[PASSSTER_AREA]\"\n                   data-protection=\"full\">\n            \n            <button name=\"submit\" type=\"submit\" class=\"passster-submit\" data-psid=\"ps-908\" \n                    data-submit=\"...Checking Password\" data-redirect=\"\">Felold\u00e1s\n            <\/button>\n            <div class=\"passster-error\"><\/div>\n        <\/fieldset>\n    <\/form>\n<\/div>","protected":false},"excerpt":{"rendered":"<div class=\"passster-form\" id=\"ps-925\">\n<form class=\"password-form\" method=\"post\" autocomplete=\"off\" target=\"_top\">\n<h4>Jelsz\u00f3val v\u00e9dett ter\u00fclet<\/h4>\n<p>Jelsz\u00f3val v\u00e9dett ter\u00fclet. K\u00e9rem \u00edrja be jelszav\u00e1t.<\/p>\n<fieldset>\n            <span class=\"ps-loader\"><img decoding=\"async\" src=\"https:\/\/episzunago.com\/wp-content\/plugins\/content-protector\/assets\/public\/ps-loader.svg\"\/><\/span><br \/>\n            <label for=\"passster_password\" style=\"display:none;\">Enter your password<\/label><br \/>\n            <input placeholder=\"K\u00e9rem \u00edrja be jelszav\u00e1t...\" type=\"password\" tabindex=\"1\" name=\"passster_password\"\n                   id=\"passster_password\" class=\"passster-password\" autocomplete=\"off\"\n                   data-protection-type=\"password\" data-list=\"[PASSSTER_LIST]\" data-lists=\"[PASSSTER_LISTS]\" data-area=\"[PASSSTER_AREA]\"\n                   data-protection=\"full\"><\/p>\n<p>            <button name=\"submit\" type=\"submit\" class=\"passster-submit\" data-psid=\"ps-925\" \n                    data-submit=\"...Checking Password\" data-redirect=\"\">Felold\u00e1s<br \/>\n            <\/button><\/p>\n<div class=\"passster-error\"><\/div>\n<\/fieldset><\/form>\n<\/div>\n","protected":false},"author":1,"featured_media":0,"parent":0,"menu_order":0,"comment_status":"closed","ping_status":"open","template":"","meta":{"passster_activate_protection":true,"passster_protect_child_pages":"","passster_protection_type":"password","passster_password":"imakozosseg2022","passster_activate_overwrite_defaults":"","passster_headline":"","passster_instruction":"","passster_placeholder":"","passster_button":"","passster_id":"","passster_activate_misc_settings":"","passster_redirect_url":"","passster_hide":"no","passster_area_shortcode":"[passster password=\"imakozosseg2022\" area=\"1265\"]","footnotes":""},"class_list":["post-1265","page","type-page","status-publish","hentry"],"_links":{"self":[{"href":"https:\/\/episzunago.com\/index.php?rest_route=\/wp\/v2\/pages\/1265","targetHints":{"allow":["GET"]}}],"collection":[{"href":"https:\/\/episzunago.com\/index.php?rest_route=\/wp\/v2\/pages"}],"about":[{"href":"https:\/\/episzunago.com\/index.php?rest_route=\/wp\/v2\/types\/page"}],"author":[{"embeddable":true,"href":"https:\/\/episzunago.com\/index.php?rest_route=\/wp\/v2\/users\/1"}],"replies":[{"embeddable":true,"href":"https:\/\/episzunago.com\/index.php?rest_route=%2Fwp%2Fv2%2Fcomments&post=1265"}],"version-history":[{"count":10,"href":"https:\/\/episzunago.com\/index.php?rest_route=\/wp\/v2\/pages\/1265\/revisions"}],"predecessor-version":[{"id":3056,"href":"https:\/\/episzunago.com\/index.php?rest_route=\/wp\/v2\/pages\/1265\/revisions\/3056"}],"wp:attachment":[{"href":"https:\/\/episzunago.com\/index.php?rest_route=%2Fwp%2Fv2%2Fmedia&parent=1265"}],"curies":[{"name":"wp","href":"https:\/\/api.w.org\/{rel}","templated":true}]}}