{"id":1476,"date":"2022-09-27T11:26:20","date_gmt":"2022-09-27T11:26:20","guid":{"rendered":"https:\/\/episzunago.com\/?page_id=1476"},"modified":"2022-10-26T16:17:36","modified_gmt":"2022-10-26T16:17:36","slug":"xi-hitmelyito-evangelizacio","status":"publish","type":"page","link":"https:\/\/episzunago.com\/?page_id=1476","title":{"rendered":"IX. HITM\u00c9LY\u00cdT\u0150 EVANGELIZ\u00c1CI\u00d3:"},"content":{"rendered":"\n<p><strong>IX. HITM\u00c9LY\u00cdT\u0150 EVANGELIZ\u00c1CI\u00d3<\/strong><\/p>\n\n\n\n<p><strong>OKKULTIZMUS<\/strong><\/p>\n\n\n\n<p class=\"has-text-align-center\"><\/p>\n\n\n<div class=\"wp-block-image\">\n<figure class=\"aligncenter size-large\"><img fetchpriority=\"high\" decoding=\"async\" width=\"762\" height=\"1080\" src=\"https:\/\/episzunago.com\/wp-content\/uploads\/2022\/09\/hatarokon-ativelo-imakozosseg-szeptember-2022bcc-762x1080.jpg\" alt=\"\" class=\"wp-image-1352\" srcset=\"https:\/\/episzunago.com\/wp-content\/uploads\/2022\/09\/hatarokon-ativelo-imakozosseg-szeptember-2022bcc-762x1080.jpg 762w, https:\/\/episzunago.com\/wp-content\/uploads\/2022\/09\/hatarokon-ativelo-imakozosseg-szeptember-2022bcc-212x300.jpg 212w, https:\/\/episzunago.com\/wp-content\/uploads\/2022\/09\/hatarokon-ativelo-imakozosseg-szeptember-2022bcc-768x1089.jpg 768w, https:\/\/episzunago.com\/wp-content\/uploads\/2022\/09\/hatarokon-ativelo-imakozosseg-szeptember-2022bcc-1083x1536.jpg 1083w, https:\/\/episzunago.com\/wp-content\/uploads\/2022\/09\/hatarokon-ativelo-imakozosseg-szeptember-2022bcc-1445x2048.jpg 1445w, https:\/\/episzunago.com\/wp-content\/uploads\/2022\/09\/hatarokon-ativelo-imakozosseg-szeptember-2022bcc-scaled.jpg 1806w\" sizes=\"(max-width: 762px) 100vw, 762px\" \/><\/figure>\n<\/div>\n\n\n<p> &#8212;-<\/p>\n\n\n\n<p><strong>SZEPTEMBER 27. &#8211; V\u00e9gh Tam\u00e1s: OKKULTIZMUS, MEGK\u00d6T\u00d6Z\u00d6TTS\u00c9GEK, SZABADUL\u00c1S<\/strong><\/p>\n\n\n\n<div id=\"EV9-1\"><\/div>\n\n\n\n<figure class=\"wp-block-embed is-type-video is-provider-youtube wp-block-embed-youtube wp-embed-aspect-16-9 wp-has-aspect-ratio\"><div class=\"wp-block-embed__wrapper\">\n<iframe title=\"OKKULTIZMUS (3\/1.) V\u00e9gh Tam\u00e1s: OKKULTIZMUS, MEGK\u00d6T\u00d6Z\u00d6TTS\u00c9GEK, SZABADUL\u00c1S\" width=\"960\" height=\"540\" src=\"https:\/\/www.youtube.com\/embed\/RVP02UkY6XU?feature=oembed\" frameborder=\"0\" allow=\"accelerometer; autoplay; clipboard-write; encrypted-media; gyroscope; picture-in-picture; web-share\" allowfullscreen><\/iframe>\n<\/div><\/figure>\n\n\n\n<p><a href=\"https:\/\/episzunago.com\/wp-content\/uploads\/2022\/09\/Vegh-Tamas-OKKULTIZMUS-MEGKOTOZOTTSEGEK-SZABADULAS-2022.09.27.mp3\" target=\"_blank\" rel=\"noreferrer noopener\">MP3 let\u00f6lt\u00e9s<\/a><\/p>\n\n\n\n<p><a rel=\"noreferrer noopener\" href=\"https:\/\/episzunago.com\/wp-content\/uploads\/2022\/10\/Evangelizacio_2022.09.27_Okkultizmus_Vegh_Tamas_3_1.pdf\" target=\"_blank\">PDF let\u00f6lt\u00e9s<\/a><\/p>\n\n\n\n<p> &#8212;-<\/p>\n\n\n\n<p><strong>SZEPTEMBER 28. &#8211; Sebesty\u00e9n Julianna: A MEGK\u00d6T\u00d6Z\u00d6TTS\u00c9GEKB\u0150L T\u00d6RT\u00c9N\u0150 SZABADUL\u00c1S<\/strong><\/p>\n\n\n\n<div id=\"EV9-2\"><\/div>\n\n\n\n<figure class=\"wp-block-embed is-type-video is-provider-youtube wp-block-embed-youtube wp-embed-aspect-16-9 wp-has-aspect-ratio\"><div class=\"wp-block-embed__wrapper\">\n<iframe title=\"OKKULTIZMUS (3\/2.) Sebesty\u00e9n Julianna: A MEGK\u00d6T\u00d6Z\u00d6TTS\u00c9GEKB\u0150L T\u00d6RT\u00c9N\u0150 SZABADUL\u00c1S\" width=\"960\" height=\"540\" src=\"https:\/\/www.youtube.com\/embed\/XEwuWu_zsZk?feature=oembed\" frameborder=\"0\" allow=\"accelerometer; autoplay; clipboard-write; encrypted-media; gyroscope; picture-in-picture; web-share\" allowfullscreen><\/iframe>\n<\/div><\/figure>\n\n\n\n<p><a href=\"https:\/\/episzunago.com\/wp-content\/uploads\/2022\/09\/Sebestyen-Julianna-A-MEGKOTOZOTTSEGEKBOL-TORTENO-SZABADULAS-2022.09.28.mp3\" target=\"_blank\" rel=\"noreferrer noopener\">MP3 let\u00f6lt\u00e9s<\/a><\/p>\n\n\n\n<p><a rel=\"noreferrer noopener\" href=\"https:\/\/episzunago.com\/wp-content\/uploads\/2022\/10\/Evangelizacio_2022.09.28_Okkultizmus_Sebestyen_Julianna_3_2.pdf\" target=\"_blank\">PDF let\u00f6lt\u00e9s<\/a><\/p>\n\n\n\n<p> &#8212;-<\/p>\n\n\n\n<p><strong>SZEPTEMBER 29. &#8211; Varga R\u00f3bert: K\u00d6TEL\u00c9K \u00c9S SZABADUL\u00c1S<\/strong><\/p>\n\n\n\n<div id=\"EV9-3\"><\/div>\n\n\n\n<figure class=\"wp-block-embed is-type-video is-provider-youtube wp-block-embed-youtube wp-embed-aspect-16-9 wp-has-aspect-ratio\"><div class=\"wp-block-embed__wrapper\">\n<iframe title=\"OKKULTIZMUS (3\/3.) Varga R\u00f3bert: K\u00d6TEL\u00c9K \u00c9S SZABADUL\u00c1S\" width=\"960\" height=\"540\" src=\"https:\/\/www.youtube.com\/embed\/2jjT3A5TC1I?feature=oembed\" frameborder=\"0\" allow=\"accelerometer; autoplay; clipboard-write; encrypted-media; gyroscope; picture-in-picture; web-share\" allowfullscreen><\/iframe>\n<\/div><\/figure>\n\n\n\n<p><a rel=\"noreferrer noopener\" href=\"https:\/\/episzunago.com\/wp-content\/uploads\/2022\/09\/Varga-Robert-KOTELEK-ES-SZABADULAS-2022.09.29.mp3\" target=\"_blank\">MP3 let\u00f6lt\u00e9s<\/a><\/p>\n\n\n\n<p><a rel=\"noreferrer noopener\" href=\"https:\/\/episzunago.com\/wp-content\/uploads\/2022\/10\/Evangelizacio_2022.09.29_Okkultizmus_Varga_Robert_3_3.pdf\" target=\"_blank\">PDF let\u00f6lt\u00e9s<\/a><\/p>\n","protected":false},"excerpt":{"rendered":"<p>IX. HITM\u00c9LY\u00cdT\u0150 EVANGELIZ\u00c1CI\u00d3 OKKULTIZMUS &#8212;- SZEPTEMBER 27. &#8211; V\u00e9gh Tam\u00e1s: OKKULTIZMUS, MEGK\u00d6T\u00d6Z\u00d6TTS\u00c9GEK, SZABADUL\u00c1S MP3 let\u00f6lt\u00e9s PDF let\u00f6lt\u00e9s &#8212;- SZEPTEMBER 28. &#8211; Sebesty\u00e9n Julianna: A MEGK\u00d6T\u00d6Z\u00d6TTS\u00c9GEKB\u0150L T\u00d6RT\u00c9N\u0150 SZABADUL\u00c1S MP3 let\u00f6lt\u00e9s PDF let\u00f6lt\u00e9s &#8212;- SZEPTEMBER 29. &#8211; Varga R\u00f3bert: K\u00d6TEL\u00c9K \u00c9S SZABADUL\u00c1S MP3 let\u00f6lt\u00e9s PDF let\u00f6lt\u00e9s<\/p>\n","protected":false},"author":1,"featured_media":0,"parent":30,"menu_order":0,"comment_status":"closed","ping_status":"open","template":"","meta":{"passster_activate_protection":false,"passster_protect_child_pages":"","passster_protection_type":"password","passster_password":"","passster_activate_overwrite_defaults":"","passster_headline":"","passster_instruction":"","passster_placeholder":"","passster_button":"","passster_id":"","passster_activate_misc_settings":"","passster_redirect_url":"","passster_hide":"no","passster_area_shortcode":"","footnotes":""},"class_list":["post-1476","page","type-page","status-publish","hentry"],"_links":{"self":[{"href":"https:\/\/episzunago.com\/index.php?rest_route=\/wp\/v2\/pages\/1476","targetHints":{"allow":["GET"]}}],"collection":[{"href":"https:\/\/episzunago.com\/index.php?rest_route=\/wp\/v2\/pages"}],"about":[{"href":"https:\/\/episzunago.com\/index.php?rest_route=\/wp\/v2\/types\/page"}],"author":[{"embeddable":true,"href":"https:\/\/episzunago.com\/index.php?rest_route=\/wp\/v2\/users\/1"}],"replies":[{"embeddable":true,"href":"https:\/\/episzunago.com\/index.php?rest_route=%2Fwp%2Fv2%2Fcomments&post=1476"}],"version-history":[{"count":19,"href":"https:\/\/episzunago.com\/index.php?rest_route=\/wp\/v2\/pages\/1476\/revisions"}],"predecessor-version":[{"id":3236,"href":"https:\/\/episzunago.com\/index.php?rest_route=\/wp\/v2\/pages\/1476\/revisions\/3236"}],"up":[{"embeddable":true,"href":"https:\/\/episzunago.com\/index.php?rest_route=\/wp\/v2\/pages\/30"}],"wp:attachment":[{"href":"https:\/\/episzunago.com\/index.php?rest_route=%2Fwp%2Fv2%2Fmedia&parent=1476"}],"curies":[{"name":"wp","href":"https:\/\/api.w.org\/{rel}","templated":true}]}}