{"id":201,"date":"2022-07-04T19:30:51","date_gmt":"2022-07-04T19:30:51","guid":{"rendered":"https:\/\/episzunago.com\/?page_id=201"},"modified":"2022-07-10T12:21:54","modified_gmt":"2022-07-10T12:21:54","slug":"kuldetes","status":"publish","type":"page","link":"https:\/\/episzunago.com\/?page_id=201","title":{"rendered":"K\u00fcldet\u00e9s"},"content":{"rendered":"<p><strong>KEZDETI L\u00c9P\u00c9SEK:<\/strong><\/p>\n<p style=\"text-align: justify;\"><span style=\"font-weight: 400;\">A H\u00c1IHA \u00e9let\u00e9ben meghat\u00e1roz\u00f3 \u2013 mint ahogy nagyon sokunk egy\u00e9ni \u00e9let\u00e9ben is, vagy \u00e9ppen egy k\u00f6z\u00f6ss\u00e9g \u00e9let\u00e9ben: visszatekinteni, hogy ker\u00fcltek lefektet\u00e9sre az alapok.<\/span><\/p>\n<p><strong>EL\u0150K\u00c9P A SK\u00d3CIAI TESTV\u00c9REKKEL:<\/strong><\/p>\n<p style=\"text-align: justify;\"><span style=\"font-weight: 400;\">2020-at \u00edrunk, amikor Szab\u00f3 Csaba 7 \u00e9vnyi csendess\u00e9g \u00e9s im\u00e1dkoz\u00e1s ut\u00e1n egy \u00e9l\u0151 gy\u00fclekezetre tal\u00e1lt, m\u00e9gpedig a sk\u00f3ciai magyarok gy\u00fclekezet\u00e9re (online form\u00e1ban). Akkor kezdt\u00fck a Covidot, teh\u00e1t mivel m\u00e1sik szigeten vannak (nem az \u00edr szigeten), \u00e9s covid volt: konferenciabesz\u00e9lget\u00e9seken j\u00f6tt\u00fcnk \u00f6ssze heti 3 alkalommal. Rendk\u00edv\u00fcl h\u00e1l\u00e1s voltam az \u00darnak \u2013 kimondhatatlan aj\u00e1nd\u00e9knak tekintettem, \u00e9s tekintem \u0151ket. Telt, s m\u00falt az id\u0151, amikor felvetettem, hogy a covid miatt k\u00e9sz\u00edts\u00fcnk h\u00fasv\u00e9ti \u00e9s p\u00fcnk\u00f6sdi online \u2013 el\u0151re felvett istentiszteletet, megdolgozom, \u00e9s sz\u00e9p form\u00e1ban k\u00f6zz\u00e9teszem. A sk\u00f3ciai magyar lelkip\u00e1sztor m\u00e9g megtoldotta azzal is, hogy tartott a p\u00fcnk\u00f6sdi el\u0151k\u00e9sz\u00edt\u0151k\u00e9nt egy 3-as evang\u00e9liz\u00e1ci\u00f3t: ugyan\u00edgy el\u0151re felvett, online alkalomk\u00e9nt, amit k\u00f6zreadtunk.<\/span><\/p>\n<p style=\"text-align: justify;\">\n<p style=\"text-align: justify;\"><span style=\"font-weight: 400;\">Innen indult el \u201eminden\u201d: 10 m\u00e9terrel \u00e9reztem magam a f\u00f6ld felett, hogy nemcsak hogy kaptam \u00e9l\u0151 testv\u00e9reket, \u00e9l\u0151 gy\u00fclekezetet, de m\u00e9g tehetek is valamit, dolgozhatok is valamit \u2013 nemcsak egyh\u00e1zzen\u00e9szk\u00e9nt, hanem ilyen form\u00e1ban is az \u00darnak. Rendk\u00edv\u00fcl neh\u00e9z volt visszamenni a dolgos h\u00e9tk\u00f6znapokba, \u00e9s m\u00e1r sz\u0151ttem a terveket, hogy ezt \u00edgy meg \u00fagy folytatjuk, m\u00e1r megvolt a fejemben minden\u2026<\/span><\/p>\n<p style=\"text-align: justify;\">\n<p style=\"text-align: justify;\"><span style=\"font-weight: 400;\">\u00c9s ott a csendess\u00e9gemben el\u0151j\u00f6tt, hogy \u201e<em>nem Csaba, nem, addig nem csin\u00e1lsz semmit, am\u00edg az \u00dar nem k\u00fcld\u2026<\/em>\u201d A megd\u00f6bben\u00e9s csontig hatolt, minden lelkesed\u00e9s \u00e1tv\u00e1ltozott csendd\u00e9, megad\u00e1ss\u00e1 az \u00dar el\u0151tt: Uram, \u00e9n annyiszor cselekedtem m\u00e1r a saj\u00e1t szak\u00e1llamra, annyiszor d\u00f6nt\u00f6ttem n\u00e9lk\u00fcled, annyiszor el\u0151zte meg az im\u00e1ds\u00e1got az \u201e\u00e9n\u201d tervem &#8211; megt\u00e9retlen \u00e1llapotomban. Nem, most nemet mondok magamnak. Uram, ha te nem k\u00fcldesz, tapodtat sem fogok mozdulni. Ez m\u00e1jusban volt 2020-ban.<\/span><\/p>\n<p><strong>K\u00dcLD\u00c9S \u2013 K\u00dcLDET\u00c9S:<\/strong><\/p>\n<p style=\"text-align: justify;\"><span style=\"font-weight: 400;\">Nehezen, de vissza\u00e1lltam a dolgos h\u00e9tk\u00f6znapokra, \u00e9s abban az \u00e9vben j\u00falius v\u00e9g\u00e9n \u00e9s augusztus elej\u00e9n 3x sz\u00f3lt az \u00dar, 3x eleven\u00edtette meg az \u00dar el\u0151ttem a k\u00fcldet\u00e9semet. El\u0151sz\u00f6r azt gondoltam, hogy csak beleolvasom a v\u00e1gyaimat (projekci\u00f3), nem is az aminek gondolom. De, nem hagyott az \u00dar. Megint megkaptam ugyanazt az Ig\u00e9t. Akkor m\u00e1r nehezedett a s\u00faly a lelkemen, de akkor m\u00e9g mindig \u201enem fogtam fel\u201d. Augusztus elej\u00e9n harmadszor is ugyanazt az Ig\u00e9t eleven\u00edtette meg el\u0151ttem. Nos, akkor adtam csak meg magam. A k\u00fcldet\u00e9si ig\u00e9m ez volt: <\/span><\/p>\n<p style=\"text-align: justify;\"><strong><img fetchpriority=\"high\" decoding=\"async\" class=\"\" src=\"https:\/\/episzunago.com\/wp-content\/uploads\/2022\/07\/Episzunago_web_bemutatkozas_Rm613_2.png\" alt=\"\" width=\"548\" height=\"459\" \/><\/strong><\/p>\n<p style=\"text-align: justify;\"><span style=\"font-weight: 400;\">Ezt k\u00f6vet\u0151en egy szisztematikus felk\u00e9sz\u00fcl\u00e9s kezd\u0151d\u00f6tt, amiben felm\u00e9rtem, hogy itt \u00c9szak-\u00cdrorsz\u00e1gban mennyi magyar lehet, hogyan tudom az Urat szolg\u00e1lni, mit tudok tenni. \u00c9rdekl\u0151dtem, adatokat gy\u0171jt\u00f6ttem, sz\u00e9tn\u00e9ztem, besz\u00e9lgettem az \u00darral err\u0151l tov\u00e1bbra is. Covid id\u0151szak volt m\u00e9g kem\u00e9nyen, teh\u00e1t minden alkalmat szinte csak online lehetett megtartani. K\u00e9sz\u00fclt\u00fcnk okt\u00f3ber 31-re, november 1-re, adventre, kar\u00e1csonyra online istentiszteletek k\u00f6zread\u00e1s\u00e1val. S k\u00f6zben a sk\u00f3ciai magyarokkal mentek a heti 3-as alkalmak.<\/span><\/p>\n<p><strong>TISZT\u00c1Z\u00c1S \u00c9S A K\u00dcLDET\u00c9S SPECI\u00c1LISS\u00c1 T\u00c9TELE:<\/strong><\/p>\n<p style=\"text-align: justify;\"><span style=\"font-weight: 400;\">2020 \u00e9v \u0151sz\u00e9n sz\u00e1momra nem volt tiszta, ez\u00e9rt azon ter\u00fcleten besz\u00e9lgettem az \u00darral, hogy mire sz\u00f3l Uram az elh\u00edv\u00e1sod? \u00c9szak-\u00cdrorsz\u00e1gban fizikai reform\u00e1tus gy\u00fclekezet alap\u00edt\u00e1s\u00e1ra, vagy online t\u00e9rben szervezni, szerkeszteni, stb. A v\u00e1lasszal majd\u2019 9 h\u00f3napot v\u00e1ratott az \u00dar. Milyen sokatmond\u00f3 ez a 9 h\u00f3nap, igaz?&#8230;<\/span><\/p>\n<p style=\"text-align: justify;\">\n<p style=\"text-align: justify;\"><span style=\"font-weight: 400;\">K\u00f6zben 2020 okt\u00f3ber\u00e9t\u0151l a k\u00fcldet\u00e9snek engedelmeskedve arr\u00f3l is besz\u00e9lgettem az \u00darral, hogy ki legyen a szem\u00e9ly, aki online evang\u00e9liz\u00e1ci\u00f3t fog tartani nek\u00fcnk, \u00e9s a k\u00e9rd\u00e9s \u00f6sszekapcsol\u00f3dik, hogy de kinek \u201enek\u00fcnk\u201d: az \u00e9szak\u00edr magyaroknak, vagy a sk\u00f3ciaiaknak, vagy mindkett\u0151nek??? Az \u00dar B\u00f3dis Mikl\u00f3st hozta el\u00e9m. Az evang\u00e9liz\u00e1tor szem\u00e9ly\u00e9\u00e9rt okt\u00f3bert\u0151l janu\u00e1rig im\u00e1dkoztam (2020-2021): m\u00edg megkaptam ezt, hogy B\u00d3DIS MIKL\u00d3S.<\/span><\/p>\n<p style=\"text-align: justify;\"><span style=\"font-weight: 400;\">2021 m\u00e1jus\u00e1ban az \u00dar azt is tiszt\u00e1zta velem, hogy mire sz\u00f3l a k\u00fcldet\u00e9se, hogy \u00e9szak\u00edr fizikai magyar reform\u00e1tus gy\u00fclekezet alap\u00edt\u00e1s\u00e1ra vagy nem: az volt a v\u00e1lasza, hogy amire nem adok z\u00f6ld utat, oda ne menj! Erre pedig konkr\u00e9t k\u00fcld\u00e9st nem kaptam, hogy \u00e9szak\u00edr fizikai magyar reform\u00e1tus gy\u00fclekezet alap\u00edt\u00e1sa, pedig lenne mer\u00edt\u00e9s: nagy vonalban 8-12 ezer magyar ember \u00e9l \u00c9szak-\u00cdrorsz\u00e1gban (ter\u00fcletileg valamivel nagyobb, mint Borsod-Aba\u00faj Zempl\u00e9n megye). De meg\u00e9rtette az \u00dar velem, a k\u00fcldet\u00e9sem ir\u00e1ny\u00e1t, l\u00e9nyeg\u00e9t, mert mik\u00f6zben ezen volt a k\u00e9rd\u00e9sem, addig &#8211; az \u201eonline ajt\u00f3t\u201d elk\u00e9peszt\u0151 t\u00e1gra nyitotta, ha a zoom-os evang\u00e9liz\u00e1ci\u00f3kra gondolunk.<\/span><\/p>\n<p><strong>AZ \u00daR EL\u0150TT\u00dcNK J\u00c1R<\/strong><\/p>\n<p style=\"text-align: justify;\"><span style=\"font-weight: 400;\"><em>\u00c9s innent\u0151l kezd nagyon \u201eizgalmass\u00e1\u201d v\u00e1lni az \u00dar csod\u00e1latos \u00fatja<\/em>.<\/span><\/p>\n<p style=\"text-align: justify;\"><span style=\"font-weight: 400;\">Ezzel az Ig\u00e9vel kezdtem levelem B\u00f3dis Mikl\u00f3s testv\u00e9r\u00fcnknek 2021. Janu\u00e1rj\u00e1ban:<br \/>\n<\/span><\/p>\n<p style=\"text-align: justify;\"><img decoding=\"async\" class=\"\" src=\"https:\/\/episzunago.com\/wp-content\/uploads\/2022\/07\/Episzunago_web_bemutatkozasMt2337b_1.png\" alt=\"\" width=\"533\" height=\"446\" \/><\/p>\n<p style=\"text-align: justify;\"><span style=\"font-weight: 400;\">B\u00f3dis Mikl\u00f3s lelkip\u00e1sztor \u00far enged\u00e9ly\u00e9vel id\u00e9zek egy r\u00e9szt az els\u0151 level\u00e9nek v\u00e1lasz\u00e1b\u00f3l:<\/span><\/p>\n<blockquote>\n<p style=\"text-align: justify;\"><em><span style=\"font-weight: 400;\">&#8222;H\u00e1t, csak csod\u00e1lkozom Isten vezet\u00e9s\u00e9n. Ma reggel, amikor felkeltem azt olvastam az Ig\u00e9ben: \u201e<strong>\u00d6sszegy\u0171jt\u00f6m ny\u00e1jam marad\u00e9k\u00e1t minden orsz\u00e1gb\u00f3l (&#8230;.) \u00e9s visszahozom \u0151ket legel\u0151j\u00fckre, ahol szaporodni \u00e9s sokasodni fognak.<\/strong>\u201d (Jer.23,3)! \u00c9s a magyar\u00e1zatban ezt olvastam : \u201eAki nem tud csod\u00e1lkozni Isten \u00fatj\u00e1n az megsz\u0171nt m\u00e1r h\u00edv\u0151nek lenni!\u201d <\/span><\/em><em><span style=\"font-weight: 400;\">Reggel m\u00e9g nem \u00e9rtettem az Ig\u00e9t, erre j\u00f6n a lev\u00e9l \u2013 most m\u00e1r \u00e9rtem! Ez a dolog Istent\u0151l van, t\u0151le van a vezet\u00e9s \u00e9s t\u0151le fog j\u00f6nni a seg\u00edts\u00e9g is!&#8221;\u00a0<\/span><\/em><\/p>\n<\/blockquote>\n<p style=\"text-align: justify;\"><span style=\"font-weight: 400;\">Erre a lev\u00e9lre nem voltam felk\u00e9sz\u00fclve, t\u00f6bbsz\u00f6r \u00e1tolvastam, \u00e9s csak \u00f6ml\u00f6ttek a k\u00f6nnyeim, ahogy az \u00dar el\u0151ttem j\u00e1rt\/j\u00e1r. Igen, ez\u00e9rt volt fontos v\u00e1rni. Nem a magam \u201e\u00e9nje\u201d ut\u00e1n menni. Nem a magam terveit csin\u00e1lni, s azt\u00e1n k\u00e9rni Isten \u00e1ld\u00e1s\u00e1t. Hanem a terveket el\u0151zze meg im\u00e1ds\u00e1g, imaharc.<\/span><\/p>\n<p style=\"text-align: justify;\">\n<p style=\"text-align: justify;\"><span style=\"font-weight: 400;\">Megszervezt\u00fck a H\u00c1IHA <strong>els\u0151<\/strong>, 2021. febru\u00e1ri B\u00f3dis Mikl\u00f3s evang\u00e9liz\u00e1ci\u00f3t. \u00c9s a szervez\u00e9s ideje alatt Mikl\u00f3s testv\u00e9rem azt k\u00e9rte, hogy ZOOM-on legyen az evang\u00e9liz\u00e1ci\u00f3: k\u00e9rdeztem T\u0151le, hogy azt eszik vagy issz\u00e1k?!&#8230; Nem volt hajland\u00f3 el\u0151re felvett igehirdet\u00e9st csin\u00e1lni, ismerkedjek meg ezzel. OK. Volt r\u00e1 1,5-2 napom, semmi gond. Az meg az \u00e9n k\u00e9r\u00e9sem volt, hogy evang\u00e9liz\u00e1ci\u00f3 el\u0151tt 3 este imak\u00f6z\u00f6ss\u00e9g: en\u00e9lk\u00fcl nem m\u0171k\u00f6dik az evang\u00e9liz\u00e1ci\u00f3\u2026 \u00d6r\u00fclt a k\u00e9r\u00e9semnek.<\/span><\/p>\n<p style=\"text-align: justify;\">\n<p style=\"text-align: justify;\"><span style=\"font-weight: 400;\">Fesz\u00fclts\u00e9g volt bennem kicsinyhit\u0171s\u00e9gem miatt, hogy Uram rendben, hogy ezt az evang\u00e9liz\u00e1ci\u00f3t megszervezhetem, de Uram, \u201eelj\u00f6n\u201d egy evang\u00e9liz\u00e1tor, \u00e9s nem lesz\u00fcnk 10 k\u00e9sz\u00fcl\u00e9kr\u0151l sem \u2013 mekkora sz\u00e9gyen m\u00e1r???&#8230; Arra az evang\u00e9liz\u00e1ci\u00f3ra 267-312 k\u00e9sz\u00fcl\u00e9kr\u0151l jelentkeztek fel 17 orsz\u00e1g magyarjai\u2026 \u00c9s \u00c9szak-\u00cdrorsz\u00e1gb\u00f3l rajtam k\u00edv\u00fcl m\u00e9g 1 f\u0151. Teh\u00e1t \u00e9szak\u00edr evang\u00e9liz\u00e1ci\u00f3, \u00e9s a rengeteg feljelentkez\u00e9sb\u0151l 2 f\u0151 \u00e9szak\u00edr.<\/span><\/p>\n<p style=\"text-align: justify;\"><em><span style=\"font-weight: 400;\">[az\u00e9rt \u00edrok feljelentkez\u0151 k\u00e9sz\u00fcl\u00e9ket, mert akik feljelentkeznek: az adott k\u00e9sz\u00fcl\u00e9k m\u00f6g\u00f6tt sokszor nem csak 1 f\u0151 van, hanem csal\u00e1d, vagy t\u00f6bben, vagy gy\u00fclekezet]<\/span><\/em><\/p>\n<p><strong>AD MUNK\u00c1SOKAT AZ \u00daR<\/strong><\/p>\n<p style=\"text-align: justify;\"><span style=\"font-weight: 400;\">Ahogy haladtunk a szervez\u00e9sekkel, evang\u00e9liz\u00e1ci\u00f3kkal, imak\u00f6z\u00f6ss\u00e9gekkel, hitm\u00e9ly\u00edt\u0151 evang\u00e9liz\u00e1ci\u00f3kkal: folyamatosan azt tapasztaltuk, hogy az \u00dar el\u0151tt\u00fcnk j\u00e1r, s amire sz\u00fcks\u00e9g\u00fcnk van, ahhoz ad munk\u00e1sokat. Ezt meg\u00e9lni, ezt \u00e1t\u00e9lni, valami olyan k\u00fcl\u00f6nleges aj\u00e1nd\u00e9k, megtapasztalni, hogy NEM az emberi szervez\u00e9s \u201eterm\u00e9ke\u201d mindez, hanem az \u00dar h\u00edvta \u00e9letre. Tartja. M\u0171k\u00f6dteti. Nem emberi \u00fcgyess\u00e9g, szervez\u00e9s.<\/span><\/p>\n<p style=\"text-align: justify;\"><span style=\"font-weight: 400;\">H\u00e1laad\u00e1s az \u00darnak ez\u00e9rt a m\u00f6g\u00f6tt\u00fcnk l\u00e9v\u0151 1,5 \u00e9v\u00e9rt.<\/span><\/p>\n<p style=\"text-align: justify;\"><strong>H\u00e1laad\u00e1s, dics\u00e9ret, dics\u0151s\u00e9g egyed\u00fcl az \u00darnak, a Krisztusnak, a Megv\u00e1lt\u00f3nknak, a Szabad\u00edt\u00f3nknak.<\/strong><\/p>\n<p><span style=\"font-weight: 400;\">Szab\u00f3 Csaba<\/span><\/p>\n<p><span style=\"font-weight: 400;\">2022.07.05<\/span><\/p>\n","protected":false},"excerpt":{"rendered":"<p>KEZDETI L\u00c9P\u00c9SEK: A H\u00c1IHA \u00e9let\u00e9ben meghat\u00e1roz\u00f3 \u2013 mint ahogy nagyon sokunk egy\u00e9ni \u00e9let\u00e9ben is, vagy \u00e9ppen egy k\u00f6z\u00f6ss\u00e9g \u00e9let\u00e9ben: visszatekinteni, hogy ker\u00fcltek lefektet\u00e9sre az alapok. EL\u0150K\u00c9P A SK\u00d3CIAI TESTV\u00c9REKKEL: 2020-at \u00edrunk, amikor Szab\u00f3 Csaba 7 \u00e9vnyi csendess\u00e9g \u00e9s im\u00e1dkoz\u00e1s ut\u00e1n egy \u00e9l\u0151 gy\u00fclekezetre tal\u00e1lt, m\u00e9gpedig a sk\u00f3ciai magyarok gy\u00fclekezet\u00e9re (online form\u00e1ban). Akkor kezdt\u00fck a Covidot, teh\u00e1t mivel m\u00e1sik szigeten vannak (nem az \u00edr szigeten), \u00e9s covid volt: konferenciabesz\u00e9lget\u00e9seken j\u00f6tt\u00fcnk \u00f6ssze heti 3 alkalommal. Rendk\u00edv\u00fcl h\u00e1l\u00e1s voltam az \u00darnak \u2013 kimondhatatlan aj\u00e1nd\u00e9knak tekintettem, \u00e9s tekintem \u0151ket. Telt, s m\u00falt az id\u0151, amikor felvetettem, hogy a covid miatt k\u00e9sz\u00edts\u00fcnk h\u00fasv\u00e9ti \u00e9s p\u00fcnk\u00f6sdi online \u2013 el\u0151re felvett istentiszteletet, megdolgozom, \u00e9s sz\u00e9p form\u00e1ban k\u00f6zz\u00e9teszem. A sk\u00f3ciai magyar lelkip\u00e1sztor m\u00e9g megtoldotta azzal is, hogy tartott a p\u00fcnk\u00f6sdi el\u0151k\u00e9sz\u00edt\u0151k\u00e9nt egy 3-as evang\u00e9liz\u00e1ci\u00f3t: ugyan\u00edgy el\u0151re felvett, online alkalomk\u00e9nt, amit k\u00f6zreadtunk. Innen indult el \u201eminden\u201d: 10 m\u00e9terrel \u00e9reztem magam a f\u00f6ld felett, hogy nemcsak hogy kaptam \u00e9l\u0151 testv\u00e9reket, \u00e9l\u0151 gy\u00fclekezetet, de m\u00e9g tehetek is valamit, dolgozhatok is valamit \u2013 nemcsak egyh\u00e1zzen\u00e9szk\u00e9nt, hanem ilyen form\u00e1ban is az \u00darnak. Rendk\u00edv\u00fcl neh\u00e9z volt visszamenni a dolgos h\u00e9tk\u00f6znapokba, \u00e9s m\u00e1r sz\u0151ttem a terveket, hogy ezt \u00edgy meg \u00fagy folytatjuk, m\u00e1r megvolt a fejemben minden\u2026 \u00c9s ott a csendess\u00e9gemben el\u0151j\u00f6tt, hogy \u201enem Csaba, nem, addig nem csin\u00e1lsz semmit, am\u00edg az \u00dar nem k\u00fcld\u2026\u201d A megd\u00f6bben\u00e9s csontig hatolt, minden lelkesed\u00e9s \u00e1tv\u00e1ltozott csendd\u00e9, megad\u00e1ss\u00e1 az \u00dar el\u0151tt: Uram, \u00e9n annyiszor cselekedtem m\u00e1r a saj\u00e1t szak\u00e1llamra, annyiszor d\u00f6nt\u00f6ttem n\u00e9lk\u00fcled, annyiszor el\u0151zte meg az im\u00e1ds\u00e1got az \u201e\u00e9n\u201d tervem &#8211; megt\u00e9retlen \u00e1llapotomban. Nem, most nemet mondok magamnak. Uram, ha te nem k\u00fcldesz, tapodtat sem fogok mozdulni. Ez m\u00e1jusban volt 2020-ban. K\u00dcLD\u00c9S \u2013 K\u00dcLDET\u00c9S: Nehezen, de vissza\u00e1lltam a dolgos h\u00e9tk\u00f6znapokra, \u00e9s abban az \u00e9vben j\u00falius v\u00e9g\u00e9n \u00e9s augusztus elej\u00e9n 3x sz\u00f3lt az \u00dar, 3x eleven\u00edtette meg az \u00dar el\u0151ttem a k\u00fcldet\u00e9semet. El\u0151sz\u00f6r azt gondoltam, hogy csak beleolvasom a v\u00e1gyaimat (projekci\u00f3), nem is az aminek gondolom. De, nem hagyott az \u00dar. Megint megkaptam ugyanazt az Ig\u00e9t. Akkor m\u00e1r nehezedett a s\u00faly a lelkemen, de akkor m\u00e9g mindig \u201enem fogtam fel\u201d. Augusztus elej\u00e9n harmadszor is ugyanazt az Ig\u00e9t eleven\u00edtette meg el\u0151ttem. Nos, akkor adtam csak meg magam. A k\u00fcldet\u00e9si ig\u00e9m ez volt: Ezt k\u00f6vet\u0151en egy szisztematikus felk\u00e9sz\u00fcl\u00e9s kezd\u0151d\u00f6tt, amiben felm\u00e9rtem, hogy itt \u00c9szak-\u00cdrorsz\u00e1gban mennyi magyar lehet, hogyan tudom az Urat szolg\u00e1lni, mit tudok tenni. \u00c9rdekl\u0151dtem, adatokat gy\u0171jt\u00f6ttem, sz\u00e9tn\u00e9ztem, besz\u00e9lgettem az \u00darral err\u0151l tov\u00e1bbra is. Covid id\u0151szak volt m\u00e9g kem\u00e9nyen, teh\u00e1t minden alkalmat szinte csak online lehetett megtartani. K\u00e9sz\u00fclt\u00fcnk okt\u00f3ber 31-re, november 1-re, adventre, kar\u00e1csonyra online istentiszteletek k\u00f6zread\u00e1s\u00e1val. S k\u00f6zben a sk\u00f3ciai magyarokkal mentek a heti 3-as alkalmak. TISZT\u00c1Z\u00c1S \u00c9S A K\u00dcLDET\u00c9S SPECI\u00c1LISS\u00c1 T\u00c9TELE: 2020 \u00e9v \u0151sz\u00e9n sz\u00e1momra nem volt tiszta, ez\u00e9rt azon ter\u00fcleten besz\u00e9lgettem az \u00darral, hogy mire sz\u00f3l Uram az elh\u00edv\u00e1sod? \u00c9szak-\u00cdrorsz\u00e1gban fizikai reform\u00e1tus gy\u00fclekezet alap\u00edt\u00e1s\u00e1ra, vagy online t\u00e9rben szervezni, szerkeszteni, stb. A v\u00e1lasszal majd\u2019 9 h\u00f3napot v\u00e1ratott az \u00dar. Milyen sokatmond\u00f3 ez a 9 h\u00f3nap, igaz?&#8230; K\u00f6zben 2020 okt\u00f3ber\u00e9t\u0151l a k\u00fcldet\u00e9snek engedelmeskedve arr\u00f3l is besz\u00e9lgettem az \u00darral, hogy ki legyen a szem\u00e9ly, aki online evang\u00e9liz\u00e1ci\u00f3t fog tartani nek\u00fcnk, \u00e9s a k\u00e9rd\u00e9s \u00f6sszekapcsol\u00f3dik, hogy de kinek \u201enek\u00fcnk\u201d: az \u00e9szak\u00edr magyaroknak, vagy a sk\u00f3ciaiaknak, vagy mindkett\u0151nek??? Az \u00dar B\u00f3dis Mikl\u00f3st hozta el\u00e9m. Az evang\u00e9liz\u00e1tor szem\u00e9ly\u00e9\u00e9rt okt\u00f3bert\u0151l janu\u00e1rig im\u00e1dkoztam (2020-2021): m\u00edg megkaptam ezt, hogy B\u00d3DIS MIKL\u00d3S. 2021 m\u00e1jus\u00e1ban az \u00dar azt is tiszt\u00e1zta velem, hogy mire sz\u00f3l a k\u00fcldet\u00e9se, hogy \u00e9szak\u00edr fizikai magyar reform\u00e1tus gy\u00fclekezet alap\u00edt\u00e1s\u00e1ra vagy nem: az volt a v\u00e1lasza, hogy amire nem adok z\u00f6ld utat, oda ne menj! Erre pedig konkr\u00e9t k\u00fcld\u00e9st nem kaptam, hogy \u00e9szak\u00edr fizikai magyar reform\u00e1tus gy\u00fclekezet alap\u00edt\u00e1sa, pedig lenne mer\u00edt\u00e9s: nagy vonalban 8-12 ezer magyar ember \u00e9l \u00c9szak-\u00cdrorsz\u00e1gban (ter\u00fcletileg valamivel nagyobb, mint Borsod-Aba\u00faj Zempl\u00e9n megye). De meg\u00e9rtette az \u00dar velem, a k\u00fcldet\u00e9sem ir\u00e1ny\u00e1t, l\u00e9nyeg\u00e9t, mert mik\u00f6zben ezen volt a k\u00e9rd\u00e9sem, addig &#8211; az \u201eonline ajt\u00f3t\u201d elk\u00e9peszt\u0151 t\u00e1gra nyitotta, ha a zoom-os evang\u00e9liz\u00e1ci\u00f3kra gondolunk. AZ \u00daR EL\u0150TT\u00dcNK J\u00c1R \u00c9s innent\u0151l kezd nagyon \u201eizgalmass\u00e1\u201d v\u00e1lni az \u00dar csod\u00e1latos \u00fatja. Ezzel az Ig\u00e9vel kezdtem levelem B\u00f3dis Mikl\u00f3s testv\u00e9r\u00fcnknek 2021. Janu\u00e1rj\u00e1ban: B\u00f3dis Mikl\u00f3s lelkip\u00e1sztor \u00far enged\u00e9ly\u00e9vel id\u00e9zek egy r\u00e9szt az els\u0151 level\u00e9nek v\u00e1lasz\u00e1b\u00f3l: &#8222;H\u00e1t, csak csod\u00e1lkozom Isten vezet\u00e9s\u00e9n. Ma reggel, amikor felkeltem azt olvastam az Ig\u00e9ben: \u201e\u00d6sszegy\u0171jt\u00f6m ny\u00e1jam marad\u00e9k\u00e1t minden orsz\u00e1gb\u00f3l (&#8230;.) \u00e9s visszahozom \u0151ket legel\u0151j\u00fckre, ahol szaporodni \u00e9s sokasodni fognak.\u201d (Jer.23,3)! \u00c9s a magyar\u00e1zatban ezt olvastam : \u201eAki nem tud csod\u00e1lkozni Isten \u00fatj\u00e1n az megsz\u0171nt m\u00e1r h\u00edv\u0151nek lenni!\u201d Reggel m\u00e9g nem \u00e9rtettem az Ig\u00e9t, erre j\u00f6n a lev\u00e9l \u2013 most m\u00e1r \u00e9rtem! Ez a dolog Istent\u0151l van, t\u0151le van a vezet\u00e9s \u00e9s t\u0151le fog j\u00f6nni a seg\u00edts\u00e9g is!&#8221;\u00a0 Erre a lev\u00e9lre nem voltam felk\u00e9sz\u00fclve, t\u00f6bbsz\u00f6r \u00e1tolvastam, \u00e9s csak \u00f6ml\u00f6ttek a k\u00f6nnyeim, ahogy az \u00dar el\u0151ttem j\u00e1rt\/j\u00e1r. Igen, ez\u00e9rt volt fontos v\u00e1rni. Nem a magam \u201e\u00e9nje\u201d ut\u00e1n menni. Nem a magam terveit csin\u00e1lni, s azt\u00e1n k\u00e9rni Isten \u00e1ld\u00e1s\u00e1t. Hanem a terveket el\u0151zze meg im\u00e1ds\u00e1g, imaharc. Megszervezt\u00fck a H\u00c1IHA els\u0151, 2021. febru\u00e1ri B\u00f3dis Mikl\u00f3s evang\u00e9liz\u00e1ci\u00f3t. \u00c9s a szervez\u00e9s ideje alatt Mikl\u00f3s testv\u00e9rem azt k\u00e9rte, hogy ZOOM-on legyen az evang\u00e9liz\u00e1ci\u00f3: k\u00e9rdeztem T\u0151le, hogy azt eszik vagy issz\u00e1k?!&#8230; Nem volt hajland\u00f3 el\u0151re felvett igehirdet\u00e9st csin\u00e1lni, ismerkedjek meg ezzel. OK. Volt r\u00e1 1,5-2 napom, semmi gond. Az meg az \u00e9n k\u00e9r\u00e9sem volt, hogy evang\u00e9liz\u00e1ci\u00f3 el\u0151tt 3 este imak\u00f6z\u00f6ss\u00e9g: en\u00e9lk\u00fcl nem m\u0171k\u00f6dik az evang\u00e9liz\u00e1ci\u00f3\u2026 \u00d6r\u00fclt a k\u00e9r\u00e9semnek. Fesz\u00fclts\u00e9g volt bennem kicsinyhit\u0171s\u00e9gem miatt, hogy Uram rendben, hogy ezt az evang\u00e9liz\u00e1ci\u00f3t megszervezhetem, de Uram, \u201eelj\u00f6n\u201d egy evang\u00e9liz\u00e1tor, \u00e9s nem lesz\u00fcnk 10 k\u00e9sz\u00fcl\u00e9kr\u0151l sem \u2013 mekkora sz\u00e9gyen m\u00e1r???&#8230; Arra az evang\u00e9liz\u00e1ci\u00f3ra 267-312 k\u00e9sz\u00fcl\u00e9kr\u0151l jelentkeztek fel 17 orsz\u00e1g magyarjai\u2026 \u00c9s \u00c9szak-\u00cdrorsz\u00e1gb\u00f3l rajtam k\u00edv\u00fcl m\u00e9g 1 f\u0151. Teh\u00e1t \u00e9szak\u00edr evang\u00e9liz\u00e1ci\u00f3, \u00e9s a rengeteg feljelentkez\u00e9sb\u0151l 2 f\u0151 \u00e9szak\u00edr. [az\u00e9rt \u00edrok feljelentkez\u0151 k\u00e9sz\u00fcl\u00e9ket, mert akik feljelentkeznek: az adott k\u00e9sz\u00fcl\u00e9k m\u00f6g\u00f6tt sokszor nem csak 1 f\u0151 van, hanem csal\u00e1d, vagy t\u00f6bben, vagy gy\u00fclekezet] AD MUNK\u00c1SOKAT AZ \u00daR Ahogy haladtunk a szervez\u00e9sekkel, evang\u00e9liz\u00e1ci\u00f3kkal, imak\u00f6z\u00f6ss\u00e9gekkel, hitm\u00e9ly\u00edt\u0151 evang\u00e9liz\u00e1ci\u00f3kkal: folyamatosan azt tapasztaltuk, hogy az \u00dar el\u0151tt\u00fcnk j\u00e1r, s amire sz\u00fcks\u00e9g\u00fcnk van, ahhoz ad munk\u00e1sokat. Ezt meg\u00e9lni, ezt \u00e1t\u00e9lni, valami olyan k\u00fcl\u00f6nleges aj\u00e1nd\u00e9k, megtapasztalni, hogy NEM az emberi szervez\u00e9s \u201eterm\u00e9ke\u201d mindez, hanem az \u00dar h\u00edvta \u00e9letre. Tartja. M\u0171k\u00f6dteti. Nem emberi \u00fcgyess\u00e9g, szervez\u00e9s. H\u00e1laad\u00e1s az \u00darnak ez\u00e9rt a m\u00f6g\u00f6tt\u00fcnk l\u00e9v\u0151 1,5 \u00e9v\u00e9rt. H\u00e1laad\u00e1s, dics\u00e9ret, dics\u0151s\u00e9g egyed\u00fcl az \u00darnak, a Krisztusnak, a Megv\u00e1lt\u00f3nknak, a Szabad\u00edt\u00f3nknak. Szab\u00f3 Csaba 2022.07.05<\/p>\n","protected":false},"author":2,"featured_media":0,"parent":104,"menu_order":1,"comment_status":"closed","ping_status":"open","template":"","meta":{"passster_activate_protection":false,"passster_protect_child_pages":"","passster_protection_type":"password","passster_password":"","passster_activate_overwrite_defaults":"","passster_headline":"","passster_instruction":"","passster_placeholder":"","passster_button":"","passster_id":"","passster_activate_misc_settings":"","passster_redirect_url":"","passster_hide":"no","passster_area_shortcode":"","footnotes":""},"class_list":["post-201","page","type-page","status-publish","hentry"],"_links":{"self":[{"href":"https:\/\/episzunago.com\/index.php?rest_route=\/wp\/v2\/pages\/201","targetHints":{"allow":["GET"]}}],"collection":[{"href":"https:\/\/episzunago.com\/index.php?rest_route=\/wp\/v2\/pages"}],"about":[{"href":"https:\/\/episzunago.com\/index.php?rest_route=\/wp\/v2\/types\/page"}],"author":[{"embeddable":true,"href":"https:\/\/episzunago.com\/index.php?rest_route=\/wp\/v2\/users\/2"}],"replies":[{"embeddable":true,"href":"https:\/\/episzunago.com\/index.php?rest_route=%2Fwp%2Fv2%2Fcomments&post=201"}],"version-history":[{"count":10,"href":"https:\/\/episzunago.com\/index.php?rest_route=\/wp\/v2\/pages\/201\/revisions"}],"predecessor-version":[{"id":581,"href":"https:\/\/episzunago.com\/index.php?rest_route=\/wp\/v2\/pages\/201\/revisions\/581"}],"up":[{"embeddable":true,"href":"https:\/\/episzunago.com\/index.php?rest_route=\/wp\/v2\/pages\/104"}],"wp:attachment":[{"href":"https:\/\/episzunago.com\/index.php?rest_route=%2Fwp%2Fv2%2Fmedia&parent=201"}],"curies":[{"name":"wp","href":"https:\/\/api.w.org\/{rel}","templated":true}]}}