{"id":218,"date":"2022-07-04T19:47:26","date_gmt":"2022-07-04T19:47:26","guid":{"rendered":"https:\/\/episzunago.com\/?page_id=218"},"modified":"2023-09-11T09:27:06","modified_gmt":"2023-09-11T09:27:06","slug":"szombati-imakozossegek","status":"publish","type":"page","link":"https:\/\/episzunago.com\/?page_id=218","title":{"rendered":"SZOMBATI IMAK\u00d6Z\u00d6SS\u00c9G"},"content":{"rendered":"\r\n<p>SZOMBATI IMAK\u00d6Z\u00d6SS\u00c9G:<\/p>\r\n\r\n\r\n\r\n<p>Bemutat\u00f3 \u00e9s h\u00edvogat\u00f3<\/p>\r\n\r\n\r\n\r\n<p>\u00cdrta: REZS\u0150 ENIK\u0150<\/p>\r\n\r\n<p><strong>AZ IMAK\u00d6Z\u00d6SS\u00c9G MEGALAKUL\u00c1SA<\/strong><\/p>\r\n<p><br \/>A 2021 febru\u00e1ri evang\u00e9liz\u00e1ci\u00f3t k\u00f6vet\u0151en, az akkor m\u00e9g kezdetleges kis k\u00f6z\u00f6ss\u00e9g \u00fagy \u00e9rezte, hogy nem \u201ev\u00e9letlen\u00fcl\u201d int\u00e9zte \u00fagy az \u00dar az \u00fatjainkat, hogy egy\u00e1ltal\u00e1n h\u00edrt kapjunk az evang\u00e9liz\u00e1ci\u00f3r\u00f3l, azt\u00e1n, hogy csatlakozni tudjunk. Ott motoszk\u00e1lt a sz\u00edv\u00fcnk m\u00e9ly\u00e9n, kimondva vagy kimondatlanul, hogy nem csak az evang\u00e9liz\u00e1ci\u00f3 h\u00e1rom napj\u00e1ra sz\u00f3lt ez a tal\u00e1lkoz\u00f3.<\/p>\r\n<p>Valami c\u00e9lb\u00f3l l\u00e9tre hozta, megszervezte az \u00dar ezt a zoom-os egy\u00fcttl\u00e9tet. Akkor m\u00e9g nem l\u00e1ttuk tiszt\u00e1n a c\u00e9lt, de er\u0151s volt a v\u00e1gy arra n\u00e9zve, hogy egy h\u00e9ten egyszer tov\u00e1bbra is gy\u0171lj\u00fcnk \u00f6ssze az Ige k\u00f6r\u00e9 \u00e9s im\u00e1dkozzunk. Az evang\u00e9liz\u00e1ci\u00f3 ut\u00e1n szinte naponta, csak \u00fagy r\u00f6pk\u00f6dtek az e-mailek, sms-ek egym\u00e1s fel\u00e9, biztattuk, b\u00e1tor\u00edtottuk egym\u00e1st. Sz\u00e1rnyakat kaptunk.<\/p>\r\n<p>Csendess\u00e9geinkben meg\u00e9rtett\u00fck az Ige alapj\u00e1n, hogy az im\u00e1ds\u00e1g, a h\u00e1tt\u00e9rszolg\u00e1lat ugyanolyan fontos, mint amit a frontharcosok v\u00e9geznek el\u0151l. Egyre ink\u00e1bb krist\u00e1lyosodni l\u00e1tszott, hogy mi v\u00e9gre is h\u00edvta el az \u00dar ezt az imak\u00f6z\u00f6ss\u00e9get.<\/p>\r\n<p>Sz\u00edv\u00fcnkre nehezedett az Ez\u00e9kiel 22:30, ahol Isten azt mondja:<\/p>\r\n<blockquote>\r\n<p><em>\u201eKerestem k\u00f6zt\u00fck valakit, aki \u00e9p\u00edten\u00e9 a falat, \u00e9s oda\u00e1llna a r\u00e9sre sz\u00ednem el\u00e9 az orsz\u00e1g\u00e9rt, hogy ne puszt\u00edtsam el, de nem tal\u00e1ltam.\u201d<\/em><\/p>\r\n<\/blockquote>\r\n<p><\/p>\r\n<p>Az Ig\u00e9t meg\u00e9rtve, valamennyien egy sz\u00edvvel cselekedni is akartuk. Az \u00e9zsai\u00e1si lelk\u00fclettel ott volt a sz\u00edv\u00fcnkben a meg\u00e9rtett Ig\u00e9nek val\u00f3 engedelmess\u00e9g \u00e9s elhat\u00e1roz\u00e1s:\u00a0<em>\u201eItt vagyok, engem k\u00fcldj!\u201d\u00a0<\/em>Rajtam kezd, Uram!<\/p>\r\n<p>\r\n\r\n<\/p>\r\n<p><strong>K\u00dcLDET\u00c9S\u00dcNK<\/strong>\u00a0<\/p>\r\n<p>\r\n\r\n<\/p>\r\n<p>f\u0151 ir\u00e1nyelv\u00e9nek az im\u00e1ds\u00e1got tartjuk, b\u0171nb\u00e1nattal \u00e9s h\u00e1laad\u00e1ssal meg\u00e1llni az \u00dar el\u0151tt. B\u0171nb\u00e1nattal az\u00e9rt, mert l\u00e1tjuk alkalmatlan, m\u00e9ltatlan voltunkat. H\u00e1laad\u00e1ssal az\u00e9rt, hogy\u00a0<em>mindezek ellen\u00e9re<\/em>\u00a0megengedte az \u00dar, hogy szolg\u00e1lat\u00e1ba \u00e1llhassunk.<\/p>\r\n<p>\r\n\r\n<\/p>\r\n<p>K\u00fcldet\u00e9s\u00fcnknek tartjuk im\u00e1dkozni:<\/p>\r\n<p>\r\n\r\n<\/p>\r\n<ul class=\"wp-block-list\">\r\n<li>magyar nemzet\u00fcnk \u00c9BRED\u00c9S\u00c9\u00c9RT<\/li>\r\n<li>az evang\u00e9lium\u00a0terjed\u00e9s\u00e9\u00e9rt szerte a vil\u00e1gban<\/li>\r\n<li>saj\u00e1t magunk meg\u00fajul\u00e1s\u00e1\u00e9rt<\/li>\r\n<li>lelk\u00e9szek, szolg\u00e1l\u00f3k, megf\u00e1radt, elbukott testv\u00e9reink meg\u00fajul\u00e1s\u00e1\u00e9rt<\/li>\r\n<li>megpr\u00f3b\u00e1ltat\u00e1sok alatt l\u00e9v\u0151k\u00e9rt, betegek\u00e9rt<\/li>\r\n<\/ul>\r\n<p>\r\n\r\n<\/p>\r\n<p><strong>AZ IMAK\u00d6Z\u00d6SS\u00c9G C\u00c9LJA:<\/strong>\u00a0<\/p>\r\n<p>\r\n\r\n<\/p>\r\n<p>Isten n\u00e9p\u00e9nek meg\u00fajul\u00e1sa, meger\u0151s\u00f6d\u00e9se, hitben val\u00f3 \u00e9p\u00fcl\u00e9se, n\u00f6veked\u00e9se, \u00e9let\u00fcnk minden ter\u00fclet\u00e9re kihatva, ahogy a J\u00fad\u00e1s levele 20-ban olvassuk:\u00a0<strong>\u201e\u00a0\u00e9p\u00fcljetek szents\u00e9ges hitetekben&#8230;\u201d<\/strong><\/p>\r\n<p>\r\n\r\n<\/p>\r\n<p><strong>MIKOR TARTJUK AZ IMAK\u00d6Z\u00d6SS\u00c9GI ALKALMAKAT?<\/strong><\/p>\r\n<p>\r\n\r\n<\/p>\r\n<p>H\u00e9tr\u0151l h\u00e9tre szombatonk\u00e9nt tal\u00e1lkozunk, eddig m\u00e9g egy alkalmat sem kellett kihagyni. Ny\u00e1ron, magyarorsz\u00e1gi id\u0151 szerint, 18 \u00f3rakor gy\u0171l\u00fcnk \u00f6ssze, \u0151szt\u0151l ny\u00e1rig pedig 16 \u00f3rai kezdettel.<\/p>\r\n<p>\r\n\r\n<\/p>\r\n<p><strong>KIK TARTOZNAK AZ IMAK\u00d6Z\u00d6SS\u00c9GBE?<\/strong><\/p>\r\n<p>\r\n\r\n<\/p>\r\n<p>Hissz\u00fck, hogy nem emberi szervezked\u00e9s, \u00fcgyesked\u00e9s folyt\u00e1n ker\u00fcl be valaki az imak\u00f6z\u00f6ss\u00e9gbe. Itt vannak, vagy lesznek mindazon Testv\u00e9rek, akiket az \u00dar ide terelgetett,vagy terelgetni fog ezut\u00e1n.<\/p>\r\n<p>\r\n\r\n<\/p>\r\n<p>H\u00e1l\u00e1t adunk Istennek, hogy orsz\u00e1ghat\u00e1rokat \u00e1t\u00edvelve \u00f6sszegy\u0171jt\u00f6tte az \u0150 b\u00e1r\u00e1nyk\u00e1it ugyanazon legel\u0151re, az \u00e9l\u0151 Ige k\u00f6r\u00e9, kicsiket \u00e9s nagyokat, csal\u00e1dosokat \u00e9s (m\u00e9g) egyed\u00fcl\u00e1ll\u00f3kat, fiatalokat \u00e9s a \u201em\u00e1r r\u00e9gebb \u00f3ta fiatalokat\u201d egyar\u00e1nt, egys\u00e9get \u00e9s szeretetet munk\u00e1lva k\u00f6z\u00f6tt\u00fcnk.<\/p>\r\n<p>\r\n\r\n<\/p>\r\n<p>\u00c1ldott lehet\u0151s\u00e9g az \u00e9l\u0151, online alkalom azon testv\u00e9reink sz\u00e1m\u00e1ra is, akik valamilyen okn\u00e1l fogva akad\u00e1lyoztatva vannak, ak\u00e1r betegs\u00e9g miatt, ak\u00e1r ha egy\u00e9b \u00e1tmeneti korl\u00e1tozotts\u00e1g miatt nem tudnak eljutni a saj\u00e1t gy\u00fclekezet\u00fckbe.<\/p>\r\n<p>\r\n\r\n<\/p>\r\n<p>Mindegyik\u00fcnknek megvan a saj\u00e1t kis t\u00f6rt\u00e9net\u00fcnk, hogy kit-hogyan terelgetett a H\u00c1IHA-ba az \u00dar, ahogy a k\u00f6z\u00f6ss\u00e9gen bel\u00fcl megmutatta azt is, hogy kinek-kinek mi legyen a feladata, ak\u00e1r az egym\u00e1s fel\u00e9 val\u00f3 szolg\u00e1latban, ak\u00e1r a vil\u00e1g magyars\u00e1ga fel\u00e9. Tessz\u00fck ezt \u00f6r\u00f6mmel mindamellett, hogy valamennyi\u00fcnknek van saj\u00e1t, fizikai gy\u00fclekezete, szolg\u00e1lata is.<\/p>\r\n<p>\r\n\r\n<\/p>\r\n<p><strong>ISMERIK-E FIZIK\u00c1LISAN EGYM\u00c1ST A TAGOK?<\/strong><\/p>\r\n<p>\r\n\r\n<\/p>\r\n<p>T\u00f6bben is be tudn\u00e1nk sz\u00e1molni arr\u00f3l, hogy csod\u00e1val hat\u00e1ros m\u00f3don h\u00e1nyszor tervezett m\u00e1r meg az \u00dar sok szem\u00e9lyes tal\u00e1lkoz\u00e1st, \u00fagy ahogy nem is sejtett\u00fck volna. Csak egy p\u00e9ld\u00e1t eml\u00edtek. Vas\u00e1rnap l\u00e9v\u00e9n elmentek a Testv\u00e9rek a helyi gy\u00fclekezet\u00fckbe, \u00e9s mit adott az \u00dar? Ott \u00f6sszetal\u00e1lkoztak szint\u00e9n a H\u00c1IHA-hoz is tartoz\u00f3 Testv\u00e9rekkel, akik \u00e9ppen azon a vas\u00e1rnapon ott voltak vend\u00e9gs\u00e9gben valakin\u00e9l\u2026<\/p>\r\n<p>A k\u00f6z\u00f6s szem\u00e9lyes H\u00c1IHA \u201evil\u00e1gtal\u00e1lkoz\u00f3\u201d \u00e1ld\u00e1sait is megtapasztalhattuk Isten kegyelm\u00e9b\u0151l, ugyanis 2022 \u0151sz\u00e9n egy hossz\u00fa csendesh\u00e9tv\u00e9g\u00e9t t\u00f6lthetett egy\u00fctt a k\u00f6z\u00f6ss\u00e9g, 2023 nyar\u00e1n pedig \u00f6t napon \u00e1t figyelt\u00fcnk k\u00f6z\u00f6sen Isten szav\u00e1ra \u00e9s \u00f6r\u00fclt\u00fcnk a testv\u00e9ri k\u00f6z\u00f6ss\u00e9gnek.<\/p>\r\n<p>Most pedig szeretn\u00e9m kicsit r\u00e9szletesebben is bemutatni:<\/p>\r\n<p>&nbsp;<\/p>\r\n<p>\r\n\r\n<\/p>\r\n<p><strong>HOGYAN IS N\u00c9Z KI EGY-EGY SZOMBATI IMAK\u00d6Z\u00d6SS\u00c9G?<\/strong><\/p>\r\n<p>\r\n\r\n<\/p>\r\n<p>Online imak\u00f6z\u00f6ss\u00e9g l\u00e9v\u00e9n, \u00fatt\u00f6r\u0151 munk\u00e1t jelent, hogy amennyire csak lehet, olyanok legyen az alkalmak, mint amikor t\u00e9nylegesen ott \u00fcl\u00fcnk a saj\u00e1t gy\u00fclekezet\u00fcnkben, egy-egy imak\u00f6z\u00f6ss\u00e9gen. \u00cdgy alakult ki az, hogy az alkalmak elej\u00e9n n\u00e9v szerint k\u00f6sz\u00f6ntj\u00fck egym\u00e1st, van egy 10-15 perc k\u00f6tetlen besz\u00e9lget\u00e9s. Ut\u00e1na harangoz\u00e1s k\u00f6vetkezik, annak a gy\u00fclekezetnek a harangj\u00e1t \u201eh\u00fazzuk meg\u201d, ahonnan a szolg\u00e1lattev\u0151 lelkip\u00e1sztor \u00e9ppen van.<\/p>\r\n<p>\r\n\r\n<\/p>\r\n<p>A k\u00f6z\u00f6ss\u00e9gben \u00fajj\u00e1sz\u00fcletett, \u00e9l\u0151hit\u0171 lelkip\u00e1sztorok szolg\u00e1lnak f\u00e1radhatatlanul, ami\u00e9rt nagyon h\u00e1l\u00e1sak vagyunk az \u00darnak, \u00e9s ez\u00faton is k\u00f6sz\u00f6netet mondunk Nekik is.<\/p>\r\n<p>\r\n\r\n<\/p>\r\n<p>A harangoz\u00e1st k\u00f6vet\u0151en pedig k\u00f6z\u00f6s \u00e9nekl\u00e9ssel dics\u00e9rj\u00fck az Urat, lassan azt is megtanultuk hogyan lehet zoom-on (is) k\u00f6z\u00f6sen \u00e9nekelni.<\/p>\r\n<p>\r\n\r\n<\/p>\r\n<p>Ezut\u00e1n az igei szolg\u00e1lat k\u00f6vetkezik. M\u00e1r a kezdetekt\u0151l kialakult az, hogy az imak\u00f6z\u00f6ss\u00e9g el\u0151tt volt igei szolg\u00e1lat is, hitm\u00e9ly\u00edt\u0151 alkalomk\u00e9nt. Minden h\u00f3napban van egy-egy t\u00e9mak\u00f6r, ami ment\u00e9n gondolkodunk, im\u00e1dkozunk.<\/p>\r\n<p>\r\n\r\n<\/p>\r\n<p>A v\u00e9g\u00e9n k\u00f6z\u00f6s \u00e9nekl\u00e9ssel, im\u00e1ds\u00e1ggal \u00e9s \u00e1ld\u00e1ssal imak\u00f6z\u00f6ss\u00e9gre megy\u00fcnk, ahol a fentebb eml\u00edtett imat\u00e9m\u00e1k\u00e9rt k\u00f6ny\u00f6rg\u00fcnk.<\/p>\r\n<p>\r\n\r\n<\/p>\r\n<p>\u00c9s mivel m\u00e1r a kezdet kezdet\u00e9n voltak k\u00fcl\u00f6nb\u00f6z\u0151 imat\u00e9m\u00e1ink, k\u00e9s\u0151bb pedig h\u00e9tr\u0151l h\u00e9tr\u0151l\u00a0\u00fajabb \u00e9s \u00fajabb imak\u00e9r\u00e9seket hoztak a Testv\u00e9rek, &#8211; felbuzdulva egym\u00e1s hit\u00e9n &#8211; \u00edgy indult \u00fatj\u00e1ra, ezeket az imak\u00e9r\u00e9seket egy csokorba szedve &#8211; tavaly \u00e1prilisban a H\u00f3sen-Imalista, ahol n\u00e9v szerint szem\u00e9lyek\u00e9rt \u00e9s \u00fcgyek\u00e9rt im\u00e1dkozunk, \u00edgy hordozva k\u00f6z\u00f6sen egym\u00e1s terh\u00e9t.<\/p>\r\n<p>\r\n\r\n<\/p>\r\n<p>Ennek kialakul\u00e1s\u00e1r\u00f3l b\u0151vebb inform\u00e1ci\u00f3t tal\u00e1lnak a Testv\u00e9rek a H\u00f3sen-Imalista men\u00fcpont alatt.\u00a0<\/p>\r\n<p>\r\n\r\n<\/p>\r\n<p><strong>H\u00c1LAAD\u00c1S \u00c9S BUZD\u00cdT\u00c1S<\/strong><\/p>\r\n<p>\r\n\r\n<\/p>\r\n<p>Levetett saruval \u00e9s h\u00e1laad\u00e1ssal vagyunk az \u00dar fel\u00e9, mert az \u0150 irgalmass\u00e1ga folyt\u00e1n sok csod\u00e1t engedett meg\u00e9ln\u00fcnk. De h\u00e1l\u00e1val eml\u00e9kez\u00fcnk meg azon meghallgatott im\u00e1ds\u00e1gokr\u00f3l is, amikor Isten m\u00e1shogy hallgatta meg, mint ahogy mi k\u00e9rt\u00fck.<\/p>\r\n<p>\r\n\r\n<\/p>\r\n<blockquote class=\"wp-block-quote is-layout-flow wp-block-quote-is-layout-flow\">\r\n<p>A 451. Dics\u00e9ret sorai jutnak eszembe:\u00a0<em><strong>Sz\u00e1ma nincsen, Uram, j\u00f3t\u00e9tem\u00e9nyidnek&#8230;<\/strong><\/em><\/p>\r\n<\/blockquote>\r\n<p>\r\n\r\n<\/p>\r\n<p>A Zsolt\u00e1rokban t\u00f6bbsz\u00f6r olvasunk arr\u00f3l, amikor Isten n\u00e9pe meg\u00e1llt, csendet (Szel\u00e1t) tartott \u00e9s megeml\u00e9kezett Isten tetteir\u0151l. Mi is ezt tessz\u00fck \u00e9s erre buzd\u00edtjuk a Testv\u00e9reket is a 103. Zsolt\u00e1r szavaival:<em><strong>\u00a0<\/strong><\/em><\/p>\r\n<p>\r\n\r\n<\/p>\r\n<blockquote class=\"wp-block-quote is-layout-flow wp-block-quote-is-layout-flow\">\r\n<p><em><strong>\u201e\u00c1ldjad \u00e9n lelkem az Urat, \u00e9s eg\u00e9sz bens\u0151m az \u0151 szent nev\u00e9t. \u00c1ldjad \u00e9n lelkem az Urat, \u00e9s el ne feledkezz\u00e9l semmi j\u00f3t\u00e9tem\u00e9ny\u00e9r\u0151l.\u201d<\/strong><\/em><\/p>\r\n<\/blockquote>\r\n<p>\r\n\r\n<\/p>\r\n<p>Sajnos hajlamosak vagyunk megfeledkezni Isten tetteir\u0151l, csod\u00e1ir\u00f3l, ez\u00e9rt sz\u00fcks\u00e9ges, hogy eml\u00e9keztess\u00fck els\u0151 sorban magunkat, azt\u00e1n a Testv\u00e9reinket is, hogy meg ne rest\u00fclj\u00fcnk h\u00e1l\u00e1t adni.<\/p>\r\n<p>\r\n\r\n<\/p>\r\n<p>Az \u00dar J\u00e9zus t\u00f6bb p\u00e9ld\u00e1zatot is mondott arr\u00f3l, hogy az im\u00e1ds\u00e1gban legy\u00fcnk h\u0171s\u00e9gesek, kitart\u00f3ak, \u00e1llhatatosak. Igen, ez adott esetben ak\u00e1r \u00e1ldozathozatallal is j\u00e1r, erre er\u0151t, id\u0151t kell sz\u00e1nni. De amikor valaki azt tapasztalja, hogy: \u201eitt az Isten k\u00f6zt\u00fcnk, jertek \u0150t im\u00e1dni\u201d, akkor nemigen n\u00e9zi az ember az \u00f3r\u00e1t&#8230; De ugyan, mi az a p\u00e1r \u00f3ra, amit mi egy-egy napb\u00f3l \u201efel\u00e1ldozunk\u201d, ha egy\u00e1ltal\u00e1n \u00e1ldozunk, ahhoz k\u00e9pest, hogy Isten a legdr\u00e1g\u00e1bbat \u00e1ldozta fel, adta oda \u00e9rt\u00fcnk, helyett\u00fcnk \u00e9s miattunk!<\/p>\r\n<p>\r\n\r\n<\/p>\r\n<p>Dr\u00e1ga Testv\u00e9rek! Ha valakit Isten Lelke arra ind\u00edt, hogy elj\u00f6jj\u00f6n \u00e9s r\u00e9szt vegyen alkalmainkon, hogy id\u0151t t\u00f6lts\u00f6n Isten jelenl\u00e9t\u00e9ben, testv\u00e9ri k\u00f6z\u00f6ss\u00e9gben, \u00e9s van erre lehet\u0151s\u00e9ge, nagy szeretettel h\u00edvjuk \u00e9s v\u00e1rjuk!<\/p>\r\n<p>\r\n\r\n<\/p>\r\n<p>V\u00e9gezet\u00fcl pedig:\u00a0<\/p>\r\n<p>\r\n\r\n<\/p>\r\n<blockquote class=\"wp-block-quote is-layout-flow wp-block-quote-is-layout-flow\">\r\n<p><em><strong>\u201eAz im\u00e1dkoz\u00e1sban legyetek kitart\u00f3ak, \u00e9s legyetek \u00e9berek: ne sz\u0171njetek meg h\u00e1l\u00e1t adni.\u201d<\/strong><\/em> Koloss\u00e9 4,2<\/p>\r\n<\/blockquote>\r\n<p><\/p>\r\n\r\n<figure class=\"wp-block-image size-full\"><img fetchpriority=\"high\" decoding=\"async\" class=\"wp-image-625\" src=\"https:\/\/episzunago.com\/wp-content\/uploads\/2022\/07\/280755850_495034089079326_6232246767115002465_n-3.png\" alt=\"\" width=\"547\" height=\"459\" srcset=\"https:\/\/episzunago.com\/wp-content\/uploads\/2022\/07\/280755850_495034089079326_6232246767115002465_n-3.png 940w, https:\/\/episzunago.com\/wp-content\/uploads\/2022\/07\/280755850_495034089079326_6232246767115002465_n-3-300x251.png 300w, https:\/\/episzunago.com\/wp-content\/uploads\/2022\/07\/280755850_495034089079326_6232246767115002465_n-3-768x644.png 768w\" sizes=\"(max-width: 547px) 100vw, 547px\" \/><\/figure>\r\n","protected":false},"excerpt":{"rendered":"<p>SZOMBATI IMAK\u00d6Z\u00d6SS\u00c9G: Bemutat\u00f3 \u00e9s h\u00edvogat\u00f3 \u00cdrta: REZS\u0150 ENIK\u0150 AZ IMAK\u00d6Z\u00d6SS\u00c9G MEGALAKUL\u00c1SA A 2021 febru\u00e1ri evang\u00e9liz\u00e1ci\u00f3t k\u00f6vet\u0151en, az akkor m\u00e9g kezdetleges kis k\u00f6z\u00f6ss\u00e9g \u00fagy \u00e9rezte, hogy nem \u201ev\u00e9letlen\u00fcl\u201d int\u00e9zte \u00fagy az \u00dar az \u00fatjainkat, hogy egy\u00e1ltal\u00e1n h\u00edrt kapjunk az evang\u00e9liz\u00e1ci\u00f3r\u00f3l, azt\u00e1n, hogy csatlakozni tudjunk. Ott motoszk\u00e1lt a sz\u00edv\u00fcnk m\u00e9ly\u00e9n, kimondva vagy kimondatlanul, hogy nem csak az evang\u00e9liz\u00e1ci\u00f3 h\u00e1rom napj\u00e1ra sz\u00f3lt ez a tal\u00e1lkoz\u00f3. Valami c\u00e9lb\u00f3l l\u00e9tre hozta, megszervezte az \u00dar ezt a zoom-os egy\u00fcttl\u00e9tet. Akkor m\u00e9g nem l\u00e1ttuk tiszt\u00e1n a c\u00e9lt, de er\u0151s volt a v\u00e1gy arra n\u00e9zve, hogy egy h\u00e9ten egyszer tov\u00e1bbra is gy\u0171lj\u00fcnk \u00f6ssze az Ige k\u00f6r\u00e9 \u00e9s im\u00e1dkozzunk. Az evang\u00e9liz\u00e1ci\u00f3 ut\u00e1n szinte naponta, csak \u00fagy r\u00f6pk\u00f6dtek az e-mailek, sms-ek egym\u00e1s fel\u00e9, biztattuk, b\u00e1tor\u00edtottuk egym\u00e1st. Sz\u00e1rnyakat kaptunk. Csendess\u00e9geinkben meg\u00e9rtett\u00fck az Ige alapj\u00e1n, hogy az im\u00e1ds\u00e1g, a h\u00e1tt\u00e9rszolg\u00e1lat ugyanolyan fontos, mint amit a frontharcosok v\u00e9geznek el\u0151l. Egyre ink\u00e1bb krist\u00e1lyosodni l\u00e1tszott, hogy mi v\u00e9gre is h\u00edvta el az \u00dar ezt az imak\u00f6z\u00f6ss\u00e9get. Sz\u00edv\u00fcnkre nehezedett az Ez\u00e9kiel 22:30, ahol Isten azt mondja: \u201eKerestem k\u00f6zt\u00fck valakit, aki \u00e9p\u00edten\u00e9 a falat, \u00e9s oda\u00e1llna a r\u00e9sre sz\u00ednem el\u00e9 az orsz\u00e1g\u00e9rt, hogy ne puszt\u00edtsam el, de nem tal\u00e1ltam.\u201d Az Ig\u00e9t meg\u00e9rtve, valamennyien egy sz\u00edvvel cselekedni is akartuk. Az \u00e9zsai\u00e1si lelk\u00fclettel ott volt a sz\u00edv\u00fcnkben a meg\u00e9rtett Ig\u00e9nek val\u00f3 engedelmess\u00e9g \u00e9s elhat\u00e1roz\u00e1s:\u00a0\u201eItt vagyok, engem k\u00fcldj!\u201d\u00a0Rajtam kezd, Uram! K\u00dcLDET\u00c9S\u00dcNK\u00a0 f\u0151 ir\u00e1nyelv\u00e9nek az im\u00e1ds\u00e1got tartjuk, b\u0171nb\u00e1nattal \u00e9s h\u00e1laad\u00e1ssal meg\u00e1llni az \u00dar el\u0151tt. B\u0171nb\u00e1nattal az\u00e9rt, mert l\u00e1tjuk alkalmatlan, m\u00e9ltatlan voltunkat. H\u00e1laad\u00e1ssal az\u00e9rt, hogy\u00a0mindezek ellen\u00e9re\u00a0megengedte az \u00dar, hogy szolg\u00e1lat\u00e1ba \u00e1llhassunk. K\u00fcldet\u00e9s\u00fcnknek tartjuk im\u00e1dkozni: magyar nemzet\u00fcnk \u00c9BRED\u00c9S\u00c9\u00c9RT az evang\u00e9lium\u00a0terjed\u00e9s\u00e9\u00e9rt szerte a vil\u00e1gban saj\u00e1t magunk meg\u00fajul\u00e1s\u00e1\u00e9rt lelk\u00e9szek, szolg\u00e1l\u00f3k, megf\u00e1radt, elbukott testv\u00e9reink meg\u00fajul\u00e1s\u00e1\u00e9rt megpr\u00f3b\u00e1ltat\u00e1sok alatt l\u00e9v\u0151k\u00e9rt, betegek\u00e9rt AZ IMAK\u00d6Z\u00d6SS\u00c9G C\u00c9LJA:\u00a0 Isten n\u00e9p\u00e9nek meg\u00fajul\u00e1sa, meger\u0151s\u00f6d\u00e9se, hitben val\u00f3 \u00e9p\u00fcl\u00e9se, n\u00f6veked\u00e9se, \u00e9let\u00fcnk minden ter\u00fclet\u00e9re kihatva, ahogy a J\u00fad\u00e1s levele 20-ban olvassuk:\u00a0\u201e\u00a0\u00e9p\u00fcljetek szents\u00e9ges hitetekben&#8230;\u201d MIKOR TARTJUK AZ IMAK\u00d6Z\u00d6SS\u00c9GI ALKALMAKAT? H\u00e9tr\u0151l h\u00e9tre szombatonk\u00e9nt tal\u00e1lkozunk, eddig m\u00e9g egy alkalmat sem kellett kihagyni. Ny\u00e1ron, magyarorsz\u00e1gi id\u0151 szerint, 18 \u00f3rakor gy\u0171l\u00fcnk \u00f6ssze, \u0151szt\u0151l ny\u00e1rig pedig 16 \u00f3rai kezdettel. KIK TARTOZNAK AZ IMAK\u00d6Z\u00d6SS\u00c9GBE? Hissz\u00fck, hogy nem emberi szervezked\u00e9s, \u00fcgyesked\u00e9s folyt\u00e1n ker\u00fcl be valaki az imak\u00f6z\u00f6ss\u00e9gbe. Itt vannak, vagy lesznek mindazon Testv\u00e9rek, akiket az \u00dar ide terelgetett,vagy terelgetni fog ezut\u00e1n. H\u00e1l\u00e1t adunk Istennek, hogy orsz\u00e1ghat\u00e1rokat \u00e1t\u00edvelve \u00f6sszegy\u0171jt\u00f6tte az \u0150 b\u00e1r\u00e1nyk\u00e1it ugyanazon legel\u0151re, az \u00e9l\u0151 Ige k\u00f6r\u00e9, kicsiket \u00e9s nagyokat, csal\u00e1dosokat \u00e9s (m\u00e9g) egyed\u00fcl\u00e1ll\u00f3kat, fiatalokat \u00e9s a \u201em\u00e1r r\u00e9gebb \u00f3ta fiatalokat\u201d egyar\u00e1nt, egys\u00e9get \u00e9s szeretetet munk\u00e1lva k\u00f6z\u00f6tt\u00fcnk. \u00c1ldott lehet\u0151s\u00e9g az \u00e9l\u0151, online alkalom azon testv\u00e9reink sz\u00e1m\u00e1ra is, akik valamilyen okn\u00e1l fogva akad\u00e1lyoztatva vannak, ak\u00e1r betegs\u00e9g miatt, ak\u00e1r ha egy\u00e9b \u00e1tmeneti korl\u00e1tozotts\u00e1g miatt nem tudnak eljutni a saj\u00e1t gy\u00fclekezet\u00fckbe. Mindegyik\u00fcnknek megvan a saj\u00e1t kis t\u00f6rt\u00e9net\u00fcnk, hogy kit-hogyan terelgetett a H\u00c1IHA-ba az \u00dar, ahogy a k\u00f6z\u00f6ss\u00e9gen bel\u00fcl megmutatta azt is, hogy kinek-kinek mi legyen a feladata, ak\u00e1r az egym\u00e1s fel\u00e9 val\u00f3 szolg\u00e1latban, ak\u00e1r a vil\u00e1g magyars\u00e1ga fel\u00e9. Tessz\u00fck ezt \u00f6r\u00f6mmel mindamellett, hogy valamennyi\u00fcnknek van saj\u00e1t, fizikai gy\u00fclekezete, szolg\u00e1lata is. ISMERIK-E FIZIK\u00c1LISAN EGYM\u00c1ST A TAGOK? T\u00f6bben is be tudn\u00e1nk sz\u00e1molni arr\u00f3l, hogy csod\u00e1val hat\u00e1ros m\u00f3don h\u00e1nyszor tervezett m\u00e1r meg az \u00dar sok szem\u00e9lyes tal\u00e1lkoz\u00e1st, \u00fagy ahogy nem is sejtett\u00fck volna. Csak egy p\u00e9ld\u00e1t eml\u00edtek. Vas\u00e1rnap l\u00e9v\u00e9n elmentek a Testv\u00e9rek a helyi gy\u00fclekezet\u00fckbe, \u00e9s mit adott az \u00dar? Ott \u00f6sszetal\u00e1lkoztak szint\u00e9n a H\u00c1IHA-hoz is tartoz\u00f3 Testv\u00e9rekkel, akik \u00e9ppen azon a vas\u00e1rnapon ott voltak vend\u00e9gs\u00e9gben valakin\u00e9l\u2026 A k\u00f6z\u00f6s szem\u00e9lyes H\u00c1IHA \u201evil\u00e1gtal\u00e1lkoz\u00f3\u201d \u00e1ld\u00e1sait is megtapasztalhattuk Isten kegyelm\u00e9b\u0151l, ugyanis 2022 \u0151sz\u00e9n egy hossz\u00fa csendesh\u00e9tv\u00e9g\u00e9t t\u00f6lthetett egy\u00fctt a k\u00f6z\u00f6ss\u00e9g, 2023 nyar\u00e1n pedig \u00f6t napon \u00e1t figyelt\u00fcnk k\u00f6z\u00f6sen Isten szav\u00e1ra \u00e9s \u00f6r\u00fclt\u00fcnk a testv\u00e9ri k\u00f6z\u00f6ss\u00e9gnek. Most pedig szeretn\u00e9m kicsit r\u00e9szletesebben is bemutatni: &nbsp; HOGYAN IS N\u00c9Z KI EGY-EGY SZOMBATI IMAK\u00d6Z\u00d6SS\u00c9G? Online imak\u00f6z\u00f6ss\u00e9g l\u00e9v\u00e9n, \u00fatt\u00f6r\u0151 munk\u00e1t jelent, hogy amennyire csak lehet, olyanok legyen az alkalmak, mint amikor t\u00e9nylegesen ott \u00fcl\u00fcnk a saj\u00e1t gy\u00fclekezet\u00fcnkben, egy-egy imak\u00f6z\u00f6ss\u00e9gen. \u00cdgy alakult ki az, hogy az alkalmak elej\u00e9n n\u00e9v szerint k\u00f6sz\u00f6ntj\u00fck egym\u00e1st, van egy 10-15 perc k\u00f6tetlen besz\u00e9lget\u00e9s. Ut\u00e1na harangoz\u00e1s k\u00f6vetkezik, annak a gy\u00fclekezetnek a harangj\u00e1t \u201eh\u00fazzuk meg\u201d, ahonnan a szolg\u00e1lattev\u0151 lelkip\u00e1sztor \u00e9ppen van. A k\u00f6z\u00f6ss\u00e9gben \u00fajj\u00e1sz\u00fcletett, \u00e9l\u0151hit\u0171 lelkip\u00e1sztorok szolg\u00e1lnak f\u00e1radhatatlanul, ami\u00e9rt nagyon h\u00e1l\u00e1sak vagyunk az \u00darnak, \u00e9s ez\u00faton is k\u00f6sz\u00f6netet mondunk Nekik is. A harangoz\u00e1st k\u00f6vet\u0151en pedig k\u00f6z\u00f6s \u00e9nekl\u00e9ssel dics\u00e9rj\u00fck az Urat, lassan azt is megtanultuk hogyan lehet zoom-on (is) k\u00f6z\u00f6sen \u00e9nekelni. Ezut\u00e1n az igei szolg\u00e1lat k\u00f6vetkezik. M\u00e1r a kezdetekt\u0151l kialakult az, hogy az imak\u00f6z\u00f6ss\u00e9g el\u0151tt volt igei szolg\u00e1lat is, hitm\u00e9ly\u00edt\u0151 alkalomk\u00e9nt. Minden h\u00f3napban van egy-egy t\u00e9mak\u00f6r, ami ment\u00e9n gondolkodunk, im\u00e1dkozunk. A v\u00e9g\u00e9n k\u00f6z\u00f6s \u00e9nekl\u00e9ssel, im\u00e1ds\u00e1ggal \u00e9s \u00e1ld\u00e1ssal imak\u00f6z\u00f6ss\u00e9gre megy\u00fcnk, ahol a fentebb eml\u00edtett imat\u00e9m\u00e1k\u00e9rt k\u00f6ny\u00f6rg\u00fcnk. \u00c9s mivel m\u00e1r a kezdet kezdet\u00e9n voltak k\u00fcl\u00f6nb\u00f6z\u0151 imat\u00e9m\u00e1ink, k\u00e9s\u0151bb pedig h\u00e9tr\u0151l h\u00e9tr\u0151l\u00a0\u00fajabb \u00e9s \u00fajabb imak\u00e9r\u00e9seket hoztak a Testv\u00e9rek, &#8211; felbuzdulva egym\u00e1s hit\u00e9n &#8211; \u00edgy indult \u00fatj\u00e1ra, ezeket az imak\u00e9r\u00e9seket egy csokorba szedve &#8211; tavaly \u00e1prilisban a H\u00f3sen-Imalista, ahol n\u00e9v szerint szem\u00e9lyek\u00e9rt \u00e9s \u00fcgyek\u00e9rt im\u00e1dkozunk, \u00edgy hordozva k\u00f6z\u00f6sen egym\u00e1s terh\u00e9t. Ennek kialakul\u00e1s\u00e1r\u00f3l b\u0151vebb inform\u00e1ci\u00f3t tal\u00e1lnak a Testv\u00e9rek a H\u00f3sen-Imalista men\u00fcpont alatt.\u00a0 H\u00c1LAAD\u00c1S \u00c9S BUZD\u00cdT\u00c1S Levetett saruval \u00e9s h\u00e1laad\u00e1ssal vagyunk az \u00dar fel\u00e9, mert az \u0150 irgalmass\u00e1ga folyt\u00e1n sok csod\u00e1t engedett meg\u00e9ln\u00fcnk. De h\u00e1l\u00e1val eml\u00e9kez\u00fcnk meg azon meghallgatott im\u00e1ds\u00e1gokr\u00f3l is, amikor Isten m\u00e1shogy hallgatta meg, mint ahogy mi k\u00e9rt\u00fck. A 451. Dics\u00e9ret sorai jutnak eszembe:\u00a0Sz\u00e1ma nincsen, Uram, j\u00f3t\u00e9tem\u00e9nyidnek&#8230; A Zsolt\u00e1rokban t\u00f6bbsz\u00f6r olvasunk arr\u00f3l, amikor Isten n\u00e9pe meg\u00e1llt, csendet (Szel\u00e1t) tartott \u00e9s megeml\u00e9kezett Isten tetteir\u0151l. Mi is ezt tessz\u00fck \u00e9s erre buzd\u00edtjuk a Testv\u00e9reket is a 103. Zsolt\u00e1r szavaival:\u00a0 \u201e\u00c1ldjad \u00e9n lelkem az Urat, \u00e9s eg\u00e9sz bens\u0151m az \u0151 szent nev\u00e9t. \u00c1ldjad \u00e9n lelkem az Urat, \u00e9s el ne feledkezz\u00e9l semmi j\u00f3t\u00e9tem\u00e9ny\u00e9r\u0151l.\u201d Sajnos hajlamosak vagyunk megfeledkezni Isten tetteir\u0151l, csod\u00e1ir\u00f3l, ez\u00e9rt sz\u00fcks\u00e9ges, hogy eml\u00e9keztess\u00fck els\u0151 sorban magunkat, azt\u00e1n a Testv\u00e9reinket is, hogy meg ne rest\u00fclj\u00fcnk h\u00e1l\u00e1t adni. Az \u00dar J\u00e9zus t\u00f6bb p\u00e9ld\u00e1zatot is mondott arr\u00f3l, hogy az im\u00e1ds\u00e1gban legy\u00fcnk h\u0171s\u00e9gesek, kitart\u00f3ak, \u00e1llhatatosak. Igen, ez adott esetben ak\u00e1r \u00e1ldozathozatallal is j\u00e1r, erre er\u0151t, id\u0151t kell sz\u00e1nni. De amikor valaki azt tapasztalja, hogy: \u201eitt az Isten k\u00f6zt\u00fcnk, jertek \u0150t im\u00e1dni\u201d, akkor nemigen n\u00e9zi az ember az \u00f3r\u00e1t&#8230; De ugyan, mi az a p\u00e1r \u00f3ra, amit mi egy-egy napb\u00f3l \u201efel\u00e1ldozunk\u201d, ha egy\u00e1ltal\u00e1n \u00e1ldozunk, ahhoz k\u00e9pest, hogy Isten a legdr\u00e1g\u00e1bbat \u00e1ldozta fel, adta oda \u00e9rt\u00fcnk, helyett\u00fcnk \u00e9s miattunk! Dr\u00e1ga Testv\u00e9rek! Ha valakit Isten Lelke arra ind\u00edt, hogy elj\u00f6jj\u00f6n \u00e9s r\u00e9szt vegyen alkalmainkon, hogy id\u0151t t\u00f6lts\u00f6n Isten jelenl\u00e9t\u00e9ben, testv\u00e9ri k\u00f6z\u00f6ss\u00e9gben, \u00e9s van erre lehet\u0151s\u00e9ge, nagy szeretettel h\u00edvjuk \u00e9s v\u00e1rjuk! V\u00e9gezet\u00fcl pedig:\u00a0 \u201eAz im\u00e1dkoz\u00e1sban legyetek kitart\u00f3ak, \u00e9s legyetek \u00e9berek: ne sz\u0171njetek meg h\u00e1l\u00e1t adni.\u201d Koloss\u00e9 4,2<\/p>\n","protected":false},"author":2,"featured_media":0,"parent":158,"menu_order":3,"comment_status":"closed","ping_status":"open","template":"","meta":{"passster_activate_protection":false,"passster_protect_child_pages":"","passster_protection_type":"password","passster_password":"","passster_activate_overwrite_defaults":"","passster_headline":"","passster_instruction":"","passster_placeholder":"","passster_button":"","passster_id":"","passster_activate_misc_settings":"","passster_redirect_url":"","passster_hide":"no","passster_area_shortcode":"","footnotes":""},"class_list":["post-218","page","type-page","status-publish","hentry"],"_links":{"self":[{"href":"https:\/\/episzunago.com\/index.php?rest_route=\/wp\/v2\/pages\/218","targetHints":{"allow":["GET"]}}],"collection":[{"href":"https:\/\/episzunago.com\/index.php?rest_route=\/wp\/v2\/pages"}],"about":[{"href":"https:\/\/episzunago.com\/index.php?rest_route=\/wp\/v2\/types\/page"}],"author":[{"embeddable":true,"href":"https:\/\/episzunago.com\/index.php?rest_route=\/wp\/v2\/users\/2"}],"replies":[{"embeddable":true,"href":"https:\/\/episzunago.com\/index.php?rest_route=%2Fwp%2Fv2%2Fcomments&post=218"}],"version-history":[{"count":18,"href":"https:\/\/episzunago.com\/index.php?rest_route=\/wp\/v2\/pages\/218\/revisions"}],"predecessor-version":[{"id":4860,"href":"https:\/\/episzunago.com\/index.php?rest_route=\/wp\/v2\/pages\/218\/revisions\/4860"}],"up":[{"embeddable":true,"href":"https:\/\/episzunago.com\/index.php?rest_route=\/wp\/v2\/pages\/158"}],"wp:attachment":[{"href":"https:\/\/episzunago.com\/index.php?rest_route=%2Fwp%2Fv2%2Fmedia&parent=218"}],"curies":[{"name":"wp","href":"https:\/\/api.w.org\/{rel}","templated":true}]}}