{"id":230,"date":"2022-07-04T20:07:00","date_gmt":"2022-07-04T20:07:00","guid":{"rendered":"https:\/\/episzunago.com\/?page_id=230"},"modified":"2023-01-25T22:16:21","modified_gmt":"2023-01-25T22:16:21","slug":"iii-evangelizacio","status":"publish","type":"page","link":"https:\/\/episzunago.com\/?page_id=230","title":{"rendered":"III. EVANGELIZ\u00c1CI\u00d3"},"content":{"rendered":"\n<p><strong>III. EVANGELIZ\u00c1CI\u00d3<\/strong>:<\/p>\n\n\n\n<p><strong>V\u00c9GH TAM\u00c1S: A NAGY SZABAD\u00cdT\u00c1S<\/strong><\/p>\n\n\n\n<div id=\"EV3-1\"><\/div>\n\n\n\n<p class=\"has-text-align-center\">2021.05.17: Mit mond a Biblia?<\/p>\n\n\n\n<figure class=\"wp-block-embed is-type-video is-provider-youtube wp-block-embed-youtube wp-embed-aspect-16-9 wp-has-aspect-ratio\"><div class=\"wp-block-embed__wrapper\">\n<iframe title=\"V\u00e9gh Tam\u00e1s: A Nagy Szabad\u00edt\u00e1s - 4\/1 - HAT\u00c1ROKON \u00c1T\u00cdVEL\u0150 EVANG\u00c9LIZ\u00c1CI\u00d3 (2021.05.17)\" width=\"960\" height=\"540\" src=\"https:\/\/www.youtube.com\/embed\/3sKGREZ0Dvc?feature=oembed\" frameborder=\"0\" allow=\"accelerometer; autoplay; clipboard-write; encrypted-media; gyroscope; picture-in-picture; web-share\" allowfullscreen><\/iframe>\n<\/div><\/figure>\n\n\n\n<p><strong><a href=\"https:\/\/episzunago.com\/wp-content\/uploads\/2022\/07\/2021.05.17-Vegh-Tamas-A-NAGY-SZABADITAS-4_1.mp3\" target=\"_blank\" rel=\"noreferrer noopener\">MP3 let\u00f6lt\u00e9s<\/a><\/strong><\/p>\n\n\n\n<p><a rel=\"noreferrer noopener\" href=\"https:\/\/episzunago.com\/wp-content\/uploads\/2023\/01\/03_Evangelizacio_2021.05.17_A-NAGY-SZABADITAS_4_1.pdf\" target=\"_blank\">PDF let\u00f6lt\u00e9s<\/a><\/p>\n\n\n\n<div id=\"EV3-2\"><\/div>\n\n\n\n<p class=\"has-text-align-center\">2021.05.18: Mi ez az &#8222;\u00e1rul\u00e1s&#8221;, ami a vil\u00e1gban folyik?<\/p>\n\n\n\n<figure class=\"wp-block-embed is-type-video is-provider-youtube wp-block-embed-youtube wp-embed-aspect-16-9 wp-has-aspect-ratio\"><div class=\"wp-block-embed__wrapper\">\n<iframe title=\"V\u00e9gh Tam\u00e1s: A Nagy Szabad\u00edt\u00e1s - 4\/2 - HAT\u00c1ROKON \u00c1T\u00cdVEL\u0150 EVANG\u00c9LIZ\u00c1CI\u00d3 (2021.05.18)\" width=\"960\" height=\"540\" src=\"https:\/\/www.youtube.com\/embed\/8TDyr_VOXVA?feature=oembed\" frameborder=\"0\" allow=\"accelerometer; autoplay; clipboard-write; encrypted-media; gyroscope; picture-in-picture; web-share\" allowfullscreen><\/iframe>\n<\/div><\/figure>\n\n\n\n<p><strong><a href=\"https:\/\/episzunago.com\/wp-content\/uploads\/2022\/07\/2021.05.18-Vegh-Tamas-A-NAGY-SZABADITAS-4_2.mp3\" target=\"_blank\" rel=\"noreferrer noopener\">MP3 let\u00f6lt\u00e9s<\/a><\/strong><\/p>\n\n\n\n<p><a rel=\"noreferrer noopener\" href=\"https:\/\/episzunago.com\/wp-content\/uploads\/2023\/01\/03_Evangelizacio_2021.05.18_A-NAGY-SZABADITAS_4_2.pdf\" target=\"_blank\">PDF let\u00f6lt\u00e9s<\/a><\/p>\n\n\n\n<div id=\"EV3-3\"><\/div>\n\n\n\n<p class=\"has-text-align-center\">2021.05.19: Kicsoda J\u00e9zus?<\/p>\n\n\n\n<figure class=\"wp-block-embed is-type-video is-provider-youtube wp-block-embed-youtube wp-embed-aspect-16-9 wp-has-aspect-ratio\"><div class=\"wp-block-embed__wrapper\">\n<iframe title=\"V\u00e9gh Tam\u00e1s: A Nagy Szabad\u00edt\u00e1s - 4\/3. - HAT\u00c1ROKON \u00c1T\u00cdVEL\u0150 EVANG\u00c9LIZ\u00c1CI\u00d3 (2021.05.19)\" width=\"960\" height=\"540\" src=\"https:\/\/www.youtube.com\/embed\/Lehh4Eb5m3Q?feature=oembed\" frameborder=\"0\" allow=\"accelerometer; autoplay; clipboard-write; encrypted-media; gyroscope; picture-in-picture; web-share\" allowfullscreen><\/iframe>\n<\/div><\/figure>\n\n\n\n<p><strong><a href=\"https:\/\/episzunago.com\/wp-content\/uploads\/2022\/07\/2021.05.19-Vegh-Tamas-A-NAGY-SZABADITAS-4_3.mp3\" target=\"_blank\" rel=\"noreferrer noopener\">MP3 let\u00f6lt\u00e9s<\/a><\/strong><\/p>\n\n\n\n<p><a rel=\"noreferrer noopener\" href=\"https:\/\/episzunago.com\/wp-content\/uploads\/2023\/01\/03_Evangelizacio_2021.05.19_A-NAGY-SZABADITAS_4_3.pdf\" target=\"_blank\">PDF let\u00f6lt\u00e9s<\/a><\/p>\n\n\n\n<div id=\"EV3-4\"><\/div>\n\n\n\n<p class=\"has-text-align-center\">2021.05.20: Hogyan ragadhatom meg azt a nagy szabad\u00edt\u00e1st, amelyet J\u00e9zus szerzett nekem?<\/p>\n\n\n\n<figure class=\"wp-block-embed is-type-video is-provider-youtube wp-block-embed-youtube wp-embed-aspect-16-9 wp-has-aspect-ratio\"><div class=\"wp-block-embed__wrapper\">\n<iframe title=\"V\u00e9gh Tam\u00e1s: A Nagy Szabad\u00edt\u00e1s - 4\/4. - HAT\u00c1ROKON \u00c1T\u00cdVEL\u0150 EVANG\u00c9LIZ\u00c1CI\u00d3 (2021.05.20)\" width=\"960\" height=\"540\" src=\"https:\/\/www.youtube.com\/embed\/66K7Fq5FsWg?feature=oembed\" frameborder=\"0\" allow=\"accelerometer; autoplay; clipboard-write; encrypted-media; gyroscope; picture-in-picture; web-share\" allowfullscreen><\/iframe>\n<\/div><\/figure>\n\n\n\n<p><strong><a href=\"https:\/\/episzunago.com\/wp-content\/uploads\/2022\/07\/2021.05.20-Vegh-Tamas-A-NAGY-SZABADITAS-4_4.mp3\" target=\"_blank\" rel=\"noreferrer noopener\">MP3 let\u00f6lt\u00e9s<\/a><\/strong><\/p>\n\n\n\n<p><a rel=\"noreferrer noopener\" href=\"https:\/\/episzunago.com\/wp-content\/uploads\/2023\/01\/03_Evangelizacio_2021.05.20_A-NAGY-SZABADITAS_4_4.pdf\" target=\"_blank\">PDF let\u00f6lt\u00e9s<\/a><\/p>\n","protected":false},"excerpt":{"rendered":"<p>III. EVANGELIZ\u00c1CI\u00d3: V\u00c9GH TAM\u00c1S: A NAGY SZABAD\u00cdT\u00c1S 2021.05.17: Mit mond a Biblia? MP3 let\u00f6lt\u00e9s PDF let\u00f6lt\u00e9s 2021.05.18: Mi ez az &#8222;\u00e1rul\u00e1s&#8221;, ami a vil\u00e1gban folyik? MP3 let\u00f6lt\u00e9s PDF let\u00f6lt\u00e9s 2021.05.19: Kicsoda J\u00e9zus? MP3 let\u00f6lt\u00e9s PDF let\u00f6lt\u00e9s 2021.05.20: Hogyan ragadhatom meg azt a nagy szabad\u00edt\u00e1st, amelyet J\u00e9zus szerzett nekem? MP3 let\u00f6lt\u00e9s PDF let\u00f6lt\u00e9s<\/p>\n","protected":false},"author":1,"featured_media":0,"parent":30,"menu_order":3,"comment_status":"closed","ping_status":"open","template":"","meta":{"passster_activate_protection":false,"passster_protect_child_pages":"","passster_protection_type":"password","passster_password":"","passster_activate_overwrite_defaults":"","passster_headline":"","passster_instruction":"","passster_placeholder":"","passster_button":"","passster_id":"","passster_activate_misc_settings":"","passster_redirect_url":"","passster_hide":"no","passster_area_shortcode":"","footnotes":""},"class_list":["post-230","page","type-page","status-publish","hentry"],"_links":{"self":[{"href":"https:\/\/episzunago.com\/index.php?rest_route=\/wp\/v2\/pages\/230","targetHints":{"allow":["GET"]}}],"collection":[{"href":"https:\/\/episzunago.com\/index.php?rest_route=\/wp\/v2\/pages"}],"about":[{"href":"https:\/\/episzunago.com\/index.php?rest_route=\/wp\/v2\/types\/page"}],"author":[{"embeddable":true,"href":"https:\/\/episzunago.com\/index.php?rest_route=\/wp\/v2\/users\/1"}],"replies":[{"embeddable":true,"href":"https:\/\/episzunago.com\/index.php?rest_route=%2Fwp%2Fv2%2Fcomments&post=230"}],"version-history":[{"count":11,"href":"https:\/\/episzunago.com\/index.php?rest_route=\/wp\/v2\/pages\/230\/revisions"}],"predecessor-version":[{"id":3150,"href":"https:\/\/episzunago.com\/index.php?rest_route=\/wp\/v2\/pages\/230\/revisions\/3150"}],"up":[{"embeddable":true,"href":"https:\/\/episzunago.com\/index.php?rest_route=\/wp\/v2\/pages\/30"}],"wp:attachment":[{"href":"https:\/\/episzunago.com\/index.php?rest_route=%2Fwp%2Fv2%2Fmedia&parent=230"}],"curies":[{"name":"wp","href":"https:\/\/api.w.org\/{rel}","templated":true}]}}