{"id":2300,"date":"2022-11-01T08:55:20","date_gmt":"2022-11-01T08:55:20","guid":{"rendered":"https:\/\/episzunago.com\/?page_id=2300"},"modified":"2023-10-29T16:11:38","modified_gmt":"2023-10-29T16:11:38","slug":"x-hitmelyito-evangelizacio","status":"publish","type":"page","link":"https:\/\/episzunago.com\/?page_id=2300","title":{"rendered":"X. HITM\u00c9LY\u00cdT\u0150 EVANGELIZ\u00c1CI\u00d3"},"content":{"rendered":"\n<p class=\"wp-embed-aspect-16-9 wp-has-aspect-ratio\"><strong>OKKULTIZMUS<\/strong><\/p>\n\n\n\n<div id=\"EV10-1\"><\/div>\n\n\n\n<p>Kiss P\u00e9ter HALLOWEEN VAGY KRISZTUS &#8211; S\u00d6T\u00c9TS\u00c9G VAGY VIL\u00c1GOSS\u00c1G<\/p>\n\n\n\n<figure class=\"wp-block-embed is-type-video is-provider-youtube wp-block-embed-youtube wp-embed-aspect-16-9 wp-has-aspect-ratio\"><div class=\"wp-block-embed__wrapper\">\n<iframe title=\"Kiss P\u00e9ter: HALLOWEEN VAGY KRISZTUS? S\u00d6T\u00c9TS\u00c9G VAGY VIL\u00c1GOSS\u00c1G?\" width=\"960\" height=\"540\" src=\"https:\/\/www.youtube.com\/embed\/FTk9oR8ALaI?feature=oembed\" frameborder=\"0\" allow=\"accelerometer; autoplay; clipboard-write; encrypted-media; gyroscope; picture-in-picture; web-share\" allowfullscreen><\/iframe>\n<\/div><\/figure>\n\n\n\n<p><a rel=\"noreferrer noopener\" href=\"https:\/\/episzunago.com\/wp-content\/uploads\/2022\/11\/Kiss-Peter-HALLOWEEN-VAGY-KRISZTUS-SOTETSEG-VAGY-VILAGOSSAG.mp3\" target=\"_blank\">MP3 let\u00f6lt\u00e9s<\/a><\/p>\n\n\n\n<p><a rel=\"noreferrer noopener\" href=\"https:\/\/episzunago.com\/wp-content\/uploads\/2022\/11\/Evangelizacio_2022.10.31_Kiss_Peter_halloween_v_Krisztus.pdf\" target=\"_blank\">PDF let\u00f6lt\u00e9se<\/a><\/p>\n\n\n\n<p>&#8212;<\/p>\n\n\n\n<div id=\"EV10-2\"><\/div>\n\n\n\n<p>S\u00e1ndor Bal\u00e1zs GYERTYAGY\u00daJT\u00c1S A HALOTT\u00c9RT &#8211; MINT AZ OKKULTIZMUS T\u00c1PTALAJA<\/p>\n\n\n\n<figure class=\"wp-block-embed is-type-video is-provider-youtube wp-block-embed-youtube wp-embed-aspect-16-9 wp-has-aspect-ratio\"><div class=\"wp-block-embed__wrapper\">\n<iframe title=\"Dr. S\u00e1ndor Bal\u00e1zs: GYERTYAGY\u00daJT\u00c1S A HALOTT\u00c9RT, MINT AZ OKKULTIZMUS T\u00c1PTALAJA\u2026\" width=\"960\" height=\"540\" src=\"https:\/\/www.youtube.com\/embed\/b5Y9aBaoRdI?feature=oembed\" frameborder=\"0\" allow=\"accelerometer; autoplay; clipboard-write; encrypted-media; gyroscope; picture-in-picture; web-share\" allowfullscreen><\/iframe>\n<\/div><\/figure>\n\n\n\n<p><a rel=\"noreferrer noopener\" href=\"https:\/\/episzunago.com\/wp-content\/uploads\/2022\/11\/Sandor-Balazs-GYERTYAGYUJTAS-A-HALOTTERT-MINT-AZ-OKKULTIZMUS-TAPTALAJA.mp3\" target=\"_blank\">MP3 let\u00f6lt\u00e9s<\/a><\/p>\n\n\n\n<p><a rel=\"noreferrer noopener\" href=\"https:\/\/episzunago.com\/wp-content\/uploads\/2022\/11\/Evangelizacio_2022.11.01_Sandor_Balazs_gyertyagyujtas.pdf\" target=\"_blank\">PDF let\u00f6lt\u00e9se<\/a><\/p>\n","protected":false},"excerpt":{"rendered":"<p>OKKULTIZMUS Kiss P\u00e9ter HALLOWEEN VAGY KRISZTUS &#8211; S\u00d6T\u00c9TS\u00c9G VAGY VIL\u00c1GOSS\u00c1G MP3 let\u00f6lt\u00e9s PDF let\u00f6lt\u00e9se &#8212; S\u00e1ndor Bal\u00e1zs GYERTYAGY\u00daJT\u00c1S A HALOTT\u00c9RT &#8211; MINT AZ OKKULTIZMUS T\u00c1PTALAJA MP3 let\u00f6lt\u00e9s PDF let\u00f6lt\u00e9se<\/p>\n","protected":false},"author":1,"featured_media":1651,"parent":30,"menu_order":0,"comment_status":"closed","ping_status":"open","template":"","meta":{"passster_activate_protection":false,"passster_protect_child_pages":"","passster_protection_type":"password","passster_password":"","passster_activate_overwrite_defaults":"","passster_headline":"","passster_instruction":"","passster_placeholder":"","passster_button":"","passster_id":"","passster_activate_misc_settings":"","passster_redirect_url":"","passster_hide":"no","passster_area_shortcode":"","footnotes":""},"class_list":["post-2300","page","type-page","status-publish","has-post-thumbnail","hentry"],"_links":{"self":[{"href":"https:\/\/episzunago.com\/index.php?rest_route=\/wp\/v2\/pages\/2300","targetHints":{"allow":["GET"]}}],"collection":[{"href":"https:\/\/episzunago.com\/index.php?rest_route=\/wp\/v2\/pages"}],"about":[{"href":"https:\/\/episzunago.com\/index.php?rest_route=\/wp\/v2\/types\/page"}],"author":[{"embeddable":true,"href":"https:\/\/episzunago.com\/index.php?rest_route=\/wp\/v2\/users\/1"}],"replies":[{"embeddable":true,"href":"https:\/\/episzunago.com\/index.php?rest_route=%2Fwp%2Fv2%2Fcomments&post=2300"}],"version-history":[{"count":11,"href":"https:\/\/episzunago.com\/index.php?rest_route=\/wp\/v2\/pages\/2300\/revisions"}],"predecessor-version":[{"id":4992,"href":"https:\/\/episzunago.com\/index.php?rest_route=\/wp\/v2\/pages\/2300\/revisions\/4992"}],"up":[{"embeddable":true,"href":"https:\/\/episzunago.com\/index.php?rest_route=\/wp\/v2\/pages\/30"}],"wp:featuredmedia":[{"embeddable":true,"href":"https:\/\/episzunago.com\/index.php?rest_route=\/wp\/v2\/media\/1651"}],"wp:attachment":[{"href":"https:\/\/episzunago.com\/index.php?rest_route=%2Fwp%2Fv2%2Fmedia&parent=2300"}],"curies":[{"name":"wp","href":"https:\/\/api.w.org\/{rel}","templated":true}]}}