{"id":232,"date":"2022-07-04T20:07:49","date_gmt":"2022-07-04T20:07:49","guid":{"rendered":"https:\/\/episzunago.com\/?page_id=232"},"modified":"2023-01-25T22:18:07","modified_gmt":"2023-01-25T22:18:07","slug":"iv-hitmelyito-evangelizacio","status":"publish","type":"page","link":"https:\/\/episzunago.com\/?page_id=232","title":{"rendered":"IV. HITM\u00c9LY\u00cdT\u0150 EVANGELIZ\u00c1CI\u00d3:"},"content":{"rendered":"\n<p><strong>IV. HITM\u00c9LY\u00cdT\u0150 EVANGELIZ\u00c1CI\u00d3:<\/strong><\/p>\n\n\n\n<p><strong>A H\u00cdV\u0150K MEG\u00daJUL\u00c1SA 3\/1<\/strong><\/p>\n\n\n\n<div id=\"EV4-1\"><\/div>\n\n\n\n<p class=\"has-text-align-center\">2021.09.28: B\u00f3dis Mikl\u00f3s: Aki nem j\u00f6tt seg\u00edteni az \u00darnak<\/p>\n\n\n\n<figure class=\"wp-block-embed is-type-video is-provider-youtube wp-block-embed-youtube wp-embed-aspect-16-9 wp-has-aspect-ratio\"><div class=\"wp-block-embed__wrapper\">\n<iframe title=\"A H\u00cdV\u0150K MEG\u00daJUL\u00c1SA 9\/1:  B\u00f3dis Mikl\u00f3s: Aki nem j\u00f6tt seg\u00edteni az \u00darnak (2021.09.28)\" width=\"960\" height=\"540\" src=\"https:\/\/www.youtube.com\/embed\/MFR0izE5jks?feature=oembed\" frameborder=\"0\" allow=\"accelerometer; autoplay; clipboard-write; encrypted-media; gyroscope; picture-in-picture; web-share\" allowfullscreen><\/iframe>\n<\/div><\/figure>\n\n\n\n<p><strong><a href=\"https:\/\/episzunago.com\/wp-content\/uploads\/2022\/07\/2021.09.28-mp3-Bodis-Miklos-.mp3\" target=\"_blank\" rel=\"noreferrer noopener\">MP3 let\u00f6lt\u00e9s<\/a><\/strong><\/p>\n\n\n\n<p><a rel=\"noreferrer noopener\" href=\"https:\/\/episzunago.com\/wp-content\/uploads\/2023\/01\/04_Evangelizacio_2021.09.28_A-HIVOK-MEGUJULASA-3_1_1.pdf\" target=\"_blank\">PDF let\u00f6lt\u00e9s<\/a><\/p>\n\n\n\n<div id=\"EV4-2\"><\/div>\n\n\n\n<p class=\"has-text-align-center\">2021.09.29: Ittz\u00e9s Istv\u00e1n: &#8222;\u00c9bredj fel aki alszol, t\u00e1madj fel!&#8230;&#8221;<\/p>\n\n\n\n<figure class=\"wp-block-embed is-type-video is-provider-youtube wp-block-embed-youtube wp-embed-aspect-16-9 wp-has-aspect-ratio\"><div class=\"wp-block-embed__wrapper\">\n<iframe title=\"A H\u00cdV\u0150K MEG\u00daJUL\u00c1SA 9\/2:  Ittz\u00e9s Istv\u00e1n: \u201e\u00c9bredj fel aki alszol, t\u00e1madj fel!...\u201d (2021.09.29)\" width=\"960\" height=\"540\" src=\"https:\/\/www.youtube.com\/embed\/jGtg9ntX84A?feature=oembed\" frameborder=\"0\" allow=\"accelerometer; autoplay; clipboard-write; encrypted-media; gyroscope; picture-in-picture; web-share\" allowfullscreen><\/iframe>\n<\/div><\/figure>\n\n\n\n<p><strong><a href=\"https:\/\/episzunago.com\/wp-content\/uploads\/2022\/07\/2021.09.29-mp3-Ittzes-Istvan-.mp3\" target=\"_blank\" rel=\"noreferrer noopener\">MP3 let\u00f6lt\u00e9s<\/a><\/strong><\/p>\n\n\n\n<p><a href=\"https:\/\/episzunago.com\/wp-content\/uploads\/2023\/01\/04_Evangelizacio_2021.09.29_A-HIVOK-MEGUJULASA-3_1_2.pdf\" target=\"_blank\" rel=\"noreferrer noopener\">PDF let\u00f6lt\u00e9s<\/a><\/p>\n\n\n\n<div id=\"EV4-3\"><\/div>\n\n\n\n<p class=\"has-text-align-center\">2021.09.30: V\u00e9gh Tam\u00e1s: A h\u00edv\u0151 \u00e9let &#8211; aj\u00e1nd\u00e9k! L\u00e9nyege: uralomv\u00e1lt\u00e1s!<\/p>\n\n\n\n<figure class=\"wp-block-embed is-type-video is-provider-youtube wp-block-embed-youtube wp-embed-aspect-16-9 wp-has-aspect-ratio\"><div class=\"wp-block-embed__wrapper\">\n<iframe title=\"A H\u00cdV\u0150K MEG\u00daJUL\u00c1SA 9\/3:  V\u00e9gh Tam\u00e1s: A h\u00edv\u0151 \u00e9let \u2013 aj\u00e1nd\u00e9k! L\u00e9nyege: uralomv\u00e1lt\u00e1s!  (2021.09.30)\" width=\"960\" height=\"540\" src=\"https:\/\/www.youtube.com\/embed\/oYIF69bNU7M?feature=oembed\" frameborder=\"0\" allow=\"accelerometer; autoplay; clipboard-write; encrypted-media; gyroscope; picture-in-picture; web-share\" allowfullscreen><\/iframe>\n<\/div><\/figure>\n\n\n\n<p><strong><a href=\"https:\/\/episzunago.com\/wp-content\/uploads\/2022\/07\/2021.09.30-mp3-Vegh-Tamas.mp3\" target=\"_blank\" rel=\"noreferrer noopener\">MP3 let\u00f6lt\u00e9s<\/a><\/strong><\/p>\n\n\n\n<p><a href=\"https:\/\/episzunago.com\/wp-content\/uploads\/2023\/01\/04_Evangelizacio_2021.09.30_A-HIVOK-MEGUJULASA-3_1_3.pdf\" target=\"_blank\" rel=\"noreferrer noopener\">PDF let\u00f6lt\u00e9s<\/a><\/p>\n","protected":false},"excerpt":{"rendered":"<p>IV. HITM\u00c9LY\u00cdT\u0150 EVANGELIZ\u00c1CI\u00d3: A H\u00cdV\u0150K MEG\u00daJUL\u00c1SA 3\/1 2021.09.28: B\u00f3dis Mikl\u00f3s: Aki nem j\u00f6tt seg\u00edteni az \u00darnak MP3 let\u00f6lt\u00e9s PDF let\u00f6lt\u00e9s 2021.09.29: Ittz\u00e9s Istv\u00e1n: &#8222;\u00c9bredj fel aki alszol, t\u00e1madj fel!&#8230;&#8221; MP3 let\u00f6lt\u00e9s PDF let\u00f6lt\u00e9s 2021.09.30: V\u00e9gh Tam\u00e1s: A h\u00edv\u0151 \u00e9let &#8211; aj\u00e1nd\u00e9k! L\u00e9nyege: uralomv\u00e1lt\u00e1s! MP3 let\u00f6lt\u00e9s PDF let\u00f6lt\u00e9s<\/p>\n","protected":false},"author":1,"featured_media":0,"parent":30,"menu_order":4,"comment_status":"closed","ping_status":"open","template":"","meta":{"passster_activate_protection":false,"passster_protect_child_pages":"","passster_protection_type":"password","passster_password":"","passster_activate_overwrite_defaults":"","passster_headline":"","passster_instruction":"","passster_placeholder":"","passster_button":"","passster_id":"","passster_activate_misc_settings":"","passster_redirect_url":"","passster_hide":"no","passster_area_shortcode":"","footnotes":""},"class_list":["post-232","page","type-page","status-publish","hentry"],"_links":{"self":[{"href":"https:\/\/episzunago.com\/index.php?rest_route=\/wp\/v2\/pages\/232","targetHints":{"allow":["GET"]}}],"collection":[{"href":"https:\/\/episzunago.com\/index.php?rest_route=\/wp\/v2\/pages"}],"about":[{"href":"https:\/\/episzunago.com\/index.php?rest_route=\/wp\/v2\/types\/page"}],"author":[{"embeddable":true,"href":"https:\/\/episzunago.com\/index.php?rest_route=\/wp\/v2\/users\/1"}],"replies":[{"embeddable":true,"href":"https:\/\/episzunago.com\/index.php?rest_route=%2Fwp%2Fv2%2Fcomments&post=232"}],"version-history":[{"count":12,"href":"https:\/\/episzunago.com\/index.php?rest_route=\/wp\/v2\/pages\/232\/revisions"}],"predecessor-version":[{"id":3152,"href":"https:\/\/episzunago.com\/index.php?rest_route=\/wp\/v2\/pages\/232\/revisions\/3152"}],"up":[{"embeddable":true,"href":"https:\/\/episzunago.com\/index.php?rest_route=\/wp\/v2\/pages\/30"}],"wp:attachment":[{"href":"https:\/\/episzunago.com\/index.php?rest_route=%2Fwp%2Fv2%2Fmedia&parent=232"}],"curies":[{"name":"wp","href":"https:\/\/api.w.org\/{rel}","templated":true}]}}