{"id":239,"date":"2022-07-04T20:09:56","date_gmt":"2022-07-04T20:09:56","guid":{"rendered":"https:\/\/episzunago.com\/?page_id=239"},"modified":"2023-01-25T22:21:12","modified_gmt":"2023-01-25T22:21:12","slug":"vi-hitmelyito-evangelizacio","status":"publish","type":"page","link":"https:\/\/episzunago.com\/?page_id=239","title":{"rendered":"VI. HITM\u00c9LY\u00cdT\u0150 EVANGELIZ\u00c1CI\u00d3"},"content":{"rendered":"\n<p><strong>VI. HITM\u00c9LY\u00cdT\u0150 EVANGELIZ\u00c1CI\u00d3:<\/strong><\/p>\n\n\n\n<p><strong>A H\u00cdV\u0150K MEG\u00daJUL\u00c1SA 3\/3<\/strong><\/p>\n\n\n\n<div id=\"EV6-1\"><\/div>\n\n\n\n<p class=\"has-text-align-center\">2021.11.23: V\u00e9gh Tam\u00e1s: A h\u00edv\u0151 ember \u00e9letforr\u00e1sa<\/p>\n\n\n\n<figure class=\"wp-block-embed is-type-video is-provider-youtube wp-block-embed-youtube wp-embed-aspect-16-9 wp-has-aspect-ratio\"><div class=\"wp-block-embed__wrapper\">\n<iframe title=\"A H\u00cdV\u0150K MEG\u00daJUL\u00c1SA 9\/7:  V\u00e9gh Tam\u00e1s: A h\u00edv\u0151 ember \u00e9letforr\u00e1sa (2021.11.23)\" width=\"960\" height=\"540\" src=\"https:\/\/www.youtube.com\/embed\/ZnjVuQ-vja0?feature=oembed\" frameborder=\"0\" allow=\"accelerometer; autoplay; clipboard-write; encrypted-media; gyroscope; picture-in-picture; web-share\" allowfullscreen><\/iframe>\n<\/div><\/figure>\n\n\n\n<p><strong><a href=\"https:\/\/episzunago.com\/wp-content\/uploads\/2022\/07\/2021.11.23-Vegh-Tamas.mp3\" target=\"_blank\" rel=\"noreferrer noopener\">MP3 let\u00f6lt\u00e9s<\/a><\/strong><\/p>\n\n\n\n<p><a href=\"https:\/\/episzunago.com\/wp-content\/uploads\/2023\/01\/06_Evangelizacio_2021.11.23_A-HIVOK-MEGUJULASA-3_3_1.pdf\" target=\"_blank\" rel=\"noreferrer noopener\">PDF let\u00f6lt\u00e9s<\/a><\/p>\n\n\n\n<div id=\"EV6-2\"><\/div>\n\n\n\n<p class=\"has-text-align-center\">2021.11.24: B\u00f3dis Mikl\u00f3s: A gy\u0151zelem felt\u00e9tele &#8211; Isten h\u00edv\u0151 n\u00e9p\u00e9nek egys\u00e9ge<\/p>\n\n\n\n<figure class=\"wp-block-embed is-type-video is-provider-youtube wp-block-embed-youtube wp-embed-aspect-16-9 wp-has-aspect-ratio\"><div class=\"wp-block-embed__wrapper\">\n<iframe title=\"A H\u00cdV\u0150K MEG\u00daJUL\u00c1SA 9\/8:  B\u00f3dis Mikl\u00f3s: A gy\u0151zelem felt\u00e9tele\u2013Isten h\u00edv\u0151 n\u00e9p\u00e9nek egys\u00e9ge  (2021.11.24)\" width=\"960\" height=\"540\" src=\"https:\/\/www.youtube.com\/embed\/lc0Y8HmhuTs?feature=oembed\" frameborder=\"0\" allow=\"accelerometer; autoplay; clipboard-write; encrypted-media; gyroscope; picture-in-picture; web-share\" allowfullscreen><\/iframe>\n<\/div><\/figure>\n\n\n\n<p><strong><a href=\"https:\/\/episzunago.com\/wp-content\/uploads\/2022\/07\/2021.11.24-Bodis-Miklos.mp3\" target=\"_blank\" rel=\"noreferrer noopener\">MP3 let\u00f6lt\u00e9s<\/a><\/strong><\/p>\n\n\n\n<p><a href=\"https:\/\/episzunago.com\/wp-content\/uploads\/2023\/01\/06_Evangelizacio_2021.11.24_A-HIVOK-MEGUJULASA-3_3_2.pdf\" target=\"_blank\" rel=\"noreferrer noopener\">PDF let\u00f6lt\u00e9s<\/a><\/p>\n\n\n\n<div id=\"EV6-3\"><\/div>\n\n\n\n<p class=\"has-text-align-center\">2021.11.25: Ittz\u00e9s Istv\u00e1n: Krisztus teljess\u00e9ge szerinti nagykor\u00fas\u00e1g<\/p>\n\n\n\n<figure class=\"wp-block-embed is-type-video is-provider-youtube wp-block-embed-youtube wp-embed-aspect-16-9 wp-has-aspect-ratio\"><div class=\"wp-block-embed__wrapper\">\n<iframe title=\"A H\u00cdV\u0150K MEG\u00daJUL\u00c1SA 9\/9:  Ittz\u00e9s Istv\u00e1n: Krisztus teljess\u00e9ge szerinti nagykor\u00fas\u00e1g (2021.11.25)\" width=\"960\" height=\"540\" src=\"https:\/\/www.youtube.com\/embed\/OIBHhiSY5wM?feature=oembed\" frameborder=\"0\" allow=\"accelerometer; autoplay; clipboard-write; encrypted-media; gyroscope; picture-in-picture; web-share\" allowfullscreen><\/iframe>\n<\/div><\/figure>\n\n\n\n<p><strong><a href=\"https:\/\/episzunago.com\/wp-content\/uploads\/2022\/07\/2021.11.25-Ittzes-Istvan.mp3\" target=\"_blank\" rel=\"noreferrer noopener\">MP3 let\u00f6lt\u00e9s<\/a><\/strong><\/p>\n\n\n\n<p><a href=\"https:\/\/episzunago.com\/wp-content\/uploads\/2023\/01\/06_Evangelizacio_2021.11.25_A-HIVOK-MEGUJULASA-3_3_3.pdf\" target=\"_blank\" rel=\"noreferrer noopener\">PDF let\u00f6lt\u00e9s<\/a><\/p>\n","protected":false},"excerpt":{"rendered":"<p>VI. HITM\u00c9LY\u00cdT\u0150 EVANGELIZ\u00c1CI\u00d3: A H\u00cdV\u0150K MEG\u00daJUL\u00c1SA 3\/3 2021.11.23: V\u00e9gh Tam\u00e1s: A h\u00edv\u0151 ember \u00e9letforr\u00e1sa MP3 let\u00f6lt\u00e9s PDF let\u00f6lt\u00e9s 2021.11.24: B\u00f3dis Mikl\u00f3s: A gy\u0151zelem felt\u00e9tele &#8211; Isten h\u00edv\u0151 n\u00e9p\u00e9nek egys\u00e9ge MP3 let\u00f6lt\u00e9s PDF let\u00f6lt\u00e9s 2021.11.25: Ittz\u00e9s Istv\u00e1n: Krisztus teljess\u00e9ge szerinti nagykor\u00fas\u00e1g MP3 let\u00f6lt\u00e9s PDF let\u00f6lt\u00e9s<\/p>\n","protected":false},"author":1,"featured_media":0,"parent":30,"menu_order":6,"comment_status":"closed","ping_status":"open","template":"","meta":{"passster_activate_protection":false,"passster_protect_child_pages":"","passster_protection_type":"password","passster_password":"","passster_activate_overwrite_defaults":"","passster_headline":"","passster_instruction":"","passster_placeholder":"","passster_button":"","passster_id":"","passster_activate_misc_settings":"","passster_redirect_url":"","passster_hide":"no","passster_area_shortcode":"","footnotes":""},"class_list":["post-239","page","type-page","status-publish","hentry"],"_links":{"self":[{"href":"https:\/\/episzunago.com\/index.php?rest_route=\/wp\/v2\/pages\/239","targetHints":{"allow":["GET"]}}],"collection":[{"href":"https:\/\/episzunago.com\/index.php?rest_route=\/wp\/v2\/pages"}],"about":[{"href":"https:\/\/episzunago.com\/index.php?rest_route=\/wp\/v2\/types\/page"}],"author":[{"embeddable":true,"href":"https:\/\/episzunago.com\/index.php?rest_route=\/wp\/v2\/users\/1"}],"replies":[{"embeddable":true,"href":"https:\/\/episzunago.com\/index.php?rest_route=%2Fwp%2Fv2%2Fcomments&post=239"}],"version-history":[{"count":9,"href":"https:\/\/episzunago.com\/index.php?rest_route=\/wp\/v2\/pages\/239\/revisions"}],"predecessor-version":[{"id":3156,"href":"https:\/\/episzunago.com\/index.php?rest_route=\/wp\/v2\/pages\/239\/revisions\/3156"}],"up":[{"embeddable":true,"href":"https:\/\/episzunago.com\/index.php?rest_route=\/wp\/v2\/pages\/30"}],"wp:attachment":[{"href":"https:\/\/episzunago.com\/index.php?rest_route=%2Fwp%2Fv2%2Fmedia&parent=239"}],"curies":[{"name":"wp","href":"https:\/\/api.w.org\/{rel}","templated":true}]}}