{"id":241,"date":"2022-07-04T20:10:35","date_gmt":"2022-07-04T20:10:35","guid":{"rendered":"https:\/\/episzunago.com\/?page_id=241"},"modified":"2022-08-04T19:37:56","modified_gmt":"2022-08-04T19:37:56","slug":"vii-hitmelyito-evangelizacio","status":"publish","type":"page","link":"https:\/\/episzunago.com\/?page_id=241","title":{"rendered":"VII. HITM\u00c9LY\u00cdT\u0150 EVANGELIZ\u00c1CI\u00d3"},"content":{"rendered":"\n<p><strong>VII. HITM\u00c9LY\u00cdT\u0150 EVANGELIZ\u00c1CI\u00d3:<\/strong><\/p>\n\n\n\n<p><strong>AZ UTOLS\u00d3 ID\u0150K JELEI<\/strong><\/p>\n\n\n\n<div id='EV7-1'><\/div>\n\n\n\n<p class=\"has-text-align-center\">2022.04.26: B\u00d3DIS MIKL\u00d3S: A hitt\u0151l val\u00f3 elszakad\u00e1s el\u0151zm\u00e9nye<\/p>\n\n\n\n<figure class=\"wp-block-embed is-type-video is-provider-youtube wp-block-embed-youtube wp-embed-aspect-16-9 wp-has-aspect-ratio\"><div class=\"wp-block-embed__wrapper\">\n<iframe title=\"AZ UTOLS\u00d3 ID\u0150K JELEI 3\/1.: B\u00f3dis Mikl\u00f3s: A hitt\u0151l val\u00f3 elszakad\u00e1s el\u0151zm\u00e9nye (2022.04.26)\" width=\"960\" height=\"540\" src=\"https:\/\/www.youtube.com\/embed\/8mWySitjigI?feature=oembed\" frameborder=\"0\" allow=\"accelerometer; autoplay; clipboard-write; encrypted-media; gyroscope; picture-in-picture; web-share\" allowfullscreen><\/iframe>\n<\/div><\/figure>\n\n\n\n<p><strong><a href=\"https:\/\/episzunago.com\/wp-content\/uploads\/2022\/07\/Bodis-Miklos-A-HITTOL-VALO-ELSZAKADAS-ELOZMENYE-AZ-UTOLSO-IDOK-JELEI-3_1-2022.04.26.mp3\" target=\"_blank\" rel=\"noreferrer noopener\">MP3 let\u00f6lt\u00e9s<\/a><\/strong><\/p>\n\n\n\n<p><a href=\"https:\/\/episzunago.com\/wp-content\/uploads\/2022\/07\/Evangelizacio_2022_04_26_Bodis-Miklos-A-HITTOL-VALO-ELSZAKADAS-ELOZMENYE-AZ-UTOLSO-IDOK-JELEI-3_1.pdf\" target=\"_blank\" rel=\"noreferrer noopener\">PDF let\u00f6lt\u00e9s<\/a><\/p>\n\n\n\n<div id=\"EV7-2\"><\/div>\n\n\n\n<p class=\"has-text-align-center\">2022.04.27: IFJ. POCSAI S\u00c1NDOR: Kicsoda b\u00f6lcs \u00e9s \u00e9rtelmes k\u00f6z\u00f6ttetek?<\/p>\n\n\n\n<figure class=\"wp-block-embed is-type-video is-provider-youtube wp-block-embed-youtube wp-embed-aspect-16-9 wp-has-aspect-ratio\"><div class=\"wp-block-embed__wrapper\">\n<iframe title=\"AZ UTOLS\u00d3 ID\u0150K JELEI 3\/2.: ifj. Pocsai S\u00e1ndor: Kicsoda b\u00f6lcs \u00e9s \u00e9rtelmes k\u00f6z\u00f6ttetek? (2022.04.27)\" width=\"960\" height=\"540\" src=\"https:\/\/www.youtube.com\/embed\/padkuz0L4RI?feature=oembed\" frameborder=\"0\" allow=\"accelerometer; autoplay; clipboard-write; encrypted-media; gyroscope; picture-in-picture; web-share\" allowfullscreen><\/iframe>\n<\/div><\/figure>\n\n\n\n<p><strong><a href=\"https:\/\/episzunago.com\/wp-content\/uploads\/2022\/07\/Ifj.-Pocsai-Sandor-KICSODA-BOLCS-ES-ERTELMES-KOZOTTETEK-AZ-UTOLSO-IDOK-JELEI-3_2-2022.04.27.mp3\" target=\"_blank\" rel=\"noreferrer noopener\">MP3 let\u00f6lt\u00e9s<\/a><\/strong><\/p>\n\n\n\n<p><a href=\"https:\/\/episzunago.com\/wp-content\/uploads\/2022\/07\/Evangelizacio_2022_04_27_Ifj.-Pocsai-Sandor-KICSODA-BOLCS-ES-ERTELMES-KOZOTTETEK-AZ-UTOLSO-IDOK-JELEI-3_2.pdf\" target=\"_blank\" rel=\"noreferrer noopener\">PDF let\u00f6lt\u00e9s<\/a><\/p>\n\n\n\n<div id=\"EV7-3\"><\/div>\n\n\n\n<p class=\"has-text-align-center\">2022.04.28: DR. ORM\u00d3SHEGYI ZOLT\u00c1N: A szeretet sokakban meghideg\u00fcl<\/p>\n\n\n\n<figure class=\"wp-block-embed is-type-video is-provider-youtube wp-block-embed-youtube wp-embed-aspect-16-9 wp-has-aspect-ratio\"><div class=\"wp-block-embed__wrapper\">\n<iframe title=\"AZ UTOLS\u00d3 ID\u0150K JELEI 3\/3.: Orm\u00f3shegyi Zolt\u00e1n: A szeretet sokakban meghideg\u00fcl (2022.04.28)\" width=\"960\" height=\"540\" src=\"https:\/\/www.youtube.com\/embed\/hZY2WUlEuuo?feature=oembed\" frameborder=\"0\" allow=\"accelerometer; autoplay; clipboard-write; encrypted-media; gyroscope; picture-in-picture; web-share\" allowfullscreen><\/iframe>\n<\/div><\/figure>\n\n\n\n<p><strong><a href=\"https:\/\/episzunago.com\/wp-content\/uploads\/2022\/07\/Ormoshegyi-Zoltan-A-SZERETET-SOKAKBAN-MEGHIDEGUL-AZ-UTOLSO-IDOK-JELEI-3_3-2022.04.28-2022.04.28.mp3\" target=\"_blank\" rel=\"noreferrer noopener\">MP3 let\u00f6lt\u00e9s<\/a><\/strong><\/p>\n\n\n\n<p><a href=\"https:\/\/episzunago.com\/wp-content\/uploads\/2022\/07\/Evangelizacio_2022_04_28_Dr.Ormoshegyi-Zoltan-A-SZERETET-SOKAKBAN-MEGHIDEGUL-AZ-UTOLSO-IDOK-JELEI-3_3.pdf\" target=\"_blank\" rel=\"noreferrer noopener\">PDF let\u00f6lt\u00e9s<\/a><\/p>\n","protected":false},"excerpt":{"rendered":"<p>VII. HITM\u00c9LY\u00cdT\u0150 EVANGELIZ\u00c1CI\u00d3: AZ UTOLS\u00d3 ID\u0150K JELEI 2022.04.26: B\u00d3DIS MIKL\u00d3S: A hitt\u0151l val\u00f3 elszakad\u00e1s el\u0151zm\u00e9nye MP3 let\u00f6lt\u00e9s PDF let\u00f6lt\u00e9s 2022.04.27: IFJ. POCSAI S\u00c1NDOR: Kicsoda b\u00f6lcs \u00e9s \u00e9rtelmes k\u00f6z\u00f6ttetek? MP3 let\u00f6lt\u00e9s PDF let\u00f6lt\u00e9s 2022.04.28: DR. ORM\u00d3SHEGYI ZOLT\u00c1N: A szeretet sokakban meghideg\u00fcl MP3 let\u00f6lt\u00e9s PDF let\u00f6lt\u00e9s<\/p>\n","protected":false},"author":1,"featured_media":0,"parent":30,"menu_order":7,"comment_status":"closed","ping_status":"open","template":"","meta":{"passster_activate_protection":false,"passster_protect_child_pages":"","passster_protection_type":"password","passster_password":"","passster_activate_overwrite_defaults":"","passster_headline":"","passster_instruction":"","passster_placeholder":"","passster_button":"","passster_id":"","passster_activate_misc_settings":"","passster_redirect_url":"","passster_hide":"no","passster_area_shortcode":"","footnotes":""},"class_list":["post-241","page","type-page","status-publish","hentry"],"_links":{"self":[{"href":"https:\/\/episzunago.com\/index.php?rest_route=\/wp\/v2\/pages\/241","targetHints":{"allow":["GET"]}}],"collection":[{"href":"https:\/\/episzunago.com\/index.php?rest_route=\/wp\/v2\/pages"}],"about":[{"href":"https:\/\/episzunago.com\/index.php?rest_route=\/wp\/v2\/types\/page"}],"author":[{"embeddable":true,"href":"https:\/\/episzunago.com\/index.php?rest_route=\/wp\/v2\/users\/1"}],"replies":[{"embeddable":true,"href":"https:\/\/episzunago.com\/index.php?rest_route=%2Fwp%2Fv2%2Fcomments&post=241"}],"version-history":[{"count":7,"href":"https:\/\/episzunago.com\/index.php?rest_route=\/wp\/v2\/pages\/241\/revisions"}],"predecessor-version":[{"id":746,"href":"https:\/\/episzunago.com\/index.php?rest_route=\/wp\/v2\/pages\/241\/revisions\/746"}],"up":[{"embeddable":true,"href":"https:\/\/episzunago.com\/index.php?rest_route=\/wp\/v2\/pages\/30"}],"wp:attachment":[{"href":"https:\/\/episzunago.com\/index.php?rest_route=%2Fwp%2Fv2%2Fmedia&parent=241"}],"curies":[{"name":"wp","href":"https:\/\/api.w.org\/{rel}","templated":true}]}}