{"id":4257,"date":"2023-06-15T05:40:59","date_gmt":"2023-06-15T05:40:59","guid":{"rendered":"https:\/\/episzunago.com\/?page_id=4257"},"modified":"2023-08-01T14:46:28","modified_gmt":"2023-08-01T14:46:28","slug":"e-alkalmaink","status":"publish","type":"page","link":"https:\/\/episzunago.com\/?page_id=4257","title":{"rendered":"Alkalmaink"},"content":{"rendered":"\t\t<div data-elementor-type=\"wp-page\" data-elementor-id=\"4257\" class=\"elementor elementor-4257\" data-elementor-settings=\"{&quot;ha_cmc_init_switcher&quot;:&quot;no&quot;}\">\n\t\t\t\t\t\t<section class=\"elementor-section elementor-top-section elementor-element elementor-element-0858a63 elementor-section-boxed elementor-section-height-default elementor-section-height-default wpr-particle-no wpr-jarallax-no wpr-parallax-no wpr-sticky-section-no\" data-id=\"0858a63\" data-element_type=\"section\" data-settings=\"{&quot;_ha_eqh_enable&quot;:false}\">\n\t\t\t\t\t\t<div class=\"elementor-container elementor-column-gap-default\">\n\t\t\t\t\t<div class=\"elementor-column elementor-col-33 elementor-top-column elementor-element elementor-element-a973a27\" data-id=\"a973a27\" data-element_type=\"column\">\n\t\t\t<div class=\"elementor-widget-wrap elementor-element-populated\">\n\t\t\t\t\t\t<div class=\"elementor-element elementor-element-1905706 elementor-widget elementor-widget-image\" data-id=\"1905706\" data-element_type=\"widget\" data-widget_type=\"image.default\">\n\t\t\t\t<div class=\"elementor-widget-container\">\n\t\t\t<style>\/*! elementor - v3.21.0 - 26-05-2024 *\/\n.elementor-widget-image{text-align:center}.elementor-widget-image a{display:inline-block}.elementor-widget-image a img[src$=\".svg\"]{width:48px}.elementor-widget-image img{vertical-align:middle;display:inline-block}<\/style>\t\t\t\t\t\t\t<figure class=\"wp-caption\">\n\t\t\t\t\t\t\t\t\t\t\t<a href=\"https:\/\/episzunago.com\/?page_id=4346\">\n\t\t\t\t\t\t\t<img decoding=\"async\" src=\"https:\/\/episzunago.com\/wp-content\/uploads\/2023\/06\/Alkalmaink_Bibliaora.jpg\" title=\"\" alt=\"\" loading=\"lazy\" \/>\t\t\t\t\t\t\t\t<\/a>\n\t\t\t\t\t\t\t\t\t\t\t<figcaption class=\"widget-image-caption wp-caption-text\">Biblia\u00f3r\u00e1k<\/figcaption>\n\t\t\t\t\t\t\t\t\t\t<\/figure>\n\t\t\t\t\t\t\t<\/div>\n\t\t\t\t<\/div>\n\t\t\t\t\t<\/div>\n\t\t<\/div>\n\t\t\t\t<div class=\"elementor-column elementor-col-33 elementor-top-column elementor-element elementor-element-3c7b770\" data-id=\"3c7b770\" data-element_type=\"column\">\n\t\t\t<div class=\"elementor-widget-wrap elementor-element-populated\">\n\t\t\t\t\t\t<div class=\"elementor-element elementor-element-2b869c9 elementor-widget elementor-widget-image\" data-id=\"2b869c9\" data-element_type=\"widget\" data-widget_type=\"image.default\">\n\t\t\t\t<div class=\"elementor-widget-container\">\n\t\t\t\t\t\t\t\t\t\t<figure class=\"wp-caption\">\n\t\t\t\t\t\t\t\t\t\t\t<a href=\"https:\/\/episzunago.com\/?page_id=4341\">\n\t\t\t\t\t\t\t<img decoding=\"async\" src=\"https:\/\/episzunago.com\/wp-content\/uploads\/2023\/06\/Alkalmaink_Evang.-Hitm.jpg\" title=\"\" alt=\"\" loading=\"lazy\" \/>\t\t\t\t\t\t\t\t<\/a>\n\t\t\t\t\t\t\t\t\t\t\t<figcaption class=\"widget-image-caption wp-caption-text\">Evangeliz\u00e1ci\u00f3k, hitm\u00e9ly\u00edt\u0151 alkalmak<\/figcaption>\n\t\t\t\t\t\t\t\t\t\t<\/figure>\n\t\t\t\t\t\t\t<\/div>\n\t\t\t\t<\/div>\n\t\t\t\t\t<\/div>\n\t\t<\/div>\n\t\t\t\t<div class=\"elementor-column elementor-col-33 elementor-top-column elementor-element elementor-element-92e4c0f\" data-id=\"92e4c0f\" data-element_type=\"column\">\n\t\t\t<div class=\"elementor-widget-wrap elementor-element-populated\">\n\t\t\t\t\t\t<div class=\"elementor-element elementor-element-d3314d1 elementor-widget elementor-widget-image\" data-id=\"d3314d1\" data-element_type=\"widget\" data-widget_type=\"image.default\">\n\t\t\t\t<div class=\"elementor-widget-container\">\n\t\t\t\t\t\t\t\t\t\t<figure class=\"wp-caption\">\n\t\t\t\t\t\t\t\t\t\t\t<a href=\"https:\/\/episzunago.com\/?page_id=4354\">\n\t\t\t\t\t\t\t<img decoding=\"async\" src=\"https:\/\/episzunago.com\/wp-content\/uploads\/2023\/06\/Alkalmaink_Imakozosseg.jpg\" title=\"\" alt=\"\" loading=\"lazy\" \/>\t\t\t\t\t\t\t\t<\/a>\n\t\t\t\t\t\t\t\t\t\t\t<figcaption class=\"widget-image-caption wp-caption-text\">Imak\u00f6z\u00f6ss\u00e9g<\/figcaption>\n\t\t\t\t\t\t\t\t\t\t<\/figure>\n\t\t\t\t\t\t\t<\/div>\n\t\t\t\t<\/div>\n\t\t\t\t\t<\/div>\n\t\t<\/div>\n\t\t\t\t\t<\/div>\n\t\t<\/section>\n\t\t\t\t<\/div>\n\t\t","protected":false},"excerpt":{"rendered":"<p>Biblia\u00f3r\u00e1k Evangeliz\u00e1ci\u00f3k, hitm\u00e9ly\u00edt\u0151 alkalmak Imak\u00f6z\u00f6ss\u00e9g<\/p>\n","protected":false},"author":1,"featured_media":0,"parent":0,"menu_order":0,"comment_status":"closed","ping_status":"open","template":"","meta":{"passster_activate_protection":false,"passster_protect_child_pages":"","passster_protection_type":"password","passster_password":"","passster_activate_overwrite_defaults":"","passster_headline":"","passster_instruction":"","passster_placeholder":"","passster_button":"","passster_id":"","passster_activate_misc_settings":"","passster_redirect_url":"","passster_hide":"no","passster_area_shortcode":"","footnotes":""},"class_list":["post-4257","page","type-page","status-publish","hentry"],"_links":{"self":[{"href":"https:\/\/episzunago.com\/index.php?rest_route=\/wp\/v2\/pages\/4257","targetHints":{"allow":["GET"]}}],"collection":[{"href":"https:\/\/episzunago.com\/index.php?rest_route=\/wp\/v2\/pages"}],"about":[{"href":"https:\/\/episzunago.com\/index.php?rest_route=\/wp\/v2\/types\/page"}],"author":[{"embeddable":true,"href":"https:\/\/episzunago.com\/index.php?rest_route=\/wp\/v2\/users\/1"}],"replies":[{"embeddable":true,"href":"https:\/\/episzunago.com\/index.php?rest_route=%2Fwp%2Fv2%2Fcomments&post=4257"}],"version-history":[{"count":17,"href":"https:\/\/episzunago.com\/index.php?rest_route=\/wp\/v2\/pages\/4257\/revisions"}],"predecessor-version":[{"id":4744,"href":"https:\/\/episzunago.com\/index.php?rest_route=\/wp\/v2\/pages\/4257\/revisions\/4744"}],"wp:attachment":[{"href":"https:\/\/episzunago.com\/index.php?rest_route=%2Fwp%2Fv2%2Fmedia&parent=4257"}],"curies":[{"name":"wp","href":"https:\/\/api.w.org\/{rel}","templated":true}]}}