{"id":474,"date":"2022-07-07T18:28:29","date_gmt":"2022-07-07T18:28:29","guid":{"rendered":"https:\/\/episzunago.com\/?page_id=474"},"modified":"2023-07-17T10:46:35","modified_gmt":"2023-07-17T10:46:35","slug":"hitvallas","status":"publish","type":"page","link":"https:\/\/episzunago.com\/?page_id=474","title":{"rendered":"Hitvall\u00e1s"},"content":{"rendered":"<p><strong>HITVALL\u00c1SUNK<\/strong><\/p>\n<p><strong>\u00cdrta: REZS\u0150 ISTV\u00c1N<\/strong><\/p>\n<p><\/p>\n<p>Hitvall\u00e1sunk megfogalmaz\u00e1s\u00e1ban S\u00edpos Ete \u00c1lmos reform\u00e1tus lelkip\u00e1sztor \u00edr\u00e1s\u00e1t h\u00edvjuk seg\u00edts\u00e9g\u00fcl, &#8211; aki m\u00e1r a mennyei honban dics\u0151\u00edti az Urat:<\/p>\n<p><\/p>\n<blockquote>\n<p><i>\u201e<\/i><b><i>Vallom,&nbsp;<\/i><\/b>hogy a reform\u00e1tus egyh\u00e1z mai \u00e1llapota els\u0151sorban lelki, \u00e9s nem szervezeti reform\u00e1ci\u00f3 ut\u00e1n ki\u00e1lt.<br><b><i>Vallom,&nbsp;<\/i><\/b>hogy az igazi reform\u00e1ci\u00f3 ma is a megt\u00e9r\u0151 sz\u00edvekben kezd\u0151dik!<br><b><i>Vallom,&nbsp;<\/i><\/b>hogy az igazi reform\u00e1ci\u00f3t ma is csak a Szentl\u00e9lek tudja elkezdeni!<br><b><i>Vallom,&nbsp;<\/i><\/b>hogy az egyh\u00e1zat reform\u00e1l\u00f3 Szentl\u00e9lek eszk\u00f6ze ma is a megfesz\u00edtett \u00e9s&nbsp;felt\u00e1madott Krisztust pr\u00e9dik\u00e1l\u00f3 igehirdet\u00e9s \u00e9s az im\u00e1dkoz\u00f3 k\u00f6z\u00f6ss\u00e9gek!\u201d<\/p>\n<\/blockquote>\n<p>A H\u00c1IHA k\u00f6z\u00f6ss\u00e9g alapvet\u0151 elveinek \u00f6sszefoglal\u00e1s\u00e1t (is) summ\u00e1zza e r\u00f6vid vallom\u00e1s, amit mi is hisz\u00fcnk a Biblia tan\u00edt\u00e1sa alapj\u00e1n. Valljuk, hogy magyar n\u00e9p\u00fcnk k\u00f6r\u00e9ben \u00e9bred\u00e9st, meg\u00fajul\u00e1st nem lehet emberi okoskod\u00e1sokkal, net\u00e1n szervez\u00e9ssel kieszk\u00f6z\u00f6lni. Ugyanakkor az Ige alapj\u00e1n mi is ugyan\u00fagy l\u00e1tjuk, hogy megt\u00e9r\u00e9st csak a Szentl\u00e9lek tud munk\u00e1lni a megfesz\u00edtett \u00e9s felt\u00e1madott Krisztust hirdetve. Ennek eszk\u00f6ze szeretne lenni a H\u00c1IHA k\u00f6z\u00f6ss\u00e9g is, amikor evang\u00e9liz\u00e1ci\u00f3t szervez\u00fcnk, amikor imak\u00f6z\u00f6ss\u00e9gre gy\u0171l\u00fcnk \u00f6ssze \u00e9s akkor is, amikor Biblia\u00f3r\u00e1ra h\u00edvogatunk. Aki pedig m\u00e1r az \u00dar\u00e9, azon Testv\u00e9reinkkel pedig egy\u00fctt szeretn\u00e9nk n\u00f6vekedni, fejl\u0151dni, ahogy az Ef\u00e9zus 4:13-ban olvassuk:&nbsp;<\/p>\n<blockquote>\n<p><i>\u201e&#8230;m\u00edg eljutunk mindny\u00e1jan a hitnek \u00e9s az Isten Fia megismer\u00e9s\u00e9nek egys\u00e9g\u00e9re, a feln\u0151tt korra, a Krisztus teljess\u00e9g\u00e9t el\u00e9r\u0151 nagykor\u00fas\u00e1gra &#8230;\u201d<\/i><\/p>\n<\/blockquote>\n<p>Szolg\u00e1latunkkal, szervez\u00e9s\u00fcnkkel nem gy\u00fclekezetet vagy egyh\u00e1zat akarunk alap\u00edtani, hanem egy plusz lehet\u0151s\u00e9get \u00e9s alkalmat szeretn\u00e9nk ny\u00fajtani, &#8211; mint ahogy az egyh\u00e1zt\u00f6rt\u00e9netben volt r\u00e1 sz\u00e1mtalan p\u00e9lda, az \u00e9bred\u00e9si mozgalmak idej\u00e9n &#8211; azok sz\u00e1m\u00e1ra, akik a saj\u00e1t&nbsp;gy\u00fclekezet\u00fckbe val\u00f3 j\u00e1r\u00e1s mellett,&nbsp;id\u0151t tudnak \u00e9s k\u00edv\u00e1nnak ford\u00edtani az evang\u00e9lium tov\u00e1bbad\u00e1s\u00e1ra \u00e9s sz\u00edv\u00fcgy\u00fcknek tekintik magyar nemzet\u00fcnk Istenhez fordul\u00e1s\u00e1t.<\/p>\n<p>A Biblia t\u00f6bb helyen is eml\u00edti, hogy az im\u00e1ds\u00e1got fegyverk\u00e9nt is adja Isten a h\u00edv\u0151k kez\u00e9be.&nbsp;<\/p>\n<p>Ezt meg\u00e9rtve gy\u0171l\u00fcnk \u00f6ssze h\u00e9tr\u0151l h\u00e9tre im\u00e1dkozni magyar n\u00e9p\u00fcnk \u00e9bred\u00e9s\u00e9\u00e9rt szerte a vil\u00e1gban, mik\u00f6zben \u00e1t\u00e9lj\u00fck azt is, hogy az Ige minket is form\u00e1l, tisztogat, &#8211; nem felejtv\u00e9n azt sem, hogy:&nbsp;<\/p>\n<blockquote>\n<p><i>\u201e<\/i><b><i>Munk\u00e1nk sikere \u00e9s \u00e1ld\u00e1sa az Istennel val\u00f3 kapcsolatunk m\u00e9lys\u00e9g\u00e9t\u0151l f\u00fcgg.\u201d <\/i><\/b>Oswald Chambers.<\/p>\n<\/blockquote>\n<p>B\u00f3dis Mikl\u00f3s lelkip\u00e1sztor egyik alkalommal \u00edgy fogalmazott:<\/p>\n<blockquote>\n<p><strong>\u201e<i>Isten h\u00edv\u0151 n\u00e9pe nem ker\u00fclheti meg Jerik\u00f3t, \u00e1t kell menni\u00fck rajta. Jerik\u00f3 falai leomlanak. \u00c9s hogy omlanak le Jerik\u00f3 falai? Im\u00e1ds\u00e1g \u00e1ltal.\u201d<\/i><\/strong><\/p>\n<\/blockquote>\n<p>Az imak\u00f6z\u00f6ss\u00e9g mellett pedig elhivatottan szervezz\u00fck a h\u00edv\u0151 n\u00e9p tan\u00edt\u00e1s\u00e1\u00e9rt az evangeliz\u00e1ci\u00f3s sorozatokat, hat\u00e1rokat \u00e1t\u00edvelve, \u00fcgyelve \u00e9s&nbsp;figyelve az Ige tisztas\u00e1g\u00e1ra.<\/p>\n<blockquote>\n<p><i>\u201eA tiszta evang\u00e9lium terjed\u00e9se mellett&nbsp;az evangeliz\u00e1ci\u00f3s sorozatok els\u0151dleges c\u00e9lja az, hogy mindazok, akik hallj\u00e1k az Ig\u00e9t, megt\u00e9rjenek \u00e9s \u00e9ljenek.&nbsp;Isten akarata, hogy az \u0150 h\u00edv\u0151 n\u00e9pe megtudja mutatni a hit\u00e9t a cselekedetei alapj\u00e1n, \u00e9s el tudjon kategorikusan hat\u00e1rol\u00f3dni a vil\u00e1gt\u00f3l, a b\u0171nt\u0151l \u00e9s a b\u0171nben val\u00f3 \u00e9lett\u0151l, hogy a h\u00edv\u0151 n\u00e9pre a szents\u00e9gben val\u00f3 j\u00e1r\u00e1s \u00e9s a szents\u00e9gben val\u00f3 \u00e9l\u00e9s legyen a jellemz\u0151, megtartv\u00e1n az \u0150 parancsolatait, \u00e9s v\u00e1laszolva h\u00e1l\u00e1s, b\u0171nb\u00e1n\u00f3, engedelmes \u00e9lettel az \u0150 kimondhatatlan szeretet\u00e9re.\u201d <\/i>\u2013 B\u00f3dis Mikl\u00f3s.<\/p>\n<\/blockquote>\n<p>A Heidelbergi K\u00e1t\u00e9 els\u0151 k\u00e9rd\u00e9s-felelete jutott eszembe:&nbsp;<i>Mi \u00e9letedben \u00e9s hal\u00e1lodban egyetlen vigasztal\u00e1sod?<\/i> A felelet \u00edgy hangzik:&nbsp;<b>Az, hogy mind testest\u0151l, mind lelkest\u0151l \u2013 ak\u00e1r \u00e9lek, ak\u00e1r halok\u2013 nem \u00f6nmagam\u00e9, hanem az \u00e9n h\u0171s\u00e9ges Uramnak \u00e9s Megv\u00e1lt\u00f3mnak, a J\u00e9zus Krisztusnak a tulajdona vagyok<\/b> (\u2026). Ebb\u0151l fakad a H\u00c1IHA k\u00f6z\u00f6ss\u00e9g elk\u00f6telez\u0151d\u00e9se is Krisztus \u00e9s az evang\u00e9lium tov\u00e1bbad\u00e1sa mellett, hisz aki m\u00e1r megtapasztalta a saj\u00e1t \u00e9let\u00e9ben J\u00e9zus Krisztus \u00fajj\u00e1teremt\u0151 hatalm\u00e1t \u00e9s a kereszt erej\u00e9t, annak az embernek a sz\u00edv\u00e9ben ott \u00e9g a t\u0171z, hogy m\u00e1sokat is megnyerjen Krisztusnak.<\/p>\n<p><\/p>\n<p><b>C\u00e9lunk<\/b>,&nbsp;hogy min\u00e9l t\u00f6bb magyar honfit\u00e1rsunkhoz eljusson az \u00e9letet ad\u00f3 Ige, amely k\u00e9pes a halott \u00e1llapotb\u00f3l b\u00e1rkit \u00faj \u00e9letre kelteni, b\u00e1rmilyen m\u00e9lys\u00e9gb\u0151l, buk\u00e1sb\u00f3l kihozni, k\u00e9pes a megf\u00e1radtat megeleven\u00edteni \u00e9s szolg\u00e1latba \u00e1ll\u00edtani.<\/p>\n<p>Mint H\u00c1IHA k\u00f6z\u00f6ss\u00e9g, nem tartozunk hivatalosan semmilyen felekezethez. A k\u00f6z\u00f6ss\u00e9gben, d\u00f6nt\u0151 t\u00f6bbs\u00e9gben reform\u00e1tus testv\u00e9rek vannak jelen alkalmainkon, a vil\u00e1g k\u00fcl\u00f6nb\u00f6z\u0151 orsz\u00e1gaib\u00f3l (m\u00e1r az els\u0151 evang\u00e9liz\u00e1ci\u00f3n, a zoom-ra feljelentkez\u0151 testv\u00e9rek: 17 orsz\u00e1gb\u00f3l voltak!). L\u00e1tv\u00e1n a sz\u00e9tsz\u00f3rt magyars\u00e1got a vil\u00e1gban, \u00f6r\u00f6m \u00e9s h\u00e1la van benn\u00fcnk, amikor megtapasztalhatjuk az \u00dar szervez\u0151 munk\u00e1j\u00e1t egy-egy evang\u00e9liz\u00e1ci\u00f3s sorozaton.<\/p>\n<p>Nem egyszer kaptunk visszajelz\u00e9seket, olyan helyekr\u0151l, ahol nem is gondoln\u00e1nk, hogy m\u00e9g ott is \u00e9lnek magyar honfit\u00e1rsaink, testv\u00e9reink, ilyen p\u00e9ld\u00e1ul <i>Cancun<\/i> (v\u00e1ros Mexik\u00f3ban, a Yucat\u00e1n-f\u00e9lszigeten), vagy misszion\u00e1rius testv\u00e9reink <i>Vanuatun<\/i> (a Csendes-\u00f3ce\u00e1n d\u00e9lnyugati r\u00e9sz\u00e9n) \u2013 csak kiemel\u00e9sk\u00e9nt, k\u00fcl\u00f6nlegess\u00e9gk\u00e9nt.<\/p>\n<p>Els\u0151dleges szempontnak tartjuk \u00e9s a tov\u00e1bbiakban is azt szorgalmazzuk, hogy mindenki a saj\u00e1t, fizikai gy\u00fclekezet\u00e9ben legyen akt\u00edv tag, semmik\u00e9ppen nem a fizikai, gy\u00fclekezeti alkalmak helyett tartjuk az evang\u00e9liz\u00e1ci\u00f3kat, a Biblia\u00f3r\u00e1kat vagy az imak\u00f6z\u00f6ss\u00e9gi alkalmakat.<\/p>\n<p>Aki pedig a gy\u00fclekezete mellett, plusz lehet\u0151s\u00e9gk\u00e9nt sz\u00edvesen csatlakozna hozz\u00e1nk, szeretettel h\u00edvjuk \u00e9s v\u00e1rjuk.<\/p>\n<blockquote>\n<p><b>\u201eSzolg\u00e1ljatok az \u00darnak \u00f6r\u00f6mmel, vigadozva j\u00e1ruljatok sz\u00edne el\u00e9!\u201d&nbsp;<\/b>Zsolt 100,2.<\/p>\n<\/blockquote>\n\n<div class=\"wp-block-image\">\n<figure class=\"alignleft size-full is-resized\"><img fetchpriority=\"high\" decoding=\"async\" src=\"https:\/\/episzunago.com\/wp-content\/uploads\/2022\/07\/39_Eszirmak_SVGergo2.png\" alt=\"\" class=\"wp-image-659\" width=\"521\" height=\"439\" srcset=\"https:\/\/episzunago.com\/wp-content\/uploads\/2022\/07\/39_Eszirmak_SVGergo2.png 1042w, https:\/\/episzunago.com\/wp-content\/uploads\/2022\/07\/39_Eszirmak_SVGergo2-300x253.png 300w, https:\/\/episzunago.com\/wp-content\/uploads\/2022\/07\/39_Eszirmak_SVGergo2-768x647.png 768w\" sizes=\"(max-width: 521px) 100vw, 521px\" \/><\/figure>\n<\/div>","protected":false},"excerpt":{"rendered":"<p>HITVALL\u00c1SUNK \u00cdrta: REZS\u0150 ISTV\u00c1N Hitvall\u00e1sunk megfogalmaz\u00e1s\u00e1ban S\u00edpos Ete \u00c1lmos reform\u00e1tus lelkip\u00e1sztor \u00edr\u00e1s\u00e1t h\u00edvjuk seg\u00edts\u00e9g\u00fcl, &#8211; aki m\u00e1r a mennyei honban dics\u0151\u00edti az Urat: \u201eVallom,&nbsp;hogy a reform\u00e1tus egyh\u00e1z mai \u00e1llapota els\u0151sorban lelki, \u00e9s nem szervezeti reform\u00e1ci\u00f3 ut\u00e1n ki\u00e1lt.Vallom,&nbsp;hogy az igazi reform\u00e1ci\u00f3 ma is a megt\u00e9r\u0151 sz\u00edvekben kezd\u0151dik!Vallom,&nbsp;hogy az igazi reform\u00e1ci\u00f3t ma is csak a Szentl\u00e9lek tudja elkezdeni!Vallom,&nbsp;hogy az egyh\u00e1zat reform\u00e1l\u00f3 Szentl\u00e9lek eszk\u00f6ze ma is a megfesz\u00edtett \u00e9s&nbsp;felt\u00e1madott Krisztust pr\u00e9dik\u00e1l\u00f3 igehirdet\u00e9s \u00e9s az im\u00e1dkoz\u00f3 k\u00f6z\u00f6ss\u00e9gek!\u201d A H\u00c1IHA k\u00f6z\u00f6ss\u00e9g alapvet\u0151 elveinek \u00f6sszefoglal\u00e1s\u00e1t (is) summ\u00e1zza e r\u00f6vid vallom\u00e1s, amit mi is hisz\u00fcnk a Biblia tan\u00edt\u00e1sa alapj\u00e1n. Valljuk, hogy magyar n\u00e9p\u00fcnk k\u00f6r\u00e9ben \u00e9bred\u00e9st, meg\u00fajul\u00e1st nem lehet emberi okoskod\u00e1sokkal, net\u00e1n szervez\u00e9ssel kieszk\u00f6z\u00f6lni. Ugyanakkor az Ige alapj\u00e1n mi is ugyan\u00fagy l\u00e1tjuk, hogy megt\u00e9r\u00e9st csak a Szentl\u00e9lek tud munk\u00e1lni a megfesz\u00edtett \u00e9s felt\u00e1madott Krisztust hirdetve. Ennek eszk\u00f6ze szeretne lenni a H\u00c1IHA k\u00f6z\u00f6ss\u00e9g is, amikor evang\u00e9liz\u00e1ci\u00f3t szervez\u00fcnk, amikor imak\u00f6z\u00f6ss\u00e9gre gy\u0171l\u00fcnk \u00f6ssze \u00e9s akkor is, amikor Biblia\u00f3r\u00e1ra h\u00edvogatunk. Aki pedig m\u00e1r az \u00dar\u00e9, azon Testv\u00e9reinkkel pedig egy\u00fctt szeretn\u00e9nk n\u00f6vekedni, fejl\u0151dni, ahogy az Ef\u00e9zus 4:13-ban olvassuk:&nbsp; \u201e&#8230;m\u00edg eljutunk mindny\u00e1jan a hitnek \u00e9s az Isten Fia megismer\u00e9s\u00e9nek egys\u00e9g\u00e9re, a feln\u0151tt korra, a Krisztus teljess\u00e9g\u00e9t el\u00e9r\u0151 nagykor\u00fas\u00e1gra &#8230;\u201d Szolg\u00e1latunkkal, szervez\u00e9s\u00fcnkkel nem gy\u00fclekezetet vagy egyh\u00e1zat akarunk alap\u00edtani, hanem egy plusz lehet\u0151s\u00e9get \u00e9s alkalmat szeretn\u00e9nk ny\u00fajtani, &#8211; mint ahogy az egyh\u00e1zt\u00f6rt\u00e9netben volt r\u00e1 sz\u00e1mtalan p\u00e9lda, az \u00e9bred\u00e9si mozgalmak idej\u00e9n &#8211; azok sz\u00e1m\u00e1ra, akik a saj\u00e1t&nbsp;gy\u00fclekezet\u00fckbe val\u00f3 j\u00e1r\u00e1s mellett,&nbsp;id\u0151t tudnak \u00e9s k\u00edv\u00e1nnak ford\u00edtani az evang\u00e9lium tov\u00e1bbad\u00e1s\u00e1ra \u00e9s sz\u00edv\u00fcgy\u00fcknek tekintik magyar nemzet\u00fcnk Istenhez fordul\u00e1s\u00e1t. A Biblia t\u00f6bb helyen is eml\u00edti, hogy az im\u00e1ds\u00e1got fegyverk\u00e9nt is adja Isten a h\u00edv\u0151k kez\u00e9be.&nbsp; Ezt meg\u00e9rtve gy\u0171l\u00fcnk \u00f6ssze h\u00e9tr\u0151l h\u00e9tre im\u00e1dkozni magyar n\u00e9p\u00fcnk \u00e9bred\u00e9s\u00e9\u00e9rt szerte a vil\u00e1gban, mik\u00f6zben \u00e1t\u00e9lj\u00fck azt is, hogy az Ige minket is form\u00e1l, tisztogat, &#8211; nem felejtv\u00e9n azt sem, hogy:&nbsp; \u201eMunk\u00e1nk sikere \u00e9s \u00e1ld\u00e1sa az Istennel val\u00f3 kapcsolatunk m\u00e9lys\u00e9g\u00e9t\u0151l f\u00fcgg.\u201d Oswald Chambers. B\u00f3dis Mikl\u00f3s lelkip\u00e1sztor egyik alkalommal \u00edgy fogalmazott: \u201eIsten h\u00edv\u0151 n\u00e9pe nem ker\u00fclheti meg Jerik\u00f3t, \u00e1t kell menni\u00fck rajta. Jerik\u00f3 falai leomlanak. \u00c9s hogy omlanak le Jerik\u00f3 falai? Im\u00e1ds\u00e1g \u00e1ltal.\u201d Az imak\u00f6z\u00f6ss\u00e9g mellett pedig elhivatottan szervezz\u00fck a h\u00edv\u0151 n\u00e9p tan\u00edt\u00e1s\u00e1\u00e9rt az evangeliz\u00e1ci\u00f3s sorozatokat, hat\u00e1rokat \u00e1t\u00edvelve, \u00fcgyelve \u00e9s&nbsp;figyelve az Ige tisztas\u00e1g\u00e1ra. \u201eA tiszta evang\u00e9lium terjed\u00e9se mellett&nbsp;az evangeliz\u00e1ci\u00f3s sorozatok els\u0151dleges c\u00e9lja az, hogy mindazok, akik hallj\u00e1k az Ig\u00e9t, megt\u00e9rjenek \u00e9s \u00e9ljenek.&nbsp;Isten akarata, hogy az \u0150 h\u00edv\u0151 n\u00e9pe megtudja mutatni a hit\u00e9t a cselekedetei alapj\u00e1n, \u00e9s el tudjon kategorikusan hat\u00e1rol\u00f3dni a vil\u00e1gt\u00f3l, a b\u0171nt\u0151l \u00e9s a b\u0171nben val\u00f3 \u00e9lett\u0151l, hogy a h\u00edv\u0151 n\u00e9pre a szents\u00e9gben val\u00f3 j\u00e1r\u00e1s \u00e9s a szents\u00e9gben val\u00f3 \u00e9l\u00e9s legyen a jellemz\u0151, megtartv\u00e1n az \u0150 parancsolatait, \u00e9s v\u00e1laszolva h\u00e1l\u00e1s, b\u0171nb\u00e1n\u00f3, engedelmes \u00e9lettel az \u0150 kimondhatatlan szeretet\u00e9re.\u201d \u2013 B\u00f3dis Mikl\u00f3s. A Heidelbergi K\u00e1t\u00e9 els\u0151 k\u00e9rd\u00e9s-felelete jutott eszembe:&nbsp;Mi \u00e9letedben \u00e9s hal\u00e1lodban egyetlen vigasztal\u00e1sod? A felelet \u00edgy hangzik:&nbsp;Az, hogy mind testest\u0151l, mind lelkest\u0151l \u2013 ak\u00e1r \u00e9lek, ak\u00e1r halok\u2013 nem \u00f6nmagam\u00e9, hanem az \u00e9n h\u0171s\u00e9ges Uramnak \u00e9s Megv\u00e1lt\u00f3mnak, a J\u00e9zus Krisztusnak a tulajdona vagyok (\u2026). Ebb\u0151l fakad a H\u00c1IHA k\u00f6z\u00f6ss\u00e9g elk\u00f6telez\u0151d\u00e9se is Krisztus \u00e9s az evang\u00e9lium tov\u00e1bbad\u00e1sa mellett, hisz aki m\u00e1r megtapasztalta a saj\u00e1t \u00e9let\u00e9ben J\u00e9zus Krisztus \u00fajj\u00e1teremt\u0151 hatalm\u00e1t \u00e9s a kereszt erej\u00e9t, annak az embernek a sz\u00edv\u00e9ben ott \u00e9g a t\u0171z, hogy m\u00e1sokat is megnyerjen Krisztusnak. C\u00e9lunk,&nbsp;hogy min\u00e9l t\u00f6bb magyar honfit\u00e1rsunkhoz eljusson az \u00e9letet ad\u00f3 Ige, amely k\u00e9pes a halott \u00e1llapotb\u00f3l b\u00e1rkit \u00faj \u00e9letre kelteni, b\u00e1rmilyen m\u00e9lys\u00e9gb\u0151l, buk\u00e1sb\u00f3l kihozni, k\u00e9pes a megf\u00e1radtat megeleven\u00edteni \u00e9s szolg\u00e1latba \u00e1ll\u00edtani. Mint H\u00c1IHA k\u00f6z\u00f6ss\u00e9g, nem tartozunk hivatalosan semmilyen felekezethez. A k\u00f6z\u00f6ss\u00e9gben, d\u00f6nt\u0151 t\u00f6bbs\u00e9gben reform\u00e1tus testv\u00e9rek vannak jelen alkalmainkon, a vil\u00e1g k\u00fcl\u00f6nb\u00f6z\u0151 orsz\u00e1gaib\u00f3l (m\u00e1r az els\u0151 evang\u00e9liz\u00e1ci\u00f3n, a zoom-ra feljelentkez\u0151 testv\u00e9rek: 17 orsz\u00e1gb\u00f3l voltak!). L\u00e1tv\u00e1n a sz\u00e9tsz\u00f3rt magyars\u00e1got a vil\u00e1gban, \u00f6r\u00f6m \u00e9s h\u00e1la van benn\u00fcnk, amikor megtapasztalhatjuk az \u00dar szervez\u0151 munk\u00e1j\u00e1t egy-egy evang\u00e9liz\u00e1ci\u00f3s sorozaton. Nem egyszer kaptunk visszajelz\u00e9seket, olyan helyekr\u0151l, ahol nem is gondoln\u00e1nk, hogy m\u00e9g ott is \u00e9lnek magyar honfit\u00e1rsaink, testv\u00e9reink, ilyen p\u00e9ld\u00e1ul Cancun (v\u00e1ros Mexik\u00f3ban, a Yucat\u00e1n-f\u00e9lszigeten), vagy misszion\u00e1rius testv\u00e9reink Vanuatun (a Csendes-\u00f3ce\u00e1n d\u00e9lnyugati r\u00e9sz\u00e9n) \u2013 csak kiemel\u00e9sk\u00e9nt, k\u00fcl\u00f6nlegess\u00e9gk\u00e9nt. Els\u0151dleges szempontnak tartjuk \u00e9s a tov\u00e1bbiakban is azt szorgalmazzuk, hogy mindenki a saj\u00e1t, fizikai gy\u00fclekezet\u00e9ben legyen akt\u00edv tag, semmik\u00e9ppen nem a fizikai, gy\u00fclekezeti alkalmak helyett tartjuk az evang\u00e9liz\u00e1ci\u00f3kat, a Biblia\u00f3r\u00e1kat vagy az imak\u00f6z\u00f6ss\u00e9gi alkalmakat. Aki pedig a gy\u00fclekezete mellett, plusz lehet\u0151s\u00e9gk\u00e9nt sz\u00edvesen csatlakozna hozz\u00e1nk, szeretettel h\u00edvjuk \u00e9s v\u00e1rjuk. \u201eSzolg\u00e1ljatok az \u00darnak \u00f6r\u00f6mmel, vigadozva j\u00e1ruljatok sz\u00edne el\u00e9!\u201d&nbsp;Zsolt 100,2.<\/p>\n","protected":false},"author":1,"featured_media":0,"parent":104,"menu_order":4,"comment_status":"closed","ping_status":"open","template":"","meta":{"passster_activate_protection":false,"passster_protect_child_pages":"","passster_protection_type":"password","passster_password":"","passster_activate_overwrite_defaults":"","passster_headline":"","passster_instruction":"","passster_placeholder":"","passster_button":"","passster_id":"","passster_activate_misc_settings":"","passster_redirect_url":"","passster_hide":"no","passster_area_shortcode":"","footnotes":""},"class_list":["post-474","page","type-page","status-publish","hentry"],"_links":{"self":[{"href":"https:\/\/episzunago.com\/index.php?rest_route=\/wp\/v2\/pages\/474","targetHints":{"allow":["GET"]}}],"collection":[{"href":"https:\/\/episzunago.com\/index.php?rest_route=\/wp\/v2\/pages"}],"about":[{"href":"https:\/\/episzunago.com\/index.php?rest_route=\/wp\/v2\/types\/page"}],"author":[{"embeddable":true,"href":"https:\/\/episzunago.com\/index.php?rest_route=\/wp\/v2\/users\/1"}],"replies":[{"embeddable":true,"href":"https:\/\/episzunago.com\/index.php?rest_route=%2Fwp%2Fv2%2Fcomments&post=474"}],"version-history":[{"count":7,"href":"https:\/\/episzunago.com\/index.php?rest_route=\/wp\/v2\/pages\/474\/revisions"}],"predecessor-version":[{"id":4624,"href":"https:\/\/episzunago.com\/index.php?rest_route=\/wp\/v2\/pages\/474\/revisions\/4624"}],"up":[{"embeddable":true,"href":"https:\/\/episzunago.com\/index.php?rest_route=\/wp\/v2\/pages\/104"}],"wp:attachment":[{"href":"https:\/\/episzunago.com\/index.php?rest_route=%2Fwp%2Fv2%2Fmedia&parent=474"}],"curies":[{"name":"wp","href":"https:\/\/api.w.org\/{rel}","templated":true}]}}