{"id":4745,"date":"2023-08-01T17:48:15","date_gmt":"2023-08-01T17:48:15","guid":{"rendered":"https:\/\/episzunago.com\/?page_id=4745"},"modified":"2023-08-01T18:00:51","modified_gmt":"2023-08-01T18:00:51","slug":"xii-hitmelyito-evangelizacio","status":"publish","type":"page","link":"https:\/\/episzunago.com\/?page_id=4745","title":{"rendered":"XII. HITM\u00c9LY\u00cdT\u0150 EVANGELIZ\u00c1CI\u00d3"},"content":{"rendered":"\n<p id=\"block-79167449-97d7-4c20-b250-21a30678b839\"><strong>XII. HITM\u00c9LY\u00cdT\u0150 EVANGELIZ\u00c1CI\u00d3<\/strong><\/p>\n\n\n<div class=\"wp-block-image\">\n<figure class=\"aligncenter size-large\"><img fetchpriority=\"high\" decoding=\"async\" width=\"764\" height=\"1080\" src=\"https:\/\/episzunago.com\/wp-content\/uploads\/2023\/03\/hitmelyito-marcius-1-764x1080.png\" alt=\"\" class=\"wp-image-3612\" srcset=\"https:\/\/episzunago.com\/wp-content\/uploads\/2023\/03\/hitmelyito-marcius-1-764x1080.png 764w, https:\/\/episzunago.com\/wp-content\/uploads\/2023\/03\/hitmelyito-marcius-1-212x300.png 212w, https:\/\/episzunago.com\/wp-content\/uploads\/2023\/03\/hitmelyito-marcius-1-768x1086.png 768w, https:\/\/episzunago.com\/wp-content\/uploads\/2023\/03\/hitmelyito-marcius-1-1086x1536.png 1086w, https:\/\/episzunago.com\/wp-content\/uploads\/2023\/03\/hitmelyito-marcius-1.png 1414w\" sizes=\"(max-width: 764px) 100vw, 764px\" \/><\/figure>\n<\/div>\n\n\n<hr class=\"wp-block-separator has-alpha-channel-opacity is-style-dots\"\/>\n\n\n<div class=\"grid-plus-container grid-6a07ea4a50715 post \"\n     id=\"6a07ea4a50715\"\n     data-grid-name=\"EV-XII\"\n     data-animation=\"zoomIn\">\n    <div class=\"grid-stack-container grid-plus-inner\"\n         data-ajax-url=\"https:\/\/episzunago.com\/wp-admin\/admin-ajax.php\"\n         data-grid-id=\"64c94820bf9f4\"\n         data-current-category=\"25\"\n         data-section-id=\"6a07ea4a50715\"\n         data-gutter=\"5\"\n         data-columns=\"2\"\n         data-height-ratio=\"1\"\n         data-width-ratio=\"1\"\n         data-desktop-columns=\"2\"\n         data-tablet-columns=\"2\"\n         data-mobile-columns=\"1\"\n         data-layout-type=\"masonry\"\n         data-fix-item-height=\"false\"\n         data-nonce=\"014a3616a1\"\n    >\n        \n        <div class=\"grid-stack grid-stack-2\" data-layout=\"masonry\"\n             style=\"height: 445px\">\n        <\/div>\n        <div class=\"grid-items\">\n                            <div class=\"item\" data-gs-x=\"0\"\n                     data-gs-y=\"0\"\n                     data-gs-width=\"1\"\n                     data-gs-height=\"15\"\n                     data-skin=\"woo-thumb-icon-title-price\"\n\n                     data-desktop-gs-x=\"0\"\n                     data-desktop-gs-y=\"0\"\n                     data-desktop-gs-width=\"1\"\n                     data-desktop-gs-height=\"15\"\n                     data-desktop-skin=\"woo-thumb-icon-title-price\"\n\n                     data-image-width=\"2048\"\n                     data-image-height=\"1152\"\n                >\n                    <div class=\"grid-post-item woocommerce thumbnail-title post-info-center\" data-post-info-class=\"post-info\">\n    <div class=\"thumbnail-image\" data-img=\"https:\/\/episzunago.com\/wp-content\/uploads\/2023\/08\/2023.marcius.23.-csutortok.jpg\">\n                    <img decoding=\"async\" src=\"https:\/\/episzunago.com\/wp-content\/uploads\/2023\/08\/2023.marcius.23.-csutortok.jpg\" alt=\"XII. Hitm\u00e9ly\u00edt\u0151 evangeliz\u00e1ci\u00f3 &#8211; 2023.03.23.\" >\n                <div class=\"flag-wrap\">\n                                <\/div>\n        <div class=\"hover-outer transition-30\">\n                            <a href=\"https:\/\/episzunago.com\/?p=4747\" title=\"XII. Hitm\u00e9ly\u00edt\u0151 evangeliz\u00e1ci\u00f3 &#8211; 2023.03.23.\"><\/a>\n                        <div class=\"hover-inner transition-50\">\n                <div class=\"icon-groups\">\n                    <a href=\"javascript:;\" class=\"view-gallery\" data-src=\"https:\/\/episzunago.com\/wp-content\/uploads\/2023\/08\/2023.marcius.23.-csutortok.jpg\"\n                       data-post-id=\"4747\" title=\"XII. Hitm\u00e9ly\u00edt\u0151 evangeliz\u00e1ci\u00f3 &#8211; 2023.03.23.\"\n                       data-ajax-url=\"https:\/\/episzunago.com\/wp-admin\/admin-ajax.php?_wpnonce=88b28ebf96\"><i\n                            class=\"fa fa-search\"><\/i><\/a>\n                                    <\/div>\n            <\/div>\n        <\/div>\n    <\/div>\n    <div class=\"post-info\">\n                    <div class=\"title\">\n                                    <a href=\"https:\/\/episzunago.com\/?p=4747\" title=\"XII. Hitm\u00e9ly\u00edt\u0151 evangeliz\u00e1ci\u00f3 &#8211; 2023.03.23.\">XII. Hitm\u00e9ly\u00edt\u0151 evangeliz\u00e1ci\u00f3 &#8211; 2023.03.23.<\/a>\n                            <\/div>\n                    <\/div>\n<\/div>                <\/div>\n                                <div class=\"item\" data-gs-x=\"1\"\n                     data-gs-y=\"0\"\n                     data-gs-width=\"1\"\n                     data-gs-height=\"15\"\n                     data-skin=\"woo-thumb-icon-title-price\"\n\n                     data-desktop-gs-x=\"1\"\n                     data-desktop-gs-y=\"0\"\n                     data-desktop-gs-width=\"1\"\n                     data-desktop-gs-height=\"15\"\n                     data-desktop-skin=\"woo-thumb-icon-title-price\"\n\n                     data-image-width=\"2048\"\n                     data-image-height=\"1152\"\n                >\n                    <div class=\"grid-post-item woocommerce thumbnail-title post-info-center\" data-post-info-class=\"post-info\">\n    <div class=\"thumbnail-image\" data-img=\"https:\/\/episzunago.com\/wp-content\/uploads\/2023\/08\/2023.marcius.24.-pentek.jpg\">\n                    <img decoding=\"async\" src=\"https:\/\/episzunago.com\/wp-content\/uploads\/2023\/08\/2023.marcius.24.-pentek.jpg\" alt=\"XII. Hitm\u00e9ly\u00edt\u0151 evangeliz\u00e1ci\u00f3 &#8211; 2023.03.24.\" >\n                <div class=\"flag-wrap\">\n                                <\/div>\n        <div class=\"hover-outer transition-30\">\n                            <a href=\"https:\/\/episzunago.com\/?p=4749\" title=\"XII. Hitm\u00e9ly\u00edt\u0151 evangeliz\u00e1ci\u00f3 &#8211; 2023.03.24.\"><\/a>\n                        <div class=\"hover-inner transition-50\">\n                <div class=\"icon-groups\">\n                    <a href=\"javascript:;\" class=\"view-gallery\" data-src=\"https:\/\/episzunago.com\/wp-content\/uploads\/2023\/08\/2023.marcius.24.-pentek.jpg\"\n                       data-post-id=\"4749\" title=\"XII. Hitm\u00e9ly\u00edt\u0151 evangeliz\u00e1ci\u00f3 &#8211; 2023.03.24.\"\n                       data-ajax-url=\"https:\/\/episzunago.com\/wp-admin\/admin-ajax.php?_wpnonce=88b28ebf96\"><i\n                            class=\"fa fa-search\"><\/i><\/a>\n                                    <\/div>\n            <\/div>\n        <\/div>\n    <\/div>\n    <div class=\"post-info\">\n                    <div class=\"title\">\n                                    <a href=\"https:\/\/episzunago.com\/?p=4749\" title=\"XII. Hitm\u00e9ly\u00edt\u0151 evangeliz\u00e1ci\u00f3 &#8211; 2023.03.24.\">XII. Hitm\u00e9ly\u00edt\u0151 evangeliz\u00e1ci\u00f3 &#8211; 2023.03.24.<\/a>\n                            <\/div>\n                    <\/div>\n<\/div>                <\/div>\n                        <\/div>\n\n            <\/div>\n<\/div>\n\n","protected":false},"excerpt":{"rendered":"<p>XII. HITM\u00c9LY\u00cdT\u0150 EVANGELIZ\u00c1CI\u00d3<\/p>\n","protected":false},"author":1,"featured_media":0,"parent":30,"menu_order":0,"comment_status":"closed","ping_status":"open","template":"","meta":{"passster_activate_protection":false,"passster_protect_child_pages":"","passster_protection_type":"password","passster_password":"","passster_activate_overwrite_defaults":"","passster_headline":"","passster_instruction":"","passster_placeholder":"","passster_button":"","passster_id":"","passster_activate_misc_settings":"","passster_redirect_url":"","passster_hide":"no","passster_area_shortcode":"","footnotes":""},"class_list":["post-4745","page","type-page","status-publish","hentry"],"_links":{"self":[{"href":"https:\/\/episzunago.com\/index.php?rest_route=\/wp\/v2\/pages\/4745","targetHints":{"allow":["GET"]}}],"collection":[{"href":"https:\/\/episzunago.com\/index.php?rest_route=\/wp\/v2\/pages"}],"about":[{"href":"https:\/\/episzunago.com\/index.php?rest_route=\/wp\/v2\/types\/page"}],"author":[{"embeddable":true,"href":"https:\/\/episzunago.com\/index.php?rest_route=\/wp\/v2\/users\/1"}],"replies":[{"embeddable":true,"href":"https:\/\/episzunago.com\/index.php?rest_route=%2Fwp%2Fv2%2Fcomments&post=4745"}],"version-history":[{"count":1,"href":"https:\/\/episzunago.com\/index.php?rest_route=\/wp\/v2\/pages\/4745\/revisions"}],"predecessor-version":[{"id":4746,"href":"https:\/\/episzunago.com\/index.php?rest_route=\/wp\/v2\/pages\/4745\/revisions\/4746"}],"up":[{"embeddable":true,"href":"https:\/\/episzunago.com\/index.php?rest_route=\/wp\/v2\/pages\/30"}],"wp:attachment":[{"href":"https:\/\/episzunago.com\/index.php?rest_route=%2Fwp%2Fv2%2Fmedia&parent=4745"}],"curies":[{"name":"wp","href":"https:\/\/api.w.org\/{rel}","templated":true}]}}