{"id":4912,"date":"2023-10-02T10:22:01","date_gmt":"2023-10-02T10:22:01","guid":{"rendered":"https:\/\/episzunago.com\/?page_id=4912"},"modified":"2025-02-02T09:15:38","modified_gmt":"2025-02-02T09:15:38","slug":"ii-vilagtalalkozo-beregdaroc-2023-kepek-videok","status":"publish","type":"page","link":"https:\/\/episzunago.com\/?page_id=4912","title":{"rendered":"2. H\u00c1IHA VIL\u00c1GTAL\u00c1LKOZ\u00d3 2023"},"content":{"rendered":"\n<p class=\"has-text-align-center has-medium-font-size\"><strong>2. H\u00c1IHA VIL\u00c1GTAL\u00c1LKOZ\u00d3 2023<\/strong><\/p>\n\n\n\n<p class=\"has-text-align-center has-large-font-size\"><strong>F\u00e9lelmek \u00e9s rossz d\u00f6nt\u00e9sek<\/strong><\/p>\n\n\n<div class=\"grid-plus-container grid-6a07deb5f2dd9 post \"\n     id=\"6a07deb5f2dd9\"\n     data-grid-name=\"Beregdaroc2023\"\n     data-animation=\"zoomIn\">\n    <div class=\"grid-stack-container grid-plus-inner\"\n         data-ajax-url=\"https:\/\/episzunago.com\/wp-admin\/admin-ajax.php\"\n         data-grid-id=\"651a9a214e13f\"\n         data-current-category=\"27\"\n         data-section-id=\"6a07deb5f2dd9\"\n         data-gutter=\"5\"\n         data-columns=\"3\"\n         data-height-ratio=\"1\"\n         data-width-ratio=\"1\"\n         data-desktop-columns=\"3\"\n         data-tablet-columns=\"2\"\n         data-mobile-columns=\"1\"\n         data-layout-type=\"masonry\"\n         data-fix-item-height=\"false\"\n         data-nonce=\"014a3616a1\"\n    >\n        \n        <div class=\"grid-stack grid-stack-3\" data-layout=\"masonry\"\n             style=\"height: 445px\">\n        <\/div>\n        <div class=\"grid-items\">\n                            <div class=\"item\" data-gs-x=\"0\"\n                     data-gs-y=\"0\"\n                     data-gs-width=\"1\"\n                     data-gs-height=\"15\"\n                     data-skin=\"thumbnail-icon-title-excerpt\"\n\n                     data-desktop-gs-x=\"0\"\n                     data-desktop-gs-y=\"0\"\n                     data-desktop-gs-width=\"1\"\n                     data-desktop-gs-height=\"15\"\n                     data-desktop-skin=\"thumbnail-icon-title-excerpt\"\n\n                     data-image-width=\"2560\"\n                     data-image-height=\"1440\"\n                >\n                    <div class=\"grid-post-item thumbnail-title\" data-post-info-class=\"post-info\">\n    <div class=\"thumbnail-image\" data-img=\"https:\/\/episzunago.com\/wp-content\/uploads\/2023\/10\/01-OZ-01-scaled.jpg\">\n                    <img decoding=\"async\" src=\"https:\/\/episzunago.com\/wp-content\/uploads\/2023\/10\/01-OZ-01-scaled.jpg\" alt=\"2. H\u00c1IHA VIL\u00c1GTAL\u00c1LKOZ\u00d3 &#8211; 5\/1.\" >\n                <div class=\"hover-outer transition-30\">\n                            <a href=\"https:\/\/episzunago.com\/?p=4916\" title=\"2. H\u00c1IHA VIL\u00c1GTAL\u00c1LKOZ\u00d3 &#8211; 5\/1.\"><\/a>\n                        <div class=\"hover-inner transition-50\">\n                <div class=\"icon-groups\">\n                                            <a href=\"https:\/\/episzunago.com\/?p=4916\" class=\"view-detail\" ><i class=\"fa fa-link\"><\/i><\/a>\n                                        <a href=\"javascript:;\" data-src=\"https:\/\/episzunago.com\/wp-content\/uploads\/2023\/10\/01-OZ-01-scaled.jpg\" class=\"view-gallery\" data-post-id=\"4916\"\n                       data-ajax-url=\"https:\/\/episzunago.com\/wp-admin\/admin-ajax.php?_wpnonce=88b28ebf96\"><i class=\"fa fa-search\"><\/i><\/a>\n                <\/div>\n            <\/div>\n        <\/div>\n    <\/div>\n    <div class=\"post-info\">\n                    <div class=\"title\">\n                                    <a href=\"https:\/\/episzunago.com\/?p=4916\" title=\"2. H\u00c1IHA VIL\u00c1GTAL\u00c1LKOZ\u00d3 &#8211; 5\/1.\">2. H\u00c1IHA VIL\u00c1GTAL\u00c1LKOZ\u00d3 &#8211; 5\/1.<\/a>\n                            <\/div>\n                            <div class=\"excerpt\">-<\/div>\n            <\/div>\n<\/div>\n                <\/div>\n                                <div class=\"item\" data-gs-x=\"1\"\n                     data-gs-y=\"0\"\n                     data-gs-width=\"1\"\n                     data-gs-height=\"15\"\n                     data-skin=\"thumbnail-icon-title-excerpt\"\n\n                     data-desktop-gs-x=\"1\"\n                     data-desktop-gs-y=\"0\"\n                     data-desktop-gs-width=\"1\"\n                     data-desktop-gs-height=\"15\"\n                     data-desktop-skin=\"thumbnail-icon-title-excerpt\"\n\n                     data-image-width=\"2560\"\n                     data-image-height=\"1440\"\n                >\n                    <div class=\"grid-post-item thumbnail-title\" data-post-info-class=\"post-info\">\n    <div class=\"thumbnail-image\" data-img=\"https:\/\/episzunago.com\/wp-content\/uploads\/2023\/10\/02-SLE-01-scaled.jpg\">\n                    <img decoding=\"async\" src=\"https:\/\/episzunago.com\/wp-content\/uploads\/2023\/10\/02-SLE-01-scaled.jpg\" alt=\"2. H\u00c1IHA VIL\u00c1GTAL\u00c1LKOZ\u00d3 &#8211; 5\/2.\" >\n                <div class=\"hover-outer transition-30\">\n                            <a href=\"https:\/\/episzunago.com\/?p=4968\" title=\"2. H\u00c1IHA VIL\u00c1GTAL\u00c1LKOZ\u00d3 &#8211; 5\/2.\"><\/a>\n                        <div class=\"hover-inner transition-50\">\n                <div class=\"icon-groups\">\n                                            <a href=\"https:\/\/episzunago.com\/?p=4968\" class=\"view-detail\" ><i class=\"fa fa-link\"><\/i><\/a>\n                                        <a href=\"javascript:;\" data-src=\"https:\/\/episzunago.com\/wp-content\/uploads\/2023\/10\/02-SLE-01-scaled.jpg\" class=\"view-gallery\" data-post-id=\"4968\"\n                       data-ajax-url=\"https:\/\/episzunago.com\/wp-admin\/admin-ajax.php?_wpnonce=88b28ebf96\"><i class=\"fa fa-search\"><\/i><\/a>\n                <\/div>\n            <\/div>\n        <\/div>\n    <\/div>\n    <div class=\"post-info\">\n                    <div class=\"title\">\n                                    <a href=\"https:\/\/episzunago.com\/?p=4968\" title=\"2. H\u00c1IHA VIL\u00c1GTAL\u00c1LKOZ\u00d3 &#8211; 5\/2.\">2. H\u00c1IHA VIL\u00c1GTAL\u00c1LKOZ\u00d3 &#8211; 5\/2.<\/a>\n                            <\/div>\n                            <div class=\"excerpt\">-<\/div>\n            <\/div>\n<\/div>\n                <\/div>\n                                <div class=\"item\" data-gs-x=\"0\"\n                     data-gs-y=\"15\"\n                     data-gs-width=\"1\"\n                     data-gs-height=\"15\"\n                     data-skin=\"thumbnail-icon-title-excerpt\"\n\n                     data-desktop-gs-x=\"0\"\n                     data-desktop-gs-y=\"15\"\n                     data-desktop-gs-width=\"1\"\n                     data-desktop-gs-height=\"15\"\n                     data-desktop-skin=\"thumbnail-icon-title-excerpt\"\n\n                     data-image-width=\"2560\"\n                     data-image-height=\"1440\"\n                >\n                    <div class=\"grid-post-item thumbnail-title\" data-post-info-class=\"post-info\">\n    <div class=\"thumbnail-image\" data-img=\"https:\/\/episzunago.com\/wp-content\/uploads\/2023\/10\/03-KP-01-scaled.jpg\">\n                    <img decoding=\"async\" src=\"https:\/\/episzunago.com\/wp-content\/uploads\/2023\/10\/03-KP-01-scaled.jpg\" alt=\"2. H\u00c1IHA VIL\u00c1GTAL\u00c1LKOZ\u00d3 &#8211; 5\/3.\" >\n                <div class=\"hover-outer transition-30\">\n                            <a href=\"https:\/\/episzunago.com\/?p=4970\" title=\"2. H\u00c1IHA VIL\u00c1GTAL\u00c1LKOZ\u00d3 &#8211; 5\/3.\"><\/a>\n                        <div class=\"hover-inner transition-50\">\n                <div class=\"icon-groups\">\n                                            <a href=\"https:\/\/episzunago.com\/?p=4970\" class=\"view-detail\" ><i class=\"fa fa-link\"><\/i><\/a>\n                                        <a href=\"javascript:;\" data-src=\"https:\/\/episzunago.com\/wp-content\/uploads\/2023\/10\/03-KP-01-scaled.jpg\" class=\"view-gallery\" data-post-id=\"4970\"\n                       data-ajax-url=\"https:\/\/episzunago.com\/wp-admin\/admin-ajax.php?_wpnonce=88b28ebf96\"><i class=\"fa fa-search\"><\/i><\/a>\n                <\/div>\n            <\/div>\n        <\/div>\n    <\/div>\n    <div class=\"post-info\">\n                    <div class=\"title\">\n                                    <a href=\"https:\/\/episzunago.com\/?p=4970\" title=\"2. H\u00c1IHA VIL\u00c1GTAL\u00c1LKOZ\u00d3 &#8211; 5\/3.\">2. H\u00c1IHA VIL\u00c1GTAL\u00c1LKOZ\u00d3 &#8211; 5\/3.<\/a>\n                            <\/div>\n                            <div class=\"excerpt\">-<\/div>\n            <\/div>\n<\/div>\n                <\/div>\n                                <div class=\"item\" data-gs-x=\"1\"\n                     data-gs-y=\"15\"\n                     data-gs-width=\"1\"\n                     data-gs-height=\"15\"\n                     data-skin=\"thumbnail-icon-title-excerpt\"\n\n                     data-desktop-gs-x=\"1\"\n                     data-desktop-gs-y=\"15\"\n                     data-desktop-gs-width=\"1\"\n                     data-desktop-gs-height=\"15\"\n                     data-desktop-skin=\"thumbnail-icon-title-excerpt\"\n\n                     data-image-width=\"2560\"\n                     data-image-height=\"1440\"\n                >\n                    <div class=\"grid-post-item thumbnail-title\" data-post-info-class=\"post-info\">\n    <div class=\"thumbnail-image\" data-img=\"https:\/\/episzunago.com\/wp-content\/uploads\/2023\/10\/04-SK-01-scaled.jpg\">\n                    <img decoding=\"async\" src=\"https:\/\/episzunago.com\/wp-content\/uploads\/2023\/10\/04-SK-01-scaled.jpg\" alt=\"2. H\u00c1IHA VIL\u00c1GTAL\u00c1LKOZ\u00d3 &#8211; 5\/4.\" >\n                <div class=\"hover-outer transition-30\">\n                            <a href=\"https:\/\/episzunago.com\/?p=4972\" title=\"2. H\u00c1IHA VIL\u00c1GTAL\u00c1LKOZ\u00d3 &#8211; 5\/4.\"><\/a>\n                        <div class=\"hover-inner transition-50\">\n                <div class=\"icon-groups\">\n                                            <a href=\"https:\/\/episzunago.com\/?p=4972\" class=\"view-detail\" ><i class=\"fa fa-link\"><\/i><\/a>\n                                        <a href=\"javascript:;\" data-src=\"https:\/\/episzunago.com\/wp-content\/uploads\/2023\/10\/04-SK-01-scaled.jpg\" class=\"view-gallery\" data-post-id=\"4972\"\n                       data-ajax-url=\"https:\/\/episzunago.com\/wp-admin\/admin-ajax.php?_wpnonce=88b28ebf96\"><i class=\"fa fa-search\"><\/i><\/a>\n                <\/div>\n            <\/div>\n        <\/div>\n    <\/div>\n    <div class=\"post-info\">\n                    <div class=\"title\">\n                                    <a href=\"https:\/\/episzunago.com\/?p=4972\" title=\"2. H\u00c1IHA VIL\u00c1GTAL\u00c1LKOZ\u00d3 &#8211; 5\/4.\">2. H\u00c1IHA VIL\u00c1GTAL\u00c1LKOZ\u00d3 &#8211; 5\/4.<\/a>\n                            <\/div>\n                            <div class=\"excerpt\">-<\/div>\n            <\/div>\n<\/div>\n                <\/div>\n                                <div class=\"item\" data-gs-x=\"0\"\n                     data-gs-y=\"30\"\n                     data-gs-width=\"1\"\n                     data-gs-height=\"15\"\n                     data-skin=\"thumbnail-icon-title-excerpt\"\n\n                     data-desktop-gs-x=\"0\"\n                     data-desktop-gs-y=\"30\"\n                     data-desktop-gs-width=\"1\"\n                     data-desktop-gs-height=\"15\"\n                     data-desktop-skin=\"thumbnail-icon-title-excerpt\"\n\n                     data-image-width=\"2560\"\n                     data-image-height=\"1440\"\n                >\n                    <div class=\"grid-post-item thumbnail-title\" data-post-info-class=\"post-info\">\n    <div class=\"thumbnail-image\" data-img=\"https:\/\/episzunago.com\/wp-content\/uploads\/2023\/10\/05-NG-01-scaled.jpg\">\n                    <img decoding=\"async\" src=\"https:\/\/episzunago.com\/wp-content\/uploads\/2023\/10\/05-NG-01-scaled.jpg\" alt=\"2. H\u00c1IHA VIL\u00c1GTAL\u00c1LKOZ\u00d3 &#8211; 5\/5.\" >\n                <div class=\"hover-outer transition-30\">\n                            <a href=\"https:\/\/episzunago.com\/?p=4974\" title=\"2. H\u00c1IHA VIL\u00c1GTAL\u00c1LKOZ\u00d3 &#8211; 5\/5.\"><\/a>\n                        <div class=\"hover-inner transition-50\">\n                <div class=\"icon-groups\">\n                                            <a href=\"https:\/\/episzunago.com\/?p=4974\" class=\"view-detail\" ><i class=\"fa fa-link\"><\/i><\/a>\n                                        <a href=\"javascript:;\" data-src=\"https:\/\/episzunago.com\/wp-content\/uploads\/2023\/10\/05-NG-01-scaled.jpg\" class=\"view-gallery\" data-post-id=\"4974\"\n                       data-ajax-url=\"https:\/\/episzunago.com\/wp-admin\/admin-ajax.php?_wpnonce=88b28ebf96\"><i class=\"fa fa-search\"><\/i><\/a>\n                <\/div>\n            <\/div>\n        <\/div>\n    <\/div>\n    <div class=\"post-info\">\n                    <div class=\"title\">\n                                    <a href=\"https:\/\/episzunago.com\/?p=4974\" title=\"2. H\u00c1IHA VIL\u00c1GTAL\u00c1LKOZ\u00d3 &#8211; 5\/5.\">2. H\u00c1IHA VIL\u00c1GTAL\u00c1LKOZ\u00d3 &#8211; 5\/5.<\/a>\n                            <\/div>\n                            <div class=\"excerpt\">-<\/div>\n            <\/div>\n<\/div>\n                <\/div>\n                                <div class=\"item\" data-gs-x=\"1\"\n                     data-gs-y=\"30\"\n                     data-gs-width=\"1\"\n                     data-gs-height=\"15\"\n                     data-skin=\"thumbnail-icon-title-excerpt\"\n\n                     data-desktop-gs-x=\"1\"\n                     data-desktop-gs-y=\"30\"\n                     data-desktop-gs-width=\"1\"\n                     data-desktop-gs-height=\"15\"\n                     data-desktop-skin=\"thumbnail-icon-title-excerpt\"\n\n                     data-image-width=\"2560\"\n                     data-image-height=\"1440\"\n                >\n                    <div class=\"grid-post-item thumbnail-title\" data-post-info-class=\"post-info\">\n    <div class=\"thumbnail-image\" data-img=\"https:\/\/episzunago.com\/wp-content\/uploads\/2023\/11\/06-OZ_IT-scaled.jpg\">\n                    <img decoding=\"async\" src=\"https:\/\/episzunago.com\/wp-content\/uploads\/2023\/11\/06-OZ_IT-scaled.jpg\" alt=\"2. H\u00c1IHA VIL\u00c1GTAL\u00c1LKOZ\u00d3 &#8211; Z\u00c1R\u00d3, \u00daRVACSOR\u00c1S ISTENTISZTELET\" >\n                <div class=\"hover-outer transition-30\">\n                            <a href=\"https:\/\/episzunago.com\/?p=5115\" title=\"2. H\u00c1IHA VIL\u00c1GTAL\u00c1LKOZ\u00d3 &#8211; Z\u00c1R\u00d3, \u00daRVACSOR\u00c1S ISTENTISZTELET\"><\/a>\n                        <div class=\"hover-inner transition-50\">\n                <div class=\"icon-groups\">\n                                            <a href=\"https:\/\/episzunago.com\/?p=5115\" class=\"view-detail\" ><i class=\"fa fa-link\"><\/i><\/a>\n                                        <a href=\"javascript:;\" data-src=\"https:\/\/episzunago.com\/wp-content\/uploads\/2023\/11\/06-OZ_IT-scaled.jpg\" class=\"view-gallery\" data-post-id=\"5115\"\n                       data-ajax-url=\"https:\/\/episzunago.com\/wp-admin\/admin-ajax.php?_wpnonce=88b28ebf96\"><i class=\"fa fa-search\"><\/i><\/a>\n                <\/div>\n            <\/div>\n        <\/div>\n    <\/div>\n    <div class=\"post-info\">\n                    <div class=\"title\">\n                                    <a href=\"https:\/\/episzunago.com\/?p=5115\" title=\"2. H\u00c1IHA VIL\u00c1GTAL\u00c1LKOZ\u00d3 &#8211; Z\u00c1R\u00d3, \u00daRVACSOR\u00c1S ISTENTISZTELET\">2. H\u00c1IHA VIL\u00c1GTAL\u00c1LKOZ\u00d3 &#8211; Z\u00c1R\u00d3, \u00daRVACSOR\u00c1S ISTENTISZTELET<\/a>\n                            <\/div>\n                            <div class=\"excerpt\">-<\/div>\n            <\/div>\n<\/div>\n                <\/div>\n                        <\/div>\n\n            <\/div>\n<\/div>\n\n","protected":false},"excerpt":{"rendered":"<p>2. H\u00c1IHA VIL\u00c1GTAL\u00c1LKOZ\u00d3 2023 F\u00e9lelmek \u00e9s rossz d\u00f6nt\u00e9sek<\/p>\n","protected":false},"author":1,"featured_media":0,"parent":0,"menu_order":0,"comment_status":"closed","ping_status":"open","template":"","meta":{"passster_activate_protection":false,"passster_protect_child_pages":"","passster_protection_type":"password","passster_password":"beregdaroc2022","passster_activate_overwrite_defaults":"","passster_headline":"","passster_instruction":"","passster_placeholder":"","passster_button":"","passster_id":"","passster_activate_misc_settings":"","passster_redirect_url":"","passster_hide":"no","passster_area_shortcode":"","footnotes":""},"class_list":["post-4912","page","type-page","status-publish","hentry"],"_links":{"self":[{"href":"https:\/\/episzunago.com\/index.php?rest_route=\/wp\/v2\/pages\/4912","targetHints":{"allow":["GET"]}}],"collection":[{"href":"https:\/\/episzunago.com\/index.php?rest_route=\/wp\/v2\/pages"}],"about":[{"href":"https:\/\/episzunago.com\/index.php?rest_route=\/wp\/v2\/types\/page"}],"author":[{"embeddable":true,"href":"https:\/\/episzunago.com\/index.php?rest_route=\/wp\/v2\/users\/1"}],"replies":[{"embeddable":true,"href":"https:\/\/episzunago.com\/index.php?rest_route=%2Fwp%2Fv2%2Fcomments&post=4912"}],"version-history":[{"count":6,"href":"https:\/\/episzunago.com\/index.php?rest_route=\/wp\/v2\/pages\/4912\/revisions"}],"predecessor-version":[{"id":6406,"href":"https:\/\/episzunago.com\/index.php?rest_route=\/wp\/v2\/pages\/4912\/revisions\/6406"}],"wp:attachment":[{"href":"https:\/\/episzunago.com\/index.php?rest_route=%2Fwp%2Fv2%2Fmedia&parent=4912"}],"curies":[{"name":"wp","href":"https:\/\/api.w.org\/{rel}","templated":true}]}}