{"id":5003,"date":"2023-11-05T12:45:00","date_gmt":"2023-11-05T12:45:00","guid":{"rendered":"https:\/\/episzunago.com\/?page_id=5003"},"modified":"2023-11-04T08:43:52","modified_gmt":"2023-11-04T08:43:52","slug":"xiii-hitmelyito-evangelizacio","status":"publish","type":"page","link":"https:\/\/episzunago.com\/?page_id=5003","title":{"rendered":"XIII. HITM\u00c9LY\u00cdT\u0150 EVANGELIZ\u00c1CI\u00d3"},"content":{"rendered":"\n<p id=\"block-79167449-97d7-4c20-b250-21a30678b839\"><strong>XIII. HITM\u00c9LY\u00cdT\u0150 EVANGELIZ\u00c1CI\u00d3<\/strong><\/p>\n\n\n\n<figure class=\"wp-block-image size-large\"><img fetchpriority=\"high\" decoding=\"async\" width=\"1920\" height=\"1076\" src=\"https:\/\/episzunago.com\/wp-content\/uploads\/2023\/10\/fokep-2023.-nov-1920x1076.jpg\" alt=\"\" class=\"wp-image-4949\" srcset=\"https:\/\/episzunago.com\/wp-content\/uploads\/2023\/10\/fokep-2023.-nov-1920x1076.jpg 1920w, https:\/\/episzunago.com\/wp-content\/uploads\/2023\/10\/fokep-2023.-nov-300x168.jpg 300w, https:\/\/episzunago.com\/wp-content\/uploads\/2023\/10\/fokep-2023.-nov-768x430.jpg 768w, https:\/\/episzunago.com\/wp-content\/uploads\/2023\/10\/fokep-2023.-nov-1536x861.jpg 1536w, https:\/\/episzunago.com\/wp-content\/uploads\/2023\/10\/fokep-2023.-nov-2048x1147.jpg 2048w, https:\/\/episzunago.com\/wp-content\/uploads\/2023\/10\/fokep-2023.-nov-1140x639.jpg 1140w\" sizes=\"(max-width: 1920px) 100vw, 1920px\" \/><\/figure>\n\n\n\n<hr class=\"wp-block-separator has-alpha-channel-opacity is-style-dots\"\/>\n\n\n<div class=\"grid-plus-container grid-6a07ea717c1ea post \"\n     id=\"6a07ea717c1ea\"\n     data-grid-name=\"EV-XIII\"\n     data-animation=\"zoomIn\">\n    <div class=\"grid-stack-container grid-plus-inner\"\n         data-ajax-url=\"https:\/\/episzunago.com\/wp-admin\/admin-ajax.php\"\n         data-grid-id=\"65450cd99abaa\"\n         data-current-category=\"28\"\n         data-section-id=\"6a07ea717c1ea\"\n         data-gutter=\"5\"\n         data-columns=\"2\"\n         data-height-ratio=\"1\"\n         data-width-ratio=\"1\"\n         data-desktop-columns=\"2\"\n         data-tablet-columns=\"2\"\n         data-mobile-columns=\"1\"\n         data-layout-type=\"masonry\"\n         data-fix-item-height=\"false\"\n         data-nonce=\"014a3616a1\"\n    >\n        \n        <div class=\"grid-stack grid-stack-2\" data-layout=\"masonry\"\n             style=\"height: 445px\">\n        <\/div>\n        <div class=\"grid-items\">\n                            <div class=\"item\" data-gs-x=\"0\"\n                     data-gs-y=\"0\"\n                     data-gs-width=\"1\"\n                     data-gs-height=\"15\"\n                     data-skin=\"woo-thumb-icon-title-price\"\n\n                     data-desktop-gs-x=\"0\"\n                     data-desktop-gs-y=\"0\"\n                     data-desktop-gs-width=\"1\"\n                     data-desktop-gs-height=\"15\"\n                     data-desktop-skin=\"woo-thumb-icon-title-price\"\n\n                     data-image-width=\"1598\"\n                     data-image-height=\"900\"\n                >\n                    <div class=\"grid-post-item woocommerce thumbnail-title post-info-center\" data-post-info-class=\"post-info\">\n    <div class=\"thumbnail-image\" data-img=\"https:\/\/episzunago.com\/wp-content\/uploads\/2023\/11\/2023.10.31-fokep.jpg\">\n                    <img decoding=\"async\" src=\"https:\/\/episzunago.com\/wp-content\/uploads\/2023\/11\/2023.10.31-fokep.jpg\" alt=\"XIII. Hitm\u00e9ly\u00edt\u0151 evangeliz\u00e1ci\u00f3 &#8211; 2023.10.31.\" >\n                <div class=\"flag-wrap\">\n                                <\/div>\n        <div class=\"hover-outer transition-30\">\n                            <a href=\"https:\/\/episzunago.com\/?p=5006\" title=\"XIII. Hitm\u00e9ly\u00edt\u0151 evangeliz\u00e1ci\u00f3 &#8211; 2023.10.31.\"><\/a>\n                        <div class=\"hover-inner transition-50\">\n                <div class=\"icon-groups\">\n                    <a href=\"javascript:;\" class=\"view-gallery\" data-src=\"https:\/\/episzunago.com\/wp-content\/uploads\/2023\/11\/2023.10.31-fokep.jpg\"\n                       data-post-id=\"5006\" title=\"XIII. Hitm\u00e9ly\u00edt\u0151 evangeliz\u00e1ci\u00f3 &#8211; 2023.10.31.\"\n                       data-ajax-url=\"https:\/\/episzunago.com\/wp-admin\/admin-ajax.php?_wpnonce=88b28ebf96\"><i\n                            class=\"fa fa-search\"><\/i><\/a>\n                                    <\/div>\n            <\/div>\n        <\/div>\n    <\/div>\n    <div class=\"post-info\">\n                    <div class=\"title\">\n                                    <a href=\"https:\/\/episzunago.com\/?p=5006\" title=\"XIII. Hitm\u00e9ly\u00edt\u0151 evangeliz\u00e1ci\u00f3 &#8211; 2023.10.31.\">XIII. Hitm\u00e9ly\u00edt\u0151 evangeliz\u00e1ci\u00f3 &#8211; 2023.10.31.<\/a>\n                            <\/div>\n                    <\/div>\n<\/div>                <\/div>\n                                <div class=\"item\" data-gs-x=\"1\"\n                     data-gs-y=\"0\"\n                     data-gs-width=\"1\"\n                     data-gs-height=\"15\"\n                     data-skin=\"woo-thumb-icon-title-price\"\n\n                     data-desktop-gs-x=\"1\"\n                     data-desktop-gs-y=\"0\"\n                     data-desktop-gs-width=\"1\"\n                     data-desktop-gs-height=\"15\"\n                     data-desktop-skin=\"woo-thumb-icon-title-price\"\n\n                     data-image-width=\"2560\"\n                     data-image-height=\"1440\"\n                >\n                    <div class=\"grid-post-item woocommerce thumbnail-title post-info-center\" data-post-info-class=\"post-info\">\n    <div class=\"thumbnail-image\" data-img=\"https:\/\/episzunago.com\/wp-content\/uploads\/2023\/11\/2023.11.01-fokep-scaled.jpg\">\n                    <img decoding=\"async\" src=\"https:\/\/episzunago.com\/wp-content\/uploads\/2023\/11\/2023.11.01-fokep-scaled.jpg\" alt=\"XIII. Hitm\u00e9ly\u00edt\u0151 evangeliz\u00e1ci\u00f3 &#8211; 2023.11.01.\" >\n                <div class=\"flag-wrap\">\n                                <\/div>\n        <div class=\"hover-outer transition-30\">\n                            <a href=\"https:\/\/episzunago.com\/?p=5010\" title=\"XIII. Hitm\u00e9ly\u00edt\u0151 evangeliz\u00e1ci\u00f3 &#8211; 2023.11.01.\"><\/a>\n                        <div class=\"hover-inner transition-50\">\n                <div class=\"icon-groups\">\n                    <a href=\"javascript:;\" class=\"view-gallery\" data-src=\"https:\/\/episzunago.com\/wp-content\/uploads\/2023\/11\/2023.11.01-fokep-scaled.jpg\"\n                       data-post-id=\"5010\" title=\"XIII. Hitm\u00e9ly\u00edt\u0151 evangeliz\u00e1ci\u00f3 &#8211; 2023.11.01.\"\n                       data-ajax-url=\"https:\/\/episzunago.com\/wp-admin\/admin-ajax.php?_wpnonce=88b28ebf96\"><i\n                            class=\"fa fa-search\"><\/i><\/a>\n                                    <\/div>\n            <\/div>\n        <\/div>\n    <\/div>\n    <div class=\"post-info\">\n                    <div class=\"title\">\n                                    <a href=\"https:\/\/episzunago.com\/?p=5010\" title=\"XIII. Hitm\u00e9ly\u00edt\u0151 evangeliz\u00e1ci\u00f3 &#8211; 2023.11.01.\">XIII. Hitm\u00e9ly\u00edt\u0151 evangeliz\u00e1ci\u00f3 &#8211; 2023.11.01.<\/a>\n                            <\/div>\n                    <\/div>\n<\/div>                <\/div>\n                                <div class=\"item\" data-gs-x=\"0\"\n                     data-gs-y=\"15\"\n                     data-gs-width=\"1\"\n                     data-gs-height=\"15\"\n                     data-skin=\"woo-thumb-icon-title-price\"\n\n                     data-desktop-gs-x=\"0\"\n                     data-desktop-gs-y=\"15\"\n                     data-desktop-gs-width=\"1\"\n                     data-desktop-gs-height=\"15\"\n                     data-desktop-skin=\"woo-thumb-icon-title-price\"\n\n                     data-image-width=\"2560\"\n                     data-image-height=\"1440\"\n                >\n                    <div class=\"grid-post-item woocommerce thumbnail-title post-info-center\" data-post-info-class=\"post-info\">\n    <div class=\"thumbnail-image\" data-img=\"https:\/\/episzunago.com\/wp-content\/uploads\/2023\/11\/2023.11.02-fokep-scaled.jpg\">\n                    <img decoding=\"async\" src=\"https:\/\/episzunago.com\/wp-content\/uploads\/2023\/11\/2023.11.02-fokep-scaled.jpg\" alt=\"XIII. Hitm\u00e9ly\u00edt\u0151 evangeliz\u00e1ci\u00f3 &#8211; 2023.11.02.\" >\n                <div class=\"flag-wrap\">\n                                <\/div>\n        <div class=\"hover-outer transition-30\">\n                            <a href=\"https:\/\/episzunago.com\/?p=5018\" title=\"XIII. Hitm\u00e9ly\u00edt\u0151 evangeliz\u00e1ci\u00f3 &#8211; 2023.11.02.\"><\/a>\n                        <div class=\"hover-inner transition-50\">\n                <div class=\"icon-groups\">\n                    <a href=\"javascript:;\" class=\"view-gallery\" data-src=\"https:\/\/episzunago.com\/wp-content\/uploads\/2023\/11\/2023.11.02-fokep-scaled.jpg\"\n                       data-post-id=\"5018\" title=\"XIII. Hitm\u00e9ly\u00edt\u0151 evangeliz\u00e1ci\u00f3 &#8211; 2023.11.02.\"\n                       data-ajax-url=\"https:\/\/episzunago.com\/wp-admin\/admin-ajax.php?_wpnonce=88b28ebf96\"><i\n                            class=\"fa fa-search\"><\/i><\/a>\n                                    <\/div>\n            <\/div>\n        <\/div>\n    <\/div>\n    <div class=\"post-info\">\n                    <div class=\"title\">\n                                    <a href=\"https:\/\/episzunago.com\/?p=5018\" title=\"XIII. Hitm\u00e9ly\u00edt\u0151 evangeliz\u00e1ci\u00f3 &#8211; 2023.11.02.\">XIII. Hitm\u00e9ly\u00edt\u0151 evangeliz\u00e1ci\u00f3 &#8211; 2023.11.02.<\/a>\n                            <\/div>\n                    <\/div>\n<\/div>                <\/div>\n                                <div class=\"item\" data-gs-x=\"1\"\n                     data-gs-y=\"15\"\n                     data-gs-width=\"1\"\n                     data-gs-height=\"15\"\n                     data-skin=\"woo-thumb-icon-title-price\"\n\n                     data-desktop-gs-x=\"1\"\n                     data-desktop-gs-y=\"15\"\n                     data-desktop-gs-width=\"1\"\n                     data-desktop-gs-height=\"15\"\n                     data-desktop-skin=\"woo-thumb-icon-title-price\"\n\n                     data-image-width=\"2560\"\n                     data-image-height=\"1440\"\n                >\n                    <div class=\"grid-post-item woocommerce thumbnail-title post-info-center\" data-post-info-class=\"post-info\">\n    <div class=\"thumbnail-image\" data-img=\"https:\/\/episzunago.com\/wp-content\/uploads\/2023\/11\/2023.11.03-fokep-scaled.jpg\">\n                    <img decoding=\"async\" src=\"https:\/\/episzunago.com\/wp-content\/uploads\/2023\/11\/2023.11.03-fokep-scaled.jpg\" alt=\"XIII. Hitm\u00e9ly\u00edt\u0151 evangeliz\u00e1ci\u00f3 &#8211; 2023.11.03.\" >\n                <div class=\"flag-wrap\">\n                                <\/div>\n        <div class=\"hover-outer transition-30\">\n                            <a href=\"https:\/\/episzunago.com\/?p=5022\" title=\"XIII. Hitm\u00e9ly\u00edt\u0151 evangeliz\u00e1ci\u00f3 &#8211; 2023.11.03.\"><\/a>\n                        <div class=\"hover-inner transition-50\">\n                <div class=\"icon-groups\">\n                    <a href=\"javascript:;\" class=\"view-gallery\" data-src=\"https:\/\/episzunago.com\/wp-content\/uploads\/2023\/11\/2023.11.03-fokep-scaled.jpg\"\n                       data-post-id=\"5022\" title=\"XIII. Hitm\u00e9ly\u00edt\u0151 evangeliz\u00e1ci\u00f3 &#8211; 2023.11.03.\"\n                       data-ajax-url=\"https:\/\/episzunago.com\/wp-admin\/admin-ajax.php?_wpnonce=88b28ebf96\"><i\n                            class=\"fa fa-search\"><\/i><\/a>\n                                    <\/div>\n            <\/div>\n        <\/div>\n    <\/div>\n    <div class=\"post-info\">\n                    <div class=\"title\">\n                                    <a href=\"https:\/\/episzunago.com\/?p=5022\" title=\"XIII. Hitm\u00e9ly\u00edt\u0151 evangeliz\u00e1ci\u00f3 &#8211; 2023.11.03.\">XIII. Hitm\u00e9ly\u00edt\u0151 evangeliz\u00e1ci\u00f3 &#8211; 2023.11.03.<\/a>\n                            <\/div>\n                    <\/div>\n<\/div>                <\/div>\n                                <div class=\"item\" data-gs-x=\"0\"\n                     data-gs-y=\"30\"\n                     data-gs-width=\"1\"\n                     data-gs-height=\"15\"\n                     data-skin=\"woo-thumb-icon-title-price\"\n\n                     data-desktop-gs-x=\"0\"\n                     data-desktop-gs-y=\"30\"\n                     data-desktop-gs-width=\"1\"\n                     data-desktop-gs-height=\"15\"\n                     data-desktop-skin=\"woo-thumb-icon-title-price\"\n\n                     data-image-width=\"2560\"\n                     data-image-height=\"1440\"\n                >\n                    <div class=\"grid-post-item woocommerce thumbnail-title post-info-center\" data-post-info-class=\"post-info\">\n    <div class=\"thumbnail-image\" data-img=\"https:\/\/episzunago.com\/wp-content\/uploads\/2023\/11\/2023.11.04-fokep-scaled.jpg\">\n                    <img decoding=\"async\" src=\"https:\/\/episzunago.com\/wp-content\/uploads\/2023\/11\/2023.11.04-fokep-scaled.jpg\" alt=\"XIII. Hitm\u00e9ly\u00edt\u0151 evangeliz\u00e1ci\u00f3 &#8211; 2023.11.04.\" >\n                <div class=\"flag-wrap\">\n                                <\/div>\n        <div class=\"hover-outer transition-30\">\n                            <a href=\"https:\/\/episzunago.com\/?p=5029\" title=\"XIII. Hitm\u00e9ly\u00edt\u0151 evangeliz\u00e1ci\u00f3 &#8211; 2023.11.04.\"><\/a>\n                        <div class=\"hover-inner transition-50\">\n                <div class=\"icon-groups\">\n                    <a href=\"javascript:;\" class=\"view-gallery\" data-src=\"https:\/\/episzunago.com\/wp-content\/uploads\/2023\/11\/2023.11.04-fokep-scaled.jpg\"\n                       data-post-id=\"5029\" title=\"XIII. Hitm\u00e9ly\u00edt\u0151 evangeliz\u00e1ci\u00f3 &#8211; 2023.11.04.\"\n                       data-ajax-url=\"https:\/\/episzunago.com\/wp-admin\/admin-ajax.php?_wpnonce=88b28ebf96\"><i\n                            class=\"fa fa-search\"><\/i><\/a>\n                                    <\/div>\n            <\/div>\n        <\/div>\n    <\/div>\n    <div class=\"post-info\">\n                    <div class=\"title\">\n                                    <a href=\"https:\/\/episzunago.com\/?p=5029\" title=\"XIII. Hitm\u00e9ly\u00edt\u0151 evangeliz\u00e1ci\u00f3 &#8211; 2023.11.04.\">XIII. Hitm\u00e9ly\u00edt\u0151 evangeliz\u00e1ci\u00f3 &#8211; 2023.11.04.<\/a>\n                            <\/div>\n                    <\/div>\n<\/div>                <\/div>\n                        <\/div>\n\n            <\/div>\n<\/div>\n\n","protected":false},"excerpt":{"rendered":"<p>XIII. HITM\u00c9LY\u00cdT\u0150 EVANGELIZ\u00c1CI\u00d3<\/p>\n","protected":false},"author":1,"featured_media":0,"parent":30,"menu_order":0,"comment_status":"closed","ping_status":"open","template":"","meta":{"passster_activate_protection":false,"passster_protect_child_pages":"","passster_protection_type":"password","passster_password":"","passster_activate_overwrite_defaults":"","passster_headline":"","passster_instruction":"","passster_placeholder":"","passster_button":"","passster_id":"","passster_activate_misc_settings":"","passster_redirect_url":"","passster_hide":"no","passster_area_shortcode":"","footnotes":""},"class_list":["post-5003","page","type-page","status-publish","hentry"],"_links":{"self":[{"href":"https:\/\/episzunago.com\/index.php?rest_route=\/wp\/v2\/pages\/5003","targetHints":{"allow":["GET"]}}],"collection":[{"href":"https:\/\/episzunago.com\/index.php?rest_route=\/wp\/v2\/pages"}],"about":[{"href":"https:\/\/episzunago.com\/index.php?rest_route=\/wp\/v2\/types\/page"}],"author":[{"embeddable":true,"href":"https:\/\/episzunago.com\/index.php?rest_route=\/wp\/v2\/users\/1"}],"replies":[{"embeddable":true,"href":"https:\/\/episzunago.com\/index.php?rest_route=%2Fwp%2Fv2%2Fcomments&post=5003"}],"version-history":[{"count":4,"href":"https:\/\/episzunago.com\/index.php?rest_route=\/wp\/v2\/pages\/5003\/revisions"}],"predecessor-version":[{"id":5015,"href":"https:\/\/episzunago.com\/index.php?rest_route=\/wp\/v2\/pages\/5003\/revisions\/5015"}],"up":[{"embeddable":true,"href":"https:\/\/episzunago.com\/index.php?rest_route=\/wp\/v2\/pages\/30"}],"wp:attachment":[{"href":"https:\/\/episzunago.com\/index.php?rest_route=%2Fwp%2Fv2%2Fmedia&parent=5003"}],"curies":[{"name":"wp","href":"https:\/\/api.w.org\/{rel}","templated":true}]}}