{"id":5158,"date":"2023-12-04T21:19:30","date_gmt":"2023-12-04T21:19:30","guid":{"rendered":"https:\/\/episzunago.com\/?page_id=5158"},"modified":"2023-12-04T21:25:23","modified_gmt":"2023-12-04T21:25:23","slug":"xiv-hitmelyito-evangelizacio","status":"publish","type":"page","link":"https:\/\/episzunago.com\/?page_id=5158","title":{"rendered":"XIV. HITM\u00c9LY\u00cdT\u0150 EVANGELIZ\u00c1CI\u00d3"},"content":{"rendered":"\n<p id=\"block-79167449-97d7-4c20-b250-21a30678b839\"><strong>XIV. HITM\u00c9LY\u00cdT\u0150 EVANGELIZ\u00c1CI\u00d3<\/strong><\/p>\n\n\n\n<figure class=\"wp-block-image size-large\"><img fetchpriority=\"high\" decoding=\"async\" width=\"1920\" height=\"1080\" src=\"https:\/\/episzunago.com\/wp-content\/uploads\/2023\/12\/tancol-az-egyhaz-20232-1920x1080.jpg\" alt=\"\" class=\"wp-image-5159\" srcset=\"https:\/\/episzunago.com\/wp-content\/uploads\/2023\/12\/tancol-az-egyhaz-20232-1920x1080.jpg 1920w, https:\/\/episzunago.com\/wp-content\/uploads\/2023\/12\/tancol-az-egyhaz-20232-300x169.jpg 300w, https:\/\/episzunago.com\/wp-content\/uploads\/2023\/12\/tancol-az-egyhaz-20232-768x432.jpg 768w, https:\/\/episzunago.com\/wp-content\/uploads\/2023\/12\/tancol-az-egyhaz-20232-1536x864.jpg 1536w, https:\/\/episzunago.com\/wp-content\/uploads\/2023\/12\/tancol-az-egyhaz-20232-2048x1152.jpg 2048w, https:\/\/episzunago.com\/wp-content\/uploads\/2023\/12\/tancol-az-egyhaz-20232-1140x641.jpg 1140w\" sizes=\"(max-width: 1920px) 100vw, 1920px\" \/><\/figure>\n\n\n\n<hr class=\"wp-block-separator has-alpha-channel-opacity is-style-dots\"\/>\n\n\n<div class=\"grid-plus-container grid-6a07ea49a49d7 post \"\n     id=\"6a07ea49a49d7\"\n     data-grid-name=\"EV-XIV\"\n     data-animation=\"zoomIn\">\n    <div class=\"grid-stack-container grid-plus-inner\"\n         data-ajax-url=\"https:\/\/episzunago.com\/wp-admin\/admin-ajax.php\"\n         data-grid-id=\"656e4392436fe\"\n         data-current-category=\"30\"\n         data-section-id=\"6a07ea49a49d7\"\n         data-gutter=\"5\"\n         data-columns=\"2\"\n         data-height-ratio=\"1\"\n         data-width-ratio=\"1\"\n         data-desktop-columns=\"2\"\n         data-tablet-columns=\"2\"\n         data-mobile-columns=\"1\"\n         data-layout-type=\"masonry\"\n         data-fix-item-height=\"false\"\n         data-nonce=\"014a3616a1\"\n    >\n        \n        <div class=\"grid-stack grid-stack-2\" data-layout=\"masonry\"\n             style=\"height: 445px\">\n        <\/div>\n        <div class=\"grid-items\">\n                            <div class=\"item\" data-gs-x=\"0\"\n                     data-gs-y=\"0\"\n                     data-gs-width=\"1\"\n                     data-gs-height=\"15\"\n                     data-skin=\"woo-thumb-icon-title-price\"\n\n                     data-desktop-gs-x=\"0\"\n                     data-desktop-gs-y=\"0\"\n                     data-desktop-gs-width=\"1\"\n                     data-desktop-gs-height=\"15\"\n                     data-desktop-skin=\"woo-thumb-icon-title-price\"\n\n                     data-image-width=\"2560\"\n                     data-image-height=\"1440\"\n                >\n                    <div class=\"grid-post-item woocommerce thumbnail-title post-info-center\" data-post-info-class=\"post-info\">\n    <div class=\"thumbnail-image\" data-img=\"https:\/\/episzunago.com\/wp-content\/uploads\/2023\/12\/2023.12.04-fokep2-800-scaled.jpg\">\n                    <img decoding=\"async\" src=\"https:\/\/episzunago.com\/wp-content\/uploads\/2023\/12\/2023.12.04-fokep2-800-scaled.jpg\" alt=\"XIV. Hitm\u00e9ly\u00edt\u0151 evangeliz\u00e1ci\u00f3 &#8211; 2023.12.04.\" >\n                <div class=\"flag-wrap\">\n                                <\/div>\n        <div class=\"hover-outer transition-30\">\n                            <a href=\"https:\/\/episzunago.com\/?p=5163\" title=\"XIV. Hitm\u00e9ly\u00edt\u0151 evangeliz\u00e1ci\u00f3 &#8211; 2023.12.04.\"><\/a>\n                        <div class=\"hover-inner transition-50\">\n                <div class=\"icon-groups\">\n                    <a href=\"javascript:;\" class=\"view-gallery\" data-src=\"https:\/\/episzunago.com\/wp-content\/uploads\/2023\/12\/2023.12.04-fokep2-800-scaled.jpg\"\n                       data-post-id=\"5163\" title=\"XIV. Hitm\u00e9ly\u00edt\u0151 evangeliz\u00e1ci\u00f3 &#8211; 2023.12.04.\"\n                       data-ajax-url=\"https:\/\/episzunago.com\/wp-admin\/admin-ajax.php?_wpnonce=88b28ebf96\"><i\n                            class=\"fa fa-search\"><\/i><\/a>\n                                    <\/div>\n            <\/div>\n        <\/div>\n    <\/div>\n    <div class=\"post-info\">\n                    <div class=\"title\">\n                                    <a href=\"https:\/\/episzunago.com\/?p=5163\" title=\"XIV. Hitm\u00e9ly\u00edt\u0151 evangeliz\u00e1ci\u00f3 &#8211; 2023.12.04.\">XIV. Hitm\u00e9ly\u00edt\u0151 evangeliz\u00e1ci\u00f3 &#8211; 2023.12.04.<\/a>\n                            <\/div>\n                    <\/div>\n<\/div>                <\/div>\n                                <div class=\"item\" data-gs-x=\"1\"\n                     data-gs-y=\"0\"\n                     data-gs-width=\"1\"\n                     data-gs-height=\"15\"\n                     data-skin=\"woo-thumb-icon-title-price\"\n\n                     data-desktop-gs-x=\"1\"\n                     data-desktop-gs-y=\"0\"\n                     data-desktop-gs-width=\"1\"\n                     data-desktop-gs-height=\"15\"\n                     data-desktop-skin=\"woo-thumb-icon-title-price\"\n\n                     data-image-width=\"2560\"\n                     data-image-height=\"1440\"\n                >\n                    <div class=\"grid-post-item woocommerce thumbnail-title post-info-center\" data-post-info-class=\"post-info\">\n    <div class=\"thumbnail-image\" data-img=\"https:\/\/episzunago.com\/wp-content\/uploads\/2023\/12\/2023.12.05-fokep-scaled.jpg\">\n                    <img decoding=\"async\" src=\"https:\/\/episzunago.com\/wp-content\/uploads\/2023\/12\/2023.12.05-fokep-scaled.jpg\" alt=\"XIV. Hitm\u00e9ly\u00edt\u0151 evangeliz\u00e1ci\u00f3 &#8211; 2023.12.05.\" >\n                <div class=\"flag-wrap\">\n                                <\/div>\n        <div class=\"hover-outer transition-30\">\n                            <a href=\"https:\/\/episzunago.com\/?p=5172\" title=\"XIV. Hitm\u00e9ly\u00edt\u0151 evangeliz\u00e1ci\u00f3 &#8211; 2023.12.05.\"><\/a>\n                        <div class=\"hover-inner transition-50\">\n                <div class=\"icon-groups\">\n                    <a href=\"javascript:;\" class=\"view-gallery\" data-src=\"https:\/\/episzunago.com\/wp-content\/uploads\/2023\/12\/2023.12.05-fokep-scaled.jpg\"\n                       data-post-id=\"5172\" title=\"XIV. Hitm\u00e9ly\u00edt\u0151 evangeliz\u00e1ci\u00f3 &#8211; 2023.12.05.\"\n                       data-ajax-url=\"https:\/\/episzunago.com\/wp-admin\/admin-ajax.php?_wpnonce=88b28ebf96\"><i\n                            class=\"fa fa-search\"><\/i><\/a>\n                                    <\/div>\n            <\/div>\n        <\/div>\n    <\/div>\n    <div class=\"post-info\">\n                    <div class=\"title\">\n                                    <a href=\"https:\/\/episzunago.com\/?p=5172\" title=\"XIV. Hitm\u00e9ly\u00edt\u0151 evangeliz\u00e1ci\u00f3 &#8211; 2023.12.05.\">XIV. Hitm\u00e9ly\u00edt\u0151 evangeliz\u00e1ci\u00f3 &#8211; 2023.12.05.<\/a>\n                            <\/div>\n                    <\/div>\n<\/div>                <\/div>\n                                <div class=\"item\" data-gs-x=\"0\"\n                     data-gs-y=\"15\"\n                     data-gs-width=\"1\"\n                     data-gs-height=\"15\"\n                     data-skin=\"woo-thumb-icon-title-price\"\n\n                     data-desktop-gs-x=\"0\"\n                     data-desktop-gs-y=\"15\"\n                     data-desktop-gs-width=\"1\"\n                     data-desktop-gs-height=\"15\"\n                     data-desktop-skin=\"woo-thumb-icon-title-price\"\n\n                     data-image-width=\"2560\"\n                     data-image-height=\"1440\"\n                >\n                    <div class=\"grid-post-item woocommerce thumbnail-title post-info-center\" data-post-info-class=\"post-info\">\n    <div class=\"thumbnail-image\" data-img=\"https:\/\/episzunago.com\/wp-content\/uploads\/2023\/12\/2023.12.06-fokep-800-scaled.jpg\">\n                    <img decoding=\"async\" src=\"https:\/\/episzunago.com\/wp-content\/uploads\/2023\/12\/2023.12.06-fokep-800-scaled.jpg\" alt=\"XIV. Hitm\u00e9ly\u00edt\u0151 evangeliz\u00e1ci\u00f3 &#8211; 2023.12.06.\" >\n                <div class=\"flag-wrap\">\n                                <\/div>\n        <div class=\"hover-outer transition-30\">\n                            <a href=\"https:\/\/episzunago.com\/?p=5216\" title=\"XIV. Hitm\u00e9ly\u00edt\u0151 evangeliz\u00e1ci\u00f3 &#8211; 2023.12.06.\"><\/a>\n                        <div class=\"hover-inner transition-50\">\n                <div class=\"icon-groups\">\n                    <a href=\"javascript:;\" class=\"view-gallery\" data-src=\"https:\/\/episzunago.com\/wp-content\/uploads\/2023\/12\/2023.12.06-fokep-800-scaled.jpg\"\n                       data-post-id=\"5216\" title=\"XIV. Hitm\u00e9ly\u00edt\u0151 evangeliz\u00e1ci\u00f3 &#8211; 2023.12.06.\"\n                       data-ajax-url=\"https:\/\/episzunago.com\/wp-admin\/admin-ajax.php?_wpnonce=88b28ebf96\"><i\n                            class=\"fa fa-search\"><\/i><\/a>\n                                    <\/div>\n            <\/div>\n        <\/div>\n    <\/div>\n    <div class=\"post-info\">\n                    <div class=\"title\">\n                                    <a href=\"https:\/\/episzunago.com\/?p=5216\" title=\"XIV. Hitm\u00e9ly\u00edt\u0151 evangeliz\u00e1ci\u00f3 &#8211; 2023.12.06.\">XIV. Hitm\u00e9ly\u00edt\u0151 evangeliz\u00e1ci\u00f3 &#8211; 2023.12.06.<\/a>\n                            <\/div>\n                    <\/div>\n<\/div>                <\/div>\n                                <div class=\"item\" data-gs-x=\"1\"\n                     data-gs-y=\"15\"\n                     data-gs-width=\"1\"\n                     data-gs-height=\"15\"\n                     data-skin=\"woo-thumb-icon-title-price\"\n\n                     data-desktop-gs-x=\"1\"\n                     data-desktop-gs-y=\"15\"\n                     data-desktop-gs-width=\"1\"\n                     data-desktop-gs-height=\"15\"\n                     data-desktop-skin=\"woo-thumb-icon-title-price\"\n\n                     data-image-width=\"2560\"\n                     data-image-height=\"1440\"\n                >\n                    <div class=\"grid-post-item woocommerce thumbnail-title post-info-center\" data-post-info-class=\"post-info\">\n    <div class=\"thumbnail-image\" data-img=\"https:\/\/episzunago.com\/wp-content\/uploads\/2023\/12\/2023.12.07-fokep-800-scaled.jpg\">\n                    <img decoding=\"async\" src=\"https:\/\/episzunago.com\/wp-content\/uploads\/2023\/12\/2023.12.07-fokep-800-scaled.jpg\" alt=\"XIV. Hitm\u00e9ly\u00edt\u0151 evangeliz\u00e1ci\u00f3 &#8211; 2023.12.07.\" >\n                <div class=\"flag-wrap\">\n                                <\/div>\n        <div class=\"hover-outer transition-30\">\n                            <a href=\"https:\/\/episzunago.com\/?p=5233\" title=\"XIV. Hitm\u00e9ly\u00edt\u0151 evangeliz\u00e1ci\u00f3 &#8211; 2023.12.07.\"><\/a>\n                        <div class=\"hover-inner transition-50\">\n                <div class=\"icon-groups\">\n                    <a href=\"javascript:;\" class=\"view-gallery\" data-src=\"https:\/\/episzunago.com\/wp-content\/uploads\/2023\/12\/2023.12.07-fokep-800-scaled.jpg\"\n                       data-post-id=\"5233\" title=\"XIV. Hitm\u00e9ly\u00edt\u0151 evangeliz\u00e1ci\u00f3 &#8211; 2023.12.07.\"\n                       data-ajax-url=\"https:\/\/episzunago.com\/wp-admin\/admin-ajax.php?_wpnonce=88b28ebf96\"><i\n                            class=\"fa fa-search\"><\/i><\/a>\n                                    <\/div>\n            <\/div>\n        <\/div>\n    <\/div>\n    <div class=\"post-info\">\n                    <div class=\"title\">\n                                    <a href=\"https:\/\/episzunago.com\/?p=5233\" title=\"XIV. Hitm\u00e9ly\u00edt\u0151 evangeliz\u00e1ci\u00f3 &#8211; 2023.12.07.\">XIV. Hitm\u00e9ly\u00edt\u0151 evangeliz\u00e1ci\u00f3 &#8211; 2023.12.07.<\/a>\n                            <\/div>\n                    <\/div>\n<\/div>                <\/div>\n                        <\/div>\n\n            <\/div>\n<\/div>\n\n","protected":false},"excerpt":{"rendered":"<p>XIV. HITM\u00c9LY\u00cdT\u0150 EVANGELIZ\u00c1CI\u00d3<\/p>\n","protected":false},"author":1,"featured_media":0,"parent":30,"menu_order":0,"comment_status":"closed","ping_status":"open","template":"","meta":{"passster_activate_protection":false,"passster_protect_child_pages":"","passster_protection_type":"password","passster_password":"","passster_activate_overwrite_defaults":"","passster_headline":"","passster_instruction":"","passster_placeholder":"","passster_button":"","passster_id":"","passster_activate_misc_settings":"","passster_redirect_url":"","passster_hide":"no","passster_area_shortcode":"","footnotes":""},"class_list":["post-5158","page","type-page","status-publish","hentry"],"_links":{"self":[{"href":"https:\/\/episzunago.com\/index.php?rest_route=\/wp\/v2\/pages\/5158","targetHints":{"allow":["GET"]}}],"collection":[{"href":"https:\/\/episzunago.com\/index.php?rest_route=\/wp\/v2\/pages"}],"about":[{"href":"https:\/\/episzunago.com\/index.php?rest_route=\/wp\/v2\/types\/page"}],"author":[{"embeddable":true,"href":"https:\/\/episzunago.com\/index.php?rest_route=\/wp\/v2\/users\/1"}],"replies":[{"embeddable":true,"href":"https:\/\/episzunago.com\/index.php?rest_route=%2Fwp%2Fv2%2Fcomments&post=5158"}],"version-history":[{"count":3,"href":"https:\/\/episzunago.com\/index.php?rest_route=\/wp\/v2\/pages\/5158\/revisions"}],"predecessor-version":[{"id":5166,"href":"https:\/\/episzunago.com\/index.php?rest_route=\/wp\/v2\/pages\/5158\/revisions\/5166"}],"up":[{"embeddable":true,"href":"https:\/\/episzunago.com\/index.php?rest_route=\/wp\/v2\/pages\/30"}],"wp:attachment":[{"href":"https:\/\/episzunago.com\/index.php?rest_route=%2Fwp%2Fv2%2Fmedia&parent=5158"}],"curies":[{"name":"wp","href":"https:\/\/api.w.org\/{rel}","templated":true}]}}