{"id":5983,"date":"2024-09-08T19:06:17","date_gmt":"2024-09-08T19:06:17","guid":{"rendered":"https:\/\/episzunago.com\/?page_id=5983"},"modified":"2025-02-02T09:13:36","modified_gmt":"2025-02-02T09:13:36","slug":"3-haiha-vilagtalalkozo-2024","status":"publish","type":"page","link":"https:\/\/episzunago.com\/?page_id=5983","title":{"rendered":"3. H\u00c1IHA VIL\u00c1GTAL\u00c1LKOZ\u00d3 2024"},"content":{"rendered":"\n<p class=\"has-text-align-center has-medium-font-size\"><strong>Kett\u0151s szolg\u00e1latban Isten nem haszn\u00e1lhat<\/strong><\/p>\n\n\n<div class=\"grid-plus-container grid-6a07de803264d post \"\n     id=\"6a07de803264d\"\n     data-grid-name=\"Beregdaroc2024\"\n     data-animation=\"zoomIn\">\n    <div class=\"grid-stack-container grid-plus-inner\"\n         data-ajax-url=\"https:\/\/episzunago.com\/wp-admin\/admin-ajax.php\"\n         data-grid-id=\"66ddf6781dd48\"\n         data-current-category=\"34\"\n         data-section-id=\"6a07de803264d\"\n         data-gutter=\"5\"\n         data-columns=\"3\"\n         data-height-ratio=\"1\"\n         data-width-ratio=\"1\"\n         data-desktop-columns=\"3\"\n         data-tablet-columns=\"2\"\n         data-mobile-columns=\"1\"\n         data-layout-type=\"masonry\"\n         data-fix-item-height=\"false\"\n         data-nonce=\"014a3616a1\"\n    >\n        \n        <div class=\"grid-stack grid-stack-3\" data-layout=\"masonry\"\n             style=\"height: 445px\">\n        <\/div>\n        <div class=\"grid-items\">\n                            <div class=\"item\" data-gs-x=\"0\"\n                     data-gs-y=\"0\"\n                     data-gs-width=\"1\"\n                     data-gs-height=\"15\"\n                     data-skin=\"thumbnail-icon-title-excerpt\"\n\n                     data-desktop-gs-x=\"0\"\n                     data-desktop-gs-y=\"0\"\n                     data-desktop-gs-width=\"1\"\n                     data-desktop-gs-height=\"15\"\n                     data-desktop-skin=\"thumbnail-icon-title-excerpt\"\n\n                     data-image-width=\"1920\"\n                     data-image-height=\"1080\"\n                >\n                    <div class=\"grid-post-item thumbnail-title\" data-post-info-class=\"post-info\">\n    <div class=\"thumbnail-image\" data-img=\"https:\/\/episzunago.com\/wp-content\/uploads\/2025\/02\/plakat-KissPeter.jpg\">\n                    <img decoding=\"async\" src=\"https:\/\/episzunago.com\/wp-content\/uploads\/2025\/02\/plakat-KissPeter.jpg\" alt=\"3. H\u00c1IHA VIL\u00c1GTAL\u00c1LKOZ\u00d3 &#8211; 1\/9.\" >\n                <div class=\"hover-outer transition-30\">\n                            <a href=\"https:\/\/episzunago.com\/?p=6411\" title=\"3. H\u00c1IHA VIL\u00c1GTAL\u00c1LKOZ\u00d3 &#8211; 1\/9.\"><\/a>\n                        <div class=\"hover-inner transition-50\">\n                <div class=\"icon-groups\">\n                                            <a href=\"https:\/\/episzunago.com\/?p=6411\" class=\"view-detail\" ><i class=\"fa fa-link\"><\/i><\/a>\n                                        <a href=\"javascript:;\" data-src=\"https:\/\/episzunago.com\/wp-content\/uploads\/2025\/02\/plakat-KissPeter.jpg\" class=\"view-gallery\" data-post-id=\"6411\"\n                       data-ajax-url=\"https:\/\/episzunago.com\/wp-admin\/admin-ajax.php?_wpnonce=88b28ebf96\"><i class=\"fa fa-search\"><\/i><\/a>\n                <\/div>\n            <\/div>\n        <\/div>\n    <\/div>\n    <div class=\"post-info\">\n                    <div class=\"title\">\n                                    <a href=\"https:\/\/episzunago.com\/?p=6411\" title=\"3. H\u00c1IHA VIL\u00c1GTAL\u00c1LKOZ\u00d3 &#8211; 1\/9.\">3. H\u00c1IHA VIL\u00c1GTAL\u00c1LKOZ\u00d3 &#8211; 1\/9.<\/a>\n                            <\/div>\n                            <div class=\"excerpt\">-<\/div>\n            <\/div>\n<\/div>\n                <\/div>\n                                <div class=\"item\" data-gs-x=\"1\"\n                     data-gs-y=\"0\"\n                     data-gs-width=\"1\"\n                     data-gs-height=\"15\"\n                     data-skin=\"thumbnail-icon-title-excerpt\"\n\n                     data-desktop-gs-x=\"1\"\n                     data-desktop-gs-y=\"0\"\n                     data-desktop-gs-width=\"1\"\n                     data-desktop-gs-height=\"15\"\n                     data-desktop-skin=\"thumbnail-icon-title-excerpt\"\n\n                     data-image-width=\"2560\"\n                     data-image-height=\"1440\"\n                >\n                    <div class=\"grid-post-item thumbnail-title\" data-post-info-class=\"post-info\">\n    <div class=\"thumbnail-image\" data-img=\"https:\/\/episzunago.com\/wp-content\/uploads\/2025\/02\/plakat-NEMES-EMIL800-scaled.jpg\">\n                    <img decoding=\"async\" src=\"https:\/\/episzunago.com\/wp-content\/uploads\/2025\/02\/plakat-NEMES-EMIL800-scaled.jpg\" alt=\"3. H\u00c1IHA VIL\u00c1GTAL\u00c1LKOZ\u00d3 &#8211; 2\/9.\" >\n                <div class=\"hover-outer transition-30\">\n                            <a href=\"https:\/\/episzunago.com\/?p=6420\" title=\"3. H\u00c1IHA VIL\u00c1GTAL\u00c1LKOZ\u00d3 &#8211; 2\/9.\"><\/a>\n                        <div class=\"hover-inner transition-50\">\n                <div class=\"icon-groups\">\n                                            <a href=\"https:\/\/episzunago.com\/?p=6420\" class=\"view-detail\" ><i class=\"fa fa-link\"><\/i><\/a>\n                                        <a href=\"javascript:;\" data-src=\"https:\/\/episzunago.com\/wp-content\/uploads\/2025\/02\/plakat-NEMES-EMIL800-scaled.jpg\" class=\"view-gallery\" data-post-id=\"6420\"\n                       data-ajax-url=\"https:\/\/episzunago.com\/wp-admin\/admin-ajax.php?_wpnonce=88b28ebf96\"><i class=\"fa fa-search\"><\/i><\/a>\n                <\/div>\n            <\/div>\n        <\/div>\n    <\/div>\n    <div class=\"post-info\">\n                    <div class=\"title\">\n                                    <a href=\"https:\/\/episzunago.com\/?p=6420\" title=\"3. H\u00c1IHA VIL\u00c1GTAL\u00c1LKOZ\u00d3 &#8211; 2\/9.\">3. H\u00c1IHA VIL\u00c1GTAL\u00c1LKOZ\u00d3 &#8211; 2\/9.<\/a>\n                            <\/div>\n                            <div class=\"excerpt\">-<\/div>\n            <\/div>\n<\/div>\n                <\/div>\n                                <div class=\"item\" data-gs-x=\"0\"\n                     data-gs-y=\"15\"\n                     data-gs-width=\"1\"\n                     data-gs-height=\"15\"\n                     data-skin=\"thumbnail-icon-title-excerpt\"\n\n                     data-desktop-gs-x=\"0\"\n                     data-desktop-gs-y=\"15\"\n                     data-desktop-gs-width=\"1\"\n                     data-desktop-gs-height=\"15\"\n                     data-desktop-skin=\"thumbnail-icon-title-excerpt\"\n\n                     data-image-width=\"1920\"\n                     data-image-height=\"1080\"\n                >\n                    <div class=\"grid-post-item thumbnail-title\" data-post-info-class=\"post-info\">\n    <div class=\"thumbnail-image\" data-img=\"https:\/\/episzunago.com\/wp-content\/uploads\/2025\/02\/plakat-OZ800.jpg\">\n                    <img decoding=\"async\" src=\"https:\/\/episzunago.com\/wp-content\/uploads\/2025\/02\/plakat-OZ800.jpg\" alt=\"3. H\u00c1IHA VIL\u00c1GTAL\u00c1LKOZ\u00d3 &#8211; 3\/9.\" >\n                <div class=\"hover-outer transition-30\">\n                            <a href=\"https:\/\/episzunago.com\/?p=6423\" title=\"3. H\u00c1IHA VIL\u00c1GTAL\u00c1LKOZ\u00d3 &#8211; 3\/9.\"><\/a>\n                        <div class=\"hover-inner transition-50\">\n                <div class=\"icon-groups\">\n                                            <a href=\"https:\/\/episzunago.com\/?p=6423\" class=\"view-detail\" ><i class=\"fa fa-link\"><\/i><\/a>\n                                        <a href=\"javascript:;\" data-src=\"https:\/\/episzunago.com\/wp-content\/uploads\/2025\/02\/plakat-OZ800.jpg\" class=\"view-gallery\" data-post-id=\"6423\"\n                       data-ajax-url=\"https:\/\/episzunago.com\/wp-admin\/admin-ajax.php?_wpnonce=88b28ebf96\"><i class=\"fa fa-search\"><\/i><\/a>\n                <\/div>\n            <\/div>\n        <\/div>\n    <\/div>\n    <div class=\"post-info\">\n                    <div class=\"title\">\n                                    <a href=\"https:\/\/episzunago.com\/?p=6423\" title=\"3. H\u00c1IHA VIL\u00c1GTAL\u00c1LKOZ\u00d3 &#8211; 3\/9.\">3. H\u00c1IHA VIL\u00c1GTAL\u00c1LKOZ\u00d3 &#8211; 3\/9.<\/a>\n                            <\/div>\n                            <div class=\"excerpt\">-<\/div>\n            <\/div>\n<\/div>\n                <\/div>\n                                <div class=\"item\" data-gs-x=\"1\"\n                     data-gs-y=\"15\"\n                     data-gs-width=\"1\"\n                     data-gs-height=\"15\"\n                     data-skin=\"thumbnail-icon-title-excerpt\"\n\n                     data-desktop-gs-x=\"1\"\n                     data-desktop-gs-y=\"15\"\n                     data-desktop-gs-width=\"1\"\n                     data-desktop-gs-height=\"15\"\n                     data-desktop-skin=\"thumbnail-icon-title-excerpt\"\n\n                     data-image-width=\"1920\"\n                     data-image-height=\"1080\"\n                >\n                    <div class=\"grid-post-item thumbnail-title\" data-post-info-class=\"post-info\">\n    <div class=\"thumbnail-image\" data-img=\"https:\/\/episzunago.com\/wp-content\/uploads\/2025\/02\/plakat-EDE.jpg\">\n                    <img decoding=\"async\" src=\"https:\/\/episzunago.com\/wp-content\/uploads\/2025\/02\/plakat-EDE.jpg\" alt=\"3. H\u00c1IHA VIL\u00c1GTAL\u00c1LKOZ\u00d3 &#8211; 4\/9.\" >\n                <div class=\"hover-outer transition-30\">\n                            <a href=\"https:\/\/episzunago.com\/?p=6435\" title=\"3. H\u00c1IHA VIL\u00c1GTAL\u00c1LKOZ\u00d3 &#8211; 4\/9.\"><\/a>\n                        <div class=\"hover-inner transition-50\">\n                <div class=\"icon-groups\">\n                                            <a href=\"https:\/\/episzunago.com\/?p=6435\" class=\"view-detail\" ><i class=\"fa fa-link\"><\/i><\/a>\n                                        <a href=\"javascript:;\" data-src=\"https:\/\/episzunago.com\/wp-content\/uploads\/2025\/02\/plakat-EDE.jpg\" class=\"view-gallery\" data-post-id=\"6435\"\n                       data-ajax-url=\"https:\/\/episzunago.com\/wp-admin\/admin-ajax.php?_wpnonce=88b28ebf96\"><i class=\"fa fa-search\"><\/i><\/a>\n                <\/div>\n            <\/div>\n        <\/div>\n    <\/div>\n    <div class=\"post-info\">\n                    <div class=\"title\">\n                                    <a href=\"https:\/\/episzunago.com\/?p=6435\" title=\"3. H\u00c1IHA VIL\u00c1GTAL\u00c1LKOZ\u00d3 &#8211; 4\/9.\">3. H\u00c1IHA VIL\u00c1GTAL\u00c1LKOZ\u00d3 &#8211; 4\/9.<\/a>\n                            <\/div>\n                            <div class=\"excerpt\">-<\/div>\n            <\/div>\n<\/div>\n                <\/div>\n                                <div class=\"item\" data-gs-x=\"0\"\n                     data-gs-y=\"30\"\n                     data-gs-width=\"1\"\n                     data-gs-height=\"15\"\n                     data-skin=\"thumbnail-icon-title-excerpt\"\n\n                     data-desktop-gs-x=\"0\"\n                     data-desktop-gs-y=\"30\"\n                     data-desktop-gs-width=\"1\"\n                     data-desktop-gs-height=\"15\"\n                     data-desktop-skin=\"thumbnail-icon-title-excerpt\"\n\n                     data-image-width=\"1920\"\n                     data-image-height=\"1080\"\n                >\n                    <div class=\"grid-post-item thumbnail-title\" data-post-info-class=\"post-info\">\n    <div class=\"thumbnail-image\" data-img=\"https:\/\/episzunago.com\/wp-content\/uploads\/2025\/02\/plakat-SCHNEIDER.jpg\">\n                    <img decoding=\"async\" src=\"https:\/\/episzunago.com\/wp-content\/uploads\/2025\/02\/plakat-SCHNEIDER.jpg\" alt=\"3. H\u00c1IHA VIL\u00c1GTAL\u00c1LKOZ\u00d3 &#8211; 5\/9.\" >\n                <div class=\"hover-outer transition-30\">\n                            <a href=\"https:\/\/episzunago.com\/?p=6450\" title=\"3. H\u00c1IHA VIL\u00c1GTAL\u00c1LKOZ\u00d3 &#8211; 5\/9.\"><\/a>\n                        <div class=\"hover-inner transition-50\">\n                <div class=\"icon-groups\">\n                                            <a href=\"https:\/\/episzunago.com\/?p=6450\" class=\"view-detail\" ><i class=\"fa fa-link\"><\/i><\/a>\n                                        <a href=\"javascript:;\" data-src=\"https:\/\/episzunago.com\/wp-content\/uploads\/2025\/02\/plakat-SCHNEIDER.jpg\" class=\"view-gallery\" data-post-id=\"6450\"\n                       data-ajax-url=\"https:\/\/episzunago.com\/wp-admin\/admin-ajax.php?_wpnonce=88b28ebf96\"><i class=\"fa fa-search\"><\/i><\/a>\n                <\/div>\n            <\/div>\n        <\/div>\n    <\/div>\n    <div class=\"post-info\">\n                    <div class=\"title\">\n                                    <a href=\"https:\/\/episzunago.com\/?p=6450\" title=\"3. H\u00c1IHA VIL\u00c1GTAL\u00c1LKOZ\u00d3 &#8211; 5\/9.\">3. H\u00c1IHA VIL\u00c1GTAL\u00c1LKOZ\u00d3 &#8211; 5\/9.<\/a>\n                            <\/div>\n                            <div class=\"excerpt\">-<\/div>\n            <\/div>\n<\/div>\n                <\/div>\n                                <div class=\"item\" data-gs-x=\"1\"\n                     data-gs-y=\"30\"\n                     data-gs-width=\"1\"\n                     data-gs-height=\"15\"\n                     data-skin=\"thumbnail-icon-title-excerpt\"\n\n                     data-desktop-gs-x=\"1\"\n                     data-desktop-gs-y=\"30\"\n                     data-desktop-gs-width=\"1\"\n                     data-desktop-gs-height=\"15\"\n                     data-desktop-skin=\"thumbnail-icon-title-excerpt\"\n\n                     data-image-width=\"1920\"\n                     data-image-height=\"1080\"\n                >\n                    <div class=\"grid-post-item thumbnail-title\" data-post-info-class=\"post-info\">\n    <div class=\"thumbnail-image\" data-img=\"https:\/\/episzunago.com\/wp-content\/uploads\/2025\/02\/plakat-NEMEDI.jpg\">\n                    <img decoding=\"async\" src=\"https:\/\/episzunago.com\/wp-content\/uploads\/2025\/02\/plakat-NEMEDI.jpg\" alt=\"3. H\u00c1IHA VIL\u00c1GTAL\u00c1LKOZ\u00d3 &#8211; 7\/9.\" >\n                <div class=\"hover-outer transition-30\">\n                            <a href=\"https:\/\/episzunago.com\/?p=6461\" title=\"3. H\u00c1IHA VIL\u00c1GTAL\u00c1LKOZ\u00d3 &#8211; 7\/9.\"><\/a>\n                        <div class=\"hover-inner transition-50\">\n                <div class=\"icon-groups\">\n                                            <a href=\"https:\/\/episzunago.com\/?p=6461\" class=\"view-detail\" ><i class=\"fa fa-link\"><\/i><\/a>\n                                        <a href=\"javascript:;\" data-src=\"https:\/\/episzunago.com\/wp-content\/uploads\/2025\/02\/plakat-NEMEDI.jpg\" class=\"view-gallery\" data-post-id=\"6461\"\n                       data-ajax-url=\"https:\/\/episzunago.com\/wp-admin\/admin-ajax.php?_wpnonce=88b28ebf96\"><i class=\"fa fa-search\"><\/i><\/a>\n                <\/div>\n            <\/div>\n        <\/div>\n    <\/div>\n    <div class=\"post-info\">\n                    <div class=\"title\">\n                                    <a href=\"https:\/\/episzunago.com\/?p=6461\" title=\"3. H\u00c1IHA VIL\u00c1GTAL\u00c1LKOZ\u00d3 &#8211; 7\/9.\">3. H\u00c1IHA VIL\u00c1GTAL\u00c1LKOZ\u00d3 &#8211; 7\/9.<\/a>\n                            <\/div>\n                            <div class=\"excerpt\">-<\/div>\n            <\/div>\n<\/div>\n                <\/div>\n                        <\/div>\n\n            <\/div>\n<\/div>\n\n\n\n\n<p><\/p>\n","protected":false},"excerpt":{"rendered":"<p>Kett\u0151s szolg\u00e1latban Isten nem haszn\u00e1lhat<\/p>\n","protected":false},"author":1,"featured_media":0,"parent":0,"menu_order":0,"comment_status":"closed","ping_status":"open","template":"","meta":{"passster_activate_protection":false,"passster_protect_child_pages":"","passster_protection_type":"password","passster_password":"beregdaroc2022","passster_activate_overwrite_defaults":"","passster_headline":"","passster_instruction":"","passster_placeholder":"","passster_button":"","passster_id":"","passster_activate_misc_settings":"","passster_redirect_url":"","passster_hide":"no","passster_area_shortcode":"","footnotes":""},"class_list":["post-5983","page","type-page","status-publish","hentry"],"_links":{"self":[{"href":"https:\/\/episzunago.com\/index.php?rest_route=\/wp\/v2\/pages\/5983","targetHints":{"allow":["GET"]}}],"collection":[{"href":"https:\/\/episzunago.com\/index.php?rest_route=\/wp\/v2\/pages"}],"about":[{"href":"https:\/\/episzunago.com\/index.php?rest_route=\/wp\/v2\/types\/page"}],"author":[{"embeddable":true,"href":"https:\/\/episzunago.com\/index.php?rest_route=\/wp\/v2\/users\/1"}],"replies":[{"embeddable":true,"href":"https:\/\/episzunago.com\/index.php?rest_route=%2Fwp%2Fv2%2Fcomments&post=5983"}],"version-history":[{"count":3,"href":"https:\/\/episzunago.com\/index.php?rest_route=\/wp\/v2\/pages\/5983\/revisions"}],"predecessor-version":[{"id":6404,"href":"https:\/\/episzunago.com\/index.php?rest_route=\/wp\/v2\/pages\/5983\/revisions\/6404"}],"wp:attachment":[{"href":"https:\/\/episzunago.com\/index.php?rest_route=%2Fwp%2Fv2%2Fmedia&parent=5983"}],"curies":[{"name":"wp","href":"https:\/\/api.w.org\/{rel}","templated":true}]}}