{"id":6107,"date":"2024-10-05T13:17:49","date_gmt":"2024-10-05T13:17:49","guid":{"rendered":"https:\/\/episzunago.com\/?page_id=6107"},"modified":"2024-10-05T13:18:46","modified_gmt":"2024-10-05T13:18:46","slug":"xv-hitmelyito-evangelizacio","status":"publish","type":"page","link":"https:\/\/episzunago.com\/?page_id=6107","title":{"rendered":"XV. HITM\u00c9LY\u00cdT\u0150 EVANGELIZ\u00c1CI\u00d3"},"content":{"rendered":"\n<p id=\"block-79167449-97d7-4c20-b250-21a30678b839\"><strong>XV. HITM\u00c9LY\u00cdT\u0150 EVANGELIZ\u00c1CI\u00d3<\/strong><\/p>\n\n\n<div class=\"wp-block-image\">\n<figure class=\"aligncenter size-large\"><img fetchpriority=\"high\" decoding=\"async\" width=\"763\" height=\"1080\" src=\"https:\/\/episzunago.com\/wp-content\/uploads\/2024\/10\/VAN-REMENY800-763x1080.jpg\" alt=\"\" class=\"wp-image-6108\" srcset=\"https:\/\/episzunago.com\/wp-content\/uploads\/2024\/10\/VAN-REMENY800-763x1080.jpg 763w, https:\/\/episzunago.com\/wp-content\/uploads\/2024\/10\/VAN-REMENY800-212x300.jpg 212w, https:\/\/episzunago.com\/wp-content\/uploads\/2024\/10\/VAN-REMENY800-768x1088.jpg 768w, https:\/\/episzunago.com\/wp-content\/uploads\/2024\/10\/VAN-REMENY800-1084x1536.jpg 1084w, https:\/\/episzunago.com\/wp-content\/uploads\/2024\/10\/VAN-REMENY800-1446x2048.jpg 1446w, https:\/\/episzunago.com\/wp-content\/uploads\/2024\/10\/VAN-REMENY800-1140x1615.jpg 1140w, https:\/\/episzunago.com\/wp-content\/uploads\/2024\/10\/VAN-REMENY800.jpg 1525w\" sizes=\"(max-width: 763px) 100vw, 763px\" \/><\/figure>\n<\/div>\n\n\n<hr class=\"wp-block-separator has-alpha-channel-opacity is-style-dots\"\/>\n\n\n<div class=\"grid-plus-container grid-6a07ea850e5b3 post \"\n     id=\"6a07ea850e5b3\"\n     data-grid-name=\"EV-XV\"\n     data-animation=\"zoomIn\">\n    <div class=\"grid-stack-container grid-plus-inner\"\n         data-ajax-url=\"https:\/\/episzunago.com\/wp-admin\/admin-ajax.php\"\n         data-grid-id=\"6701352d05546\"\n         data-current-category=\"36\"\n         data-section-id=\"6a07ea850e5b3\"\n         data-gutter=\"5\"\n         data-columns=\"2\"\n         data-height-ratio=\"1\"\n         data-width-ratio=\"1\"\n         data-desktop-columns=\"2\"\n         data-tablet-columns=\"2\"\n         data-mobile-columns=\"1\"\n         data-layout-type=\"masonry\"\n         data-fix-item-height=\"false\"\n         data-nonce=\"014a3616a1\"\n    >\n        \n        <div class=\"grid-stack grid-stack-2\" data-layout=\"masonry\"\n             style=\"height: 445px\">\n        <\/div>\n        <div class=\"grid-items\">\n                            <div class=\"item\" data-gs-x=\"0\"\n                     data-gs-y=\"0\"\n                     data-gs-width=\"1\"\n                     data-gs-height=\"15\"\n                     data-skin=\"woo-thumb-icon-title-price\"\n\n                     data-desktop-gs-x=\"0\"\n                     data-desktop-gs-y=\"0\"\n                     data-desktop-gs-width=\"1\"\n                     data-desktop-gs-height=\"15\"\n                     data-desktop-skin=\"woo-thumb-icon-title-price\"\n\n                     data-image-width=\"2560\"\n                     data-image-height=\"1440\"\n                >\n                    <div class=\"grid-post-item woocommerce thumbnail-title post-info-center\" data-post-info-class=\"post-info\">\n    <div class=\"thumbnail-image\" data-img=\"https:\/\/episzunago.com\/wp-content\/uploads\/2024\/10\/2024.09.30-fokep-3-800-scaled.jpg\">\n                    <img decoding=\"async\" src=\"https:\/\/episzunago.com\/wp-content\/uploads\/2024\/10\/2024.09.30-fokep-3-800-scaled.jpg\" alt=\"XV. Hitm\u00e9ly\u00edt\u0151 evangeliz\u00e1ci\u00f3 &#8211; 2024.09.30.\" >\n                <div class=\"flag-wrap\">\n                                <\/div>\n        <div class=\"hover-outer transition-30\">\n                            <a href=\"https:\/\/episzunago.com\/?p=6109\" title=\"XV. Hitm\u00e9ly\u00edt\u0151 evangeliz\u00e1ci\u00f3 &#8211; 2024.09.30.\"><\/a>\n                        <div class=\"hover-inner transition-50\">\n                <div class=\"icon-groups\">\n                    <a href=\"javascript:;\" class=\"view-gallery\" data-src=\"https:\/\/episzunago.com\/wp-content\/uploads\/2024\/10\/2024.09.30-fokep-3-800-scaled.jpg\"\n                       data-post-id=\"6109\" title=\"XV. Hitm\u00e9ly\u00edt\u0151 evangeliz\u00e1ci\u00f3 &#8211; 2024.09.30.\"\n                       data-ajax-url=\"https:\/\/episzunago.com\/wp-admin\/admin-ajax.php?_wpnonce=88b28ebf96\"><i\n                            class=\"fa fa-search\"><\/i><\/a>\n                                    <\/div>\n            <\/div>\n        <\/div>\n    <\/div>\n    <div class=\"post-info\">\n                    <div class=\"title\">\n                                    <a href=\"https:\/\/episzunago.com\/?p=6109\" title=\"XV. Hitm\u00e9ly\u00edt\u0151 evangeliz\u00e1ci\u00f3 &#8211; 2024.09.30.\">XV. Hitm\u00e9ly\u00edt\u0151 evangeliz\u00e1ci\u00f3 &#8211; 2024.09.30.<\/a>\n                            <\/div>\n                    <\/div>\n<\/div>                <\/div>\n                                <div class=\"item\" data-gs-x=\"1\"\n                     data-gs-y=\"0\"\n                     data-gs-width=\"1\"\n                     data-gs-height=\"15\"\n                     data-skin=\"woo-thumb-icon-title-price\"\n\n                     data-desktop-gs-x=\"1\"\n                     data-desktop-gs-y=\"0\"\n                     data-desktop-gs-width=\"1\"\n                     data-desktop-gs-height=\"15\"\n                     data-desktop-skin=\"woo-thumb-icon-title-price\"\n\n                     data-image-width=\"2560\"\n                     data-image-height=\"1440\"\n                >\n                    <div class=\"grid-post-item woocommerce thumbnail-title post-info-center\" data-post-info-class=\"post-info\">\n    <div class=\"thumbnail-image\" data-img=\"https:\/\/episzunago.com\/wp-content\/uploads\/2024\/10\/2024.10.01-fokep800-scaled.jpg\">\n                    <img decoding=\"async\" src=\"https:\/\/episzunago.com\/wp-content\/uploads\/2024\/10\/2024.10.01-fokep800-scaled.jpg\" alt=\"XV. Hitm\u00e9ly\u00edt\u0151 evangeliz\u00e1ci\u00f3 &#8211; 2024.10.01.\" >\n                <div class=\"flag-wrap\">\n                                <\/div>\n        <div class=\"hover-outer transition-30\">\n                            <a href=\"https:\/\/episzunago.com\/?p=6130\" title=\"XV. Hitm\u00e9ly\u00edt\u0151 evangeliz\u00e1ci\u00f3 &#8211; 2024.10.01.\"><\/a>\n                        <div class=\"hover-inner transition-50\">\n                <div class=\"icon-groups\">\n                    <a href=\"javascript:;\" class=\"view-gallery\" data-src=\"https:\/\/episzunago.com\/wp-content\/uploads\/2024\/10\/2024.10.01-fokep800-scaled.jpg\"\n                       data-post-id=\"6130\" title=\"XV. Hitm\u00e9ly\u00edt\u0151 evangeliz\u00e1ci\u00f3 &#8211; 2024.10.01.\"\n                       data-ajax-url=\"https:\/\/episzunago.com\/wp-admin\/admin-ajax.php?_wpnonce=88b28ebf96\"><i\n                            class=\"fa fa-search\"><\/i><\/a>\n                                    <\/div>\n            <\/div>\n        <\/div>\n    <\/div>\n    <div class=\"post-info\">\n                    <div class=\"title\">\n                                    <a href=\"https:\/\/episzunago.com\/?p=6130\" title=\"XV. Hitm\u00e9ly\u00edt\u0151 evangeliz\u00e1ci\u00f3 &#8211; 2024.10.01.\">XV. Hitm\u00e9ly\u00edt\u0151 evangeliz\u00e1ci\u00f3 &#8211; 2024.10.01.<\/a>\n                            <\/div>\n                    <\/div>\n<\/div>                <\/div>\n                                <div class=\"item\" data-gs-x=\"0\"\n                     data-gs-y=\"15\"\n                     data-gs-width=\"1\"\n                     data-gs-height=\"15\"\n                     data-skin=\"woo-thumb-icon-title-price\"\n\n                     data-desktop-gs-x=\"0\"\n                     data-desktop-gs-y=\"15\"\n                     data-desktop-gs-width=\"1\"\n                     data-desktop-gs-height=\"15\"\n                     data-desktop-skin=\"woo-thumb-icon-title-price\"\n\n                     data-image-width=\"2560\"\n                     data-image-height=\"1440\"\n                >\n                    <div class=\"grid-post-item woocommerce thumbnail-title post-info-center\" data-post-info-class=\"post-info\">\n    <div class=\"thumbnail-image\" data-img=\"https:\/\/episzunago.com\/wp-content\/uploads\/2024\/10\/2024.10.02-800-scaled.jpg\">\n                    <img decoding=\"async\" src=\"https:\/\/episzunago.com\/wp-content\/uploads\/2024\/10\/2024.10.02-800-scaled.jpg\" alt=\"XV. Hitm\u00e9ly\u00edt\u0151 evangeliz\u00e1ci\u00f3 &#8211; 2024.10.02.\" >\n                <div class=\"flag-wrap\">\n                                <\/div>\n        <div class=\"hover-outer transition-30\">\n                            <a href=\"https:\/\/episzunago.com\/?p=6134\" title=\"XV. Hitm\u00e9ly\u00edt\u0151 evangeliz\u00e1ci\u00f3 &#8211; 2024.10.02.\"><\/a>\n                        <div class=\"hover-inner transition-50\">\n                <div class=\"icon-groups\">\n                    <a href=\"javascript:;\" class=\"view-gallery\" data-src=\"https:\/\/episzunago.com\/wp-content\/uploads\/2024\/10\/2024.10.02-800-scaled.jpg\"\n                       data-post-id=\"6134\" title=\"XV. Hitm\u00e9ly\u00edt\u0151 evangeliz\u00e1ci\u00f3 &#8211; 2024.10.02.\"\n                       data-ajax-url=\"https:\/\/episzunago.com\/wp-admin\/admin-ajax.php?_wpnonce=88b28ebf96\"><i\n                            class=\"fa fa-search\"><\/i><\/a>\n                                    <\/div>\n            <\/div>\n        <\/div>\n    <\/div>\n    <div class=\"post-info\">\n                    <div class=\"title\">\n                                    <a href=\"https:\/\/episzunago.com\/?p=6134\" title=\"XV. Hitm\u00e9ly\u00edt\u0151 evangeliz\u00e1ci\u00f3 &#8211; 2024.10.02.\">XV. Hitm\u00e9ly\u00edt\u0151 evangeliz\u00e1ci\u00f3 &#8211; 2024.10.02.<\/a>\n                            <\/div>\n                    <\/div>\n<\/div>                <\/div>\n                                <div class=\"item\" data-gs-x=\"1\"\n                     data-gs-y=\"15\"\n                     data-gs-width=\"1\"\n                     data-gs-height=\"15\"\n                     data-skin=\"woo-thumb-icon-title-price\"\n\n                     data-desktop-gs-x=\"1\"\n                     data-desktop-gs-y=\"15\"\n                     data-desktop-gs-width=\"1\"\n                     data-desktop-gs-height=\"15\"\n                     data-desktop-skin=\"woo-thumb-icon-title-price\"\n\n                     data-image-width=\"2560\"\n                     data-image-height=\"1440\"\n                >\n                    <div class=\"grid-post-item woocommerce thumbnail-title post-info-center\" data-post-info-class=\"post-info\">\n    <div class=\"thumbnail-image\" data-img=\"https:\/\/episzunago.com\/wp-content\/uploads\/2024\/10\/2024.10.03-800-scaled.jpg\">\n                    <img decoding=\"async\" src=\"https:\/\/episzunago.com\/wp-content\/uploads\/2024\/10\/2024.10.03-800-scaled.jpg\" alt=\"XV. Hitm\u00e9ly\u00edt\u0151 evangeliz\u00e1ci\u00f3 &#8211; 2024.10.03.\" >\n                <div class=\"flag-wrap\">\n                                <\/div>\n        <div class=\"hover-outer transition-30\">\n                            <a href=\"https:\/\/episzunago.com\/?p=6138\" title=\"XV. Hitm\u00e9ly\u00edt\u0151 evangeliz\u00e1ci\u00f3 &#8211; 2024.10.03.\"><\/a>\n                        <div class=\"hover-inner transition-50\">\n                <div class=\"icon-groups\">\n                    <a href=\"javascript:;\" class=\"view-gallery\" data-src=\"https:\/\/episzunago.com\/wp-content\/uploads\/2024\/10\/2024.10.03-800-scaled.jpg\"\n                       data-post-id=\"6138\" title=\"XV. Hitm\u00e9ly\u00edt\u0151 evangeliz\u00e1ci\u00f3 &#8211; 2024.10.03.\"\n                       data-ajax-url=\"https:\/\/episzunago.com\/wp-admin\/admin-ajax.php?_wpnonce=88b28ebf96\"><i\n                            class=\"fa fa-search\"><\/i><\/a>\n                                    <\/div>\n            <\/div>\n        <\/div>\n    <\/div>\n    <div class=\"post-info\">\n                    <div class=\"title\">\n                                    <a href=\"https:\/\/episzunago.com\/?p=6138\" title=\"XV. Hitm\u00e9ly\u00edt\u0151 evangeliz\u00e1ci\u00f3 &#8211; 2024.10.03.\">XV. Hitm\u00e9ly\u00edt\u0151 evangeliz\u00e1ci\u00f3 &#8211; 2024.10.03.<\/a>\n                            <\/div>\n                    <\/div>\n<\/div>                <\/div>\n                                <div class=\"item\" data-gs-x=\"0\"\n                     data-gs-y=\"30\"\n                     data-gs-width=\"1\"\n                     data-gs-height=\"15\"\n                     data-skin=\"woo-thumb-icon-title-price\"\n\n                     data-desktop-gs-x=\"0\"\n                     data-desktop-gs-y=\"30\"\n                     data-desktop-gs-width=\"1\"\n                     data-desktop-gs-height=\"15\"\n                     data-desktop-skin=\"woo-thumb-icon-title-price\"\n\n                     data-image-width=\"2560\"\n                     data-image-height=\"1440\"\n                >\n                    <div class=\"grid-post-item woocommerce thumbnail-title post-info-center\" data-post-info-class=\"post-info\">\n    <div class=\"thumbnail-image\" data-img=\"https:\/\/episzunago.com\/wp-content\/uploads\/2024\/10\/2024.10.04-800-scaled.jpg\">\n                    <img decoding=\"async\" src=\"https:\/\/episzunago.com\/wp-content\/uploads\/2024\/10\/2024.10.04-800-scaled.jpg\" alt=\"XV. Hitm\u00e9ly\u00edt\u0151 evangeliz\u00e1ci\u00f3 &#8211; 2024.10.04.\" >\n                <div class=\"flag-wrap\">\n                                <\/div>\n        <div class=\"hover-outer transition-30\">\n                            <a href=\"https:\/\/episzunago.com\/?p=6144\" title=\"XV. Hitm\u00e9ly\u00edt\u0151 evangeliz\u00e1ci\u00f3 &#8211; 2024.10.04.\"><\/a>\n                        <div class=\"hover-inner transition-50\">\n                <div class=\"icon-groups\">\n                    <a href=\"javascript:;\" class=\"view-gallery\" data-src=\"https:\/\/episzunago.com\/wp-content\/uploads\/2024\/10\/2024.10.04-800-scaled.jpg\"\n                       data-post-id=\"6144\" title=\"XV. Hitm\u00e9ly\u00edt\u0151 evangeliz\u00e1ci\u00f3 &#8211; 2024.10.04.\"\n                       data-ajax-url=\"https:\/\/episzunago.com\/wp-admin\/admin-ajax.php?_wpnonce=88b28ebf96\"><i\n                            class=\"fa fa-search\"><\/i><\/a>\n                                    <\/div>\n            <\/div>\n        <\/div>\n    <\/div>\n    <div class=\"post-info\">\n                    <div class=\"title\">\n                                    <a href=\"https:\/\/episzunago.com\/?p=6144\" title=\"XV. Hitm\u00e9ly\u00edt\u0151 evangeliz\u00e1ci\u00f3 &#8211; 2024.10.04.\">XV. Hitm\u00e9ly\u00edt\u0151 evangeliz\u00e1ci\u00f3 &#8211; 2024.10.04.<\/a>\n                            <\/div>\n                    <\/div>\n<\/div>                <\/div>\n                        <\/div>\n\n            <\/div>\n<\/div>\n\n","protected":false},"excerpt":{"rendered":"<p>XV. HITM\u00c9LY\u00cdT\u0150 EVANGELIZ\u00c1CI\u00d3<\/p>\n","protected":false},"author":1,"featured_media":0,"parent":30,"menu_order":0,"comment_status":"closed","ping_status":"open","template":"","meta":{"passster_activate_protection":false,"passster_protect_child_pages":"","passster_protection_type":"password","passster_password":"","passster_activate_overwrite_defaults":"","passster_headline":"","passster_instruction":"","passster_placeholder":"","passster_button":"","passster_id":"","passster_activate_misc_settings":"","passster_redirect_url":"","passster_hide":"no","passster_area_shortcode":"","footnotes":""},"class_list":["post-6107","page","type-page","status-publish","hentry"],"_links":{"self":[{"href":"https:\/\/episzunago.com\/index.php?rest_route=\/wp\/v2\/pages\/6107","targetHints":{"allow":["GET"]}}],"collection":[{"href":"https:\/\/episzunago.com\/index.php?rest_route=\/wp\/v2\/pages"}],"about":[{"href":"https:\/\/episzunago.com\/index.php?rest_route=\/wp\/v2\/types\/page"}],"author":[{"embeddable":true,"href":"https:\/\/episzunago.com\/index.php?rest_route=\/wp\/v2\/users\/1"}],"replies":[{"embeddable":true,"href":"https:\/\/episzunago.com\/index.php?rest_route=%2Fwp%2Fv2%2Fcomments&post=6107"}],"version-history":[{"count":2,"href":"https:\/\/episzunago.com\/index.php?rest_route=\/wp\/v2\/pages\/6107\/revisions"}],"predecessor-version":[{"id":6113,"href":"https:\/\/episzunago.com\/index.php?rest_route=\/wp\/v2\/pages\/6107\/revisions\/6113"}],"up":[{"embeddable":true,"href":"https:\/\/episzunago.com\/index.php?rest_route=\/wp\/v2\/pages\/30"}],"wp:attachment":[{"href":"https:\/\/episzunago.com\/index.php?rest_route=%2Fwp%2Fv2%2Fmedia&parent=6107"}],"curies":[{"name":"wp","href":"https:\/\/api.w.org\/{rel}","templated":true}]}}