{"id":6197,"date":"2024-11-03T19:14:58","date_gmt":"2024-11-03T19:14:58","guid":{"rendered":"https:\/\/episzunago.com\/?page_id=6197"},"modified":"2025-04-08T18:22:05","modified_gmt":"2025-04-08T18:22:05","slug":"xvi-hitmelyito-evangelizacio","status":"publish","type":"page","link":"https:\/\/episzunago.com\/?page_id=6197","title":{"rendered":"XVI. HITM\u00c9LY\u00cdT\u0150 EVANGELIZ\u00c1CI\u00d3"},"content":{"rendered":"\n<p id=\"block-79167449-97d7-4c20-b250-21a30678b839\"><strong>XVI. HITM\u00c9LY\u00cdT\u0150 EVANGELIZ\u00c1CI\u00d3<\/strong><\/p>\n\n\n<div class=\"wp-block-image\">\n<figure class=\"aligncenter size-large\"><img fetchpriority=\"high\" decoding=\"async\" width=\"1920\" height=\"1080\" src=\"https:\/\/episzunago.com\/wp-content\/uploads\/2025\/04\/felemas-iga-foplakat800-1920x1080.jpg\" alt=\"\" class=\"wp-image-6480\" srcset=\"https:\/\/episzunago.com\/wp-content\/uploads\/2025\/04\/felemas-iga-foplakat800-1920x1080.jpg 1920w, https:\/\/episzunago.com\/wp-content\/uploads\/2025\/04\/felemas-iga-foplakat800-300x169.jpg 300w, https:\/\/episzunago.com\/wp-content\/uploads\/2025\/04\/felemas-iga-foplakat800-768x432.jpg 768w, https:\/\/episzunago.com\/wp-content\/uploads\/2025\/04\/felemas-iga-foplakat800-1536x864.jpg 1536w, https:\/\/episzunago.com\/wp-content\/uploads\/2025\/04\/felemas-iga-foplakat800-2048x1152.jpg 2048w, https:\/\/episzunago.com\/wp-content\/uploads\/2025\/04\/felemas-iga-foplakat800-1140x641.jpg 1140w\" sizes=\"(max-width: 1920px) 100vw, 1920px\" \/><\/figure>\n<\/div>\n\n\n<hr class=\"wp-block-separator has-alpha-channel-opacity is-style-dots\"\/>\n\n\n<div class=\"grid-plus-container grid-6a07ea6fe5638 post \"\n     id=\"6a07ea6fe5638\"\n     data-grid-name=\"EV-XVI\"\n     data-animation=\"zoomIn\">\n    <div class=\"grid-stack-container grid-plus-inner\"\n         data-ajax-url=\"https:\/\/episzunago.com\/wp-admin\/admin-ajax.php\"\n         data-grid-id=\"6727cbba9ac51\"\n         data-current-category=\"38\"\n         data-section-id=\"6a07ea6fe5638\"\n         data-gutter=\"5\"\n         data-columns=\"2\"\n         data-height-ratio=\"1\"\n         data-width-ratio=\"1\"\n         data-desktop-columns=\"2\"\n         data-tablet-columns=\"2\"\n         data-mobile-columns=\"1\"\n         data-layout-type=\"masonry\"\n         data-fix-item-height=\"false\"\n         data-nonce=\"014a3616a1\"\n    >\n        \n        <div class=\"grid-stack grid-stack-2\" data-layout=\"masonry\"\n             style=\"height: 445px\">\n        <\/div>\n        <div class=\"grid-items\">\n                            <div class=\"item\" data-gs-x=\"0\"\n                     data-gs-y=\"0\"\n                     data-gs-width=\"1\"\n                     data-gs-height=\"15\"\n                     data-skin=\"woo-thumb-icon-title-price\"\n\n                     data-desktop-gs-x=\"0\"\n                     data-desktop-gs-y=\"0\"\n                     data-desktop-gs-width=\"1\"\n                     data-desktop-gs-height=\"15\"\n                     data-desktop-skin=\"woo-thumb-icon-title-price\"\n\n                     data-image-width=\"2560\"\n                     data-image-height=\"1442\"\n                >\n                    <div class=\"grid-post-item woocommerce thumbnail-title post-info-center\" data-post-info-class=\"post-info\">\n    <div class=\"thumbnail-image\" data-img=\"https:\/\/episzunago.com\/wp-content\/uploads\/2025\/04\/2024.10.28-fokep800-scaled.jpg\">\n                    <img decoding=\"async\" src=\"https:\/\/episzunago.com\/wp-content\/uploads\/2025\/04\/2024.10.28-fokep800-scaled.jpg\" alt=\"XVI. Hitm\u00e9ly\u00edt\u0151 evangeliz\u00e1ci\u00f3 &#8211; 2024.10.28\" >\n                <div class=\"flag-wrap\">\n                                <\/div>\n        <div class=\"hover-outer transition-30\">\n                            <a href=\"https:\/\/episzunago.com\/?p=6474\" title=\"XVI. Hitm\u00e9ly\u00edt\u0151 evangeliz\u00e1ci\u00f3 &#8211; 2024.10.28\"><\/a>\n                        <div class=\"hover-inner transition-50\">\n                <div class=\"icon-groups\">\n                    <a href=\"javascript:;\" class=\"view-gallery\" data-src=\"https:\/\/episzunago.com\/wp-content\/uploads\/2025\/04\/2024.10.28-fokep800-scaled.jpg\"\n                       data-post-id=\"6474\" title=\"XVI. Hitm\u00e9ly\u00edt\u0151 evangeliz\u00e1ci\u00f3 &#8211; 2024.10.28\"\n                       data-ajax-url=\"https:\/\/episzunago.com\/wp-admin\/admin-ajax.php?_wpnonce=88b28ebf96\"><i\n                            class=\"fa fa-search\"><\/i><\/a>\n                                    <\/div>\n            <\/div>\n        <\/div>\n    <\/div>\n    <div class=\"post-info\">\n                    <div class=\"title\">\n                                    <a href=\"https:\/\/episzunago.com\/?p=6474\" title=\"XVI. Hitm\u00e9ly\u00edt\u0151 evangeliz\u00e1ci\u00f3 &#8211; 2024.10.28\">XVI. Hitm\u00e9ly\u00edt\u0151 evangeliz\u00e1ci\u00f3 &#8211; 2024.10.28<\/a>\n                            <\/div>\n                    <\/div>\n<\/div>                <\/div>\n                                <div class=\"item\" data-gs-x=\"1\"\n                     data-gs-y=\"0\"\n                     data-gs-width=\"1\"\n                     data-gs-height=\"15\"\n                     data-skin=\"woo-thumb-icon-title-price\"\n\n                     data-desktop-gs-x=\"1\"\n                     data-desktop-gs-y=\"0\"\n                     data-desktop-gs-width=\"1\"\n                     data-desktop-gs-height=\"15\"\n                     data-desktop-skin=\"woo-thumb-icon-title-price\"\n\n                     data-image-width=\"2560\"\n                     data-image-height=\"1443\"\n                >\n                    <div class=\"grid-post-item woocommerce thumbnail-title post-info-center\" data-post-info-class=\"post-info\">\n    <div class=\"thumbnail-image\" data-img=\"https:\/\/episzunago.com\/wp-content\/uploads\/2025\/04\/2024.10.29-fokep800-scaled.jpg\">\n                    <img decoding=\"async\" src=\"https:\/\/episzunago.com\/wp-content\/uploads\/2025\/04\/2024.10.29-fokep800-scaled.jpg\" alt=\"XVI. Hitm\u00e9ly\u00edt\u0151 evangeliz\u00e1ci\u00f3 &#8211; 2024.10.29\" >\n                <div class=\"flag-wrap\">\n                                <\/div>\n        <div class=\"hover-outer transition-30\">\n                            <a href=\"https:\/\/episzunago.com\/?p=6482\" title=\"XVI. Hitm\u00e9ly\u00edt\u0151 evangeliz\u00e1ci\u00f3 &#8211; 2024.10.29\"><\/a>\n                        <div class=\"hover-inner transition-50\">\n                <div class=\"icon-groups\">\n                    <a href=\"javascript:;\" class=\"view-gallery\" data-src=\"https:\/\/episzunago.com\/wp-content\/uploads\/2025\/04\/2024.10.29-fokep800-scaled.jpg\"\n                       data-post-id=\"6482\" title=\"XVI. Hitm\u00e9ly\u00edt\u0151 evangeliz\u00e1ci\u00f3 &#8211; 2024.10.29\"\n                       data-ajax-url=\"https:\/\/episzunago.com\/wp-admin\/admin-ajax.php?_wpnonce=88b28ebf96\"><i\n                            class=\"fa fa-search\"><\/i><\/a>\n                                    <\/div>\n            <\/div>\n        <\/div>\n    <\/div>\n    <div class=\"post-info\">\n                    <div class=\"title\">\n                                    <a href=\"https:\/\/episzunago.com\/?p=6482\" title=\"XVI. Hitm\u00e9ly\u00edt\u0151 evangeliz\u00e1ci\u00f3 &#8211; 2024.10.29\">XVI. Hitm\u00e9ly\u00edt\u0151 evangeliz\u00e1ci\u00f3 &#8211; 2024.10.29<\/a>\n                            <\/div>\n                    <\/div>\n<\/div>                <\/div>\n                                <div class=\"item\" data-gs-x=\"0\"\n                     data-gs-y=\"15\"\n                     data-gs-width=\"1\"\n                     data-gs-height=\"15\"\n                     data-skin=\"woo-thumb-icon-title-price\"\n\n                     data-desktop-gs-x=\"0\"\n                     data-desktop-gs-y=\"15\"\n                     data-desktop-gs-width=\"1\"\n                     data-desktop-gs-height=\"15\"\n                     data-desktop-skin=\"woo-thumb-icon-title-price\"\n\n                     data-image-width=\"2560\"\n                     data-image-height=\"1442\"\n                >\n                    <div class=\"grid-post-item woocommerce thumbnail-title post-info-center\" data-post-info-class=\"post-info\">\n    <div class=\"thumbnail-image\" data-img=\"https:\/\/episzunago.com\/wp-content\/uploads\/2025\/04\/2024.10.30-fokep800-scaled.jpg\">\n                    <img decoding=\"async\" src=\"https:\/\/episzunago.com\/wp-content\/uploads\/2025\/04\/2024.10.30-fokep800-scaled.jpg\" alt=\"XVI. Hitm\u00e9ly\u00edt\u0151 evangeliz\u00e1ci\u00f3 &#8211; 2024.10.30\" >\n                <div class=\"flag-wrap\">\n                                <\/div>\n        <div class=\"hover-outer transition-30\">\n                            <a href=\"https:\/\/episzunago.com\/?p=6488\" title=\"XVI. Hitm\u00e9ly\u00edt\u0151 evangeliz\u00e1ci\u00f3 &#8211; 2024.10.30\"><\/a>\n                        <div class=\"hover-inner transition-50\">\n                <div class=\"icon-groups\">\n                    <a href=\"javascript:;\" class=\"view-gallery\" data-src=\"https:\/\/episzunago.com\/wp-content\/uploads\/2025\/04\/2024.10.30-fokep800-scaled.jpg\"\n                       data-post-id=\"6488\" title=\"XVI. Hitm\u00e9ly\u00edt\u0151 evangeliz\u00e1ci\u00f3 &#8211; 2024.10.30\"\n                       data-ajax-url=\"https:\/\/episzunago.com\/wp-admin\/admin-ajax.php?_wpnonce=88b28ebf96\"><i\n                            class=\"fa fa-search\"><\/i><\/a>\n                                    <\/div>\n            <\/div>\n        <\/div>\n    <\/div>\n    <div class=\"post-info\">\n                    <div class=\"title\">\n                                    <a href=\"https:\/\/episzunago.com\/?p=6488\" title=\"XVI. Hitm\u00e9ly\u00edt\u0151 evangeliz\u00e1ci\u00f3 &#8211; 2024.10.30\">XVI. Hitm\u00e9ly\u00edt\u0151 evangeliz\u00e1ci\u00f3 &#8211; 2024.10.30<\/a>\n                            <\/div>\n                    <\/div>\n<\/div>                <\/div>\n                                <div class=\"item\" data-gs-x=\"1\"\n                     data-gs-y=\"15\"\n                     data-gs-width=\"1\"\n                     data-gs-height=\"15\"\n                     data-skin=\"woo-thumb-icon-title-price\"\n\n                     data-desktop-gs-x=\"1\"\n                     data-desktop-gs-y=\"15\"\n                     data-desktop-gs-width=\"1\"\n                     data-desktop-gs-height=\"15\"\n                     data-desktop-skin=\"woo-thumb-icon-title-price\"\n\n                     data-image-width=\"2560\"\n                     data-image-height=\"1442\"\n                >\n                    <div class=\"grid-post-item woocommerce thumbnail-title post-info-center\" data-post-info-class=\"post-info\">\n    <div class=\"thumbnail-image\" data-img=\"https:\/\/episzunago.com\/wp-content\/uploads\/2025\/04\/2024.10.31-fokep800-scaled.jpg\">\n                    <img decoding=\"async\" src=\"https:\/\/episzunago.com\/wp-content\/uploads\/2025\/04\/2024.10.31-fokep800-scaled.jpg\" alt=\"XVI. Hitm\u00e9ly\u00edt\u0151 evangeliz\u00e1ci\u00f3 &#8211; 2024.10.31\" >\n                <div class=\"flag-wrap\">\n                                <\/div>\n        <div class=\"hover-outer transition-30\">\n                            <a href=\"https:\/\/episzunago.com\/?p=6495\" title=\"XVI. Hitm\u00e9ly\u00edt\u0151 evangeliz\u00e1ci\u00f3 &#8211; 2024.10.31\"><\/a>\n                        <div class=\"hover-inner transition-50\">\n                <div class=\"icon-groups\">\n                    <a href=\"javascript:;\" class=\"view-gallery\" data-src=\"https:\/\/episzunago.com\/wp-content\/uploads\/2025\/04\/2024.10.31-fokep800-scaled.jpg\"\n                       data-post-id=\"6495\" title=\"XVI. Hitm\u00e9ly\u00edt\u0151 evangeliz\u00e1ci\u00f3 &#8211; 2024.10.31\"\n                       data-ajax-url=\"https:\/\/episzunago.com\/wp-admin\/admin-ajax.php?_wpnonce=88b28ebf96\"><i\n                            class=\"fa fa-search\"><\/i><\/a>\n                                    <\/div>\n            <\/div>\n        <\/div>\n    <\/div>\n    <div class=\"post-info\">\n                    <div class=\"title\">\n                                    <a href=\"https:\/\/episzunago.com\/?p=6495\" title=\"XVI. Hitm\u00e9ly\u00edt\u0151 evangeliz\u00e1ci\u00f3 &#8211; 2024.10.31\">XVI. Hitm\u00e9ly\u00edt\u0151 evangeliz\u00e1ci\u00f3 &#8211; 2024.10.31<\/a>\n                            <\/div>\n                    <\/div>\n<\/div>                <\/div>\n                                <div class=\"item\" data-gs-x=\"0\"\n                     data-gs-y=\"30\"\n                     data-gs-width=\"1\"\n                     data-gs-height=\"15\"\n                     data-skin=\"woo-thumb-icon-title-price\"\n\n                     data-desktop-gs-x=\"0\"\n                     data-desktop-gs-y=\"30\"\n                     data-desktop-gs-width=\"1\"\n                     data-desktop-gs-height=\"15\"\n                     data-desktop-skin=\"woo-thumb-icon-title-price\"\n\n                     data-image-width=\"2560\"\n                     data-image-height=\"1443\"\n                >\n                    <div class=\"grid-post-item woocommerce thumbnail-title post-info-center\" data-post-info-class=\"post-info\">\n    <div class=\"thumbnail-image\" data-img=\"https:\/\/episzunago.com\/wp-content\/uploads\/2025\/04\/2024.11.01-fokep800-scaled.jpg\">\n                    <img decoding=\"async\" src=\"https:\/\/episzunago.com\/wp-content\/uploads\/2025\/04\/2024.11.01-fokep800-scaled.jpg\" alt=\"XVI. Hitm\u00e9ly\u00edt\u0151 evangeliz\u00e1ci\u00f3 &#8211; 2024.11.01\" >\n                <div class=\"flag-wrap\">\n                                <\/div>\n        <div class=\"hover-outer transition-30\">\n                            <a href=\"https:\/\/episzunago.com\/?p=6499\" title=\"XVI. Hitm\u00e9ly\u00edt\u0151 evangeliz\u00e1ci\u00f3 &#8211; 2024.11.01\"><\/a>\n                        <div class=\"hover-inner transition-50\">\n                <div class=\"icon-groups\">\n                    <a href=\"javascript:;\" class=\"view-gallery\" data-src=\"https:\/\/episzunago.com\/wp-content\/uploads\/2025\/04\/2024.11.01-fokep800-scaled.jpg\"\n                       data-post-id=\"6499\" title=\"XVI. Hitm\u00e9ly\u00edt\u0151 evangeliz\u00e1ci\u00f3 &#8211; 2024.11.01\"\n                       data-ajax-url=\"https:\/\/episzunago.com\/wp-admin\/admin-ajax.php?_wpnonce=88b28ebf96\"><i\n                            class=\"fa fa-search\"><\/i><\/a>\n                                    <\/div>\n            <\/div>\n        <\/div>\n    <\/div>\n    <div class=\"post-info\">\n                    <div class=\"title\">\n                                    <a href=\"https:\/\/episzunago.com\/?p=6499\" title=\"XVI. Hitm\u00e9ly\u00edt\u0151 evangeliz\u00e1ci\u00f3 &#8211; 2024.11.01\">XVI. Hitm\u00e9ly\u00edt\u0151 evangeliz\u00e1ci\u00f3 &#8211; 2024.11.01<\/a>\n                            <\/div>\n                    <\/div>\n<\/div>                <\/div>\n                        <\/div>\n\n            <\/div>\n<\/div>\n\n","protected":false},"excerpt":{"rendered":"<p>XVI. HITM\u00c9LY\u00cdT\u0150 EVANGELIZ\u00c1CI\u00d3<\/p>\n","protected":false},"author":1,"featured_media":0,"parent":30,"menu_order":0,"comment_status":"closed","ping_status":"open","template":"","meta":{"passster_activate_protection":false,"passster_protect_child_pages":"","passster_protection_type":"password","passster_password":"","passster_activate_overwrite_defaults":"","passster_headline":"","passster_instruction":"","passster_placeholder":"","passster_button":"","passster_id":"","passster_activate_misc_settings":"","passster_redirect_url":"","passster_hide":"no","passster_area_shortcode":"","footnotes":""},"class_list":["post-6197","page","type-page","status-publish","hentry"],"_links":{"self":[{"href":"https:\/\/episzunago.com\/index.php?rest_route=\/wp\/v2\/pages\/6197","targetHints":{"allow":["GET"]}}],"collection":[{"href":"https:\/\/episzunago.com\/index.php?rest_route=\/wp\/v2\/pages"}],"about":[{"href":"https:\/\/episzunago.com\/index.php?rest_route=\/wp\/v2\/types\/page"}],"author":[{"embeddable":true,"href":"https:\/\/episzunago.com\/index.php?rest_route=\/wp\/v2\/users\/1"}],"replies":[{"embeddable":true,"href":"https:\/\/episzunago.com\/index.php?rest_route=%2Fwp%2Fv2%2Fcomments&post=6197"}],"version-history":[{"count":2,"href":"https:\/\/episzunago.com\/index.php?rest_route=\/wp\/v2\/pages\/6197\/revisions"}],"predecessor-version":[{"id":6481,"href":"https:\/\/episzunago.com\/index.php?rest_route=\/wp\/v2\/pages\/6197\/revisions\/6481"}],"up":[{"embeddable":true,"href":"https:\/\/episzunago.com\/index.php?rest_route=\/wp\/v2\/pages\/30"}],"wp:attachment":[{"href":"https:\/\/episzunago.com\/index.php?rest_route=%2Fwp%2Fv2%2Fmedia&parent=6197"}],"curies":[{"name":"wp","href":"https:\/\/api.w.org\/{rel}","templated":true}]}}