{"id":645,"date":"2022-07-12T17:03:18","date_gmt":"2022-07-12T17:03:18","guid":{"rendered":"https:\/\/episzunago.com\/?page_id=645"},"modified":"2023-07-17T11:41:49","modified_gmt":"2023-07-17T11:41:49","slug":"hosen-imalista","status":"publish","type":"page","link":"https:\/\/episzunago.com\/?page_id=645","title":{"rendered":"H\u00f3sen Imalista"},"content":{"rendered":"<h2>Dr\u00e1ga Testv\u00e9rek,<\/h2>\r\n<p>Szombati Imak\u00f6z\u00f6ss\u00e9gi alkalmunkon\u00a02021. \u00c1prilis 17-\u00e9n,<i> Sipos-Vizaknai Gerg\u0151<\/i> lelkip\u00e1sztor testv\u00e9r\u00fcnk javaslat\u00e1t elfogadva: bevezet\u00e9sre, \u00e9s kialak\u00edt\u00e1sra ker\u00fclt a H\u00d3SEN IMALISTA, hogy gy\u0171jts\u00fck egybe \u00e9s hordozzuk sz\u00edv\u00fcnk\u00f6n mindazokat, akiket az \u00dar r\u00e1nkb\u00edzott, hogy hordjuk sz\u00edv\u00fcnk\u00f6n, im\u00e1ds\u00e1gainkban vigy\u00fck a tr\u00f3n el\u00e9, az Isten sz\u00edne el\u00e9.\u00a0<\/p>\r\n<p>N\u00e9zz\u00fck meg ennek a bibliai h\u00e1tter\u00e9t, \u201ekutassuk, \u00e9s hasogassuk\u201d az Ig\u00e9t.\u00a0<\/p>\r\n<h2>Efod \u00e9s H\u00f3sen:\u00a0<\/h2>\r\n<p>A Bibli\u00e1ban itt tal\u00e1lunk err\u0151l Ig\u00e9ket: 2M\u00f3z 28., \u00e9s 39. r\u00e9szeiben.<\/p>\r\n<p>A F\u0151pap ruh\u00e1j\u00e1nak az eredeti h\u00e9ber elnevez\u00e9se Efod \u00e9s H\u00f3sen, a f\u0151pap als\u00f3, \u00e9s fels\u0151ruh\u00e1ja:\u00a0aranyb\u00f3l, k\u00e9k \u00e9s piros b\u00edborb\u00f3l, karmazsin- \u00e9s lenfon\u00e1lb\u00f3l k\u00e9sz\u00edtett sz\u0151ttes volt.<\/p>\r\n<p>Az \u00e9f\u00f3dot a k\u00f6nt\u00f6s \u00e9s az \u00e9f\u00f3d pal\u00e1stja f\u00f6l\u00f6tt viselt\u00e9k (2M\u00f3z 29,5; 3M\u00f3z 8,7).<\/p>\r\n<p>A h\u00f3sen egy n\u00e9gysz\u00f6g form\u00e1j\u00fa t\u00e1ska volt, amelyben a j\u00f6vend\u00f6l\u00e9shez sz\u00fcks\u00e9ges \u00daR\u00cdM \u00e9s TUMM\u00cdM volt.\u00a0 A fej\u00e9n turb\u00e1nt (misznefet) viselt, a turb\u00e1non el\u00f6l aranyb\u00f3l k\u00e9sz\u00fclt vir\u00e1gd\u00edsz volt. Az \u00f6lt\u00f6z\u00e9ket az \u00f6v (abn\u00e9t) eg\u00e9sz\u00edtette ki. Vit\u00e1s \u00fcgyekben \u0151 k\u00e9rdezte meg Istent az \u00e9f\u00f3d, valamint az \u00far\u00edm \u00e9s tumm\u00edm seg\u00edts\u00e9g\u00e9vel (2M\u00f3z 28,30; P\u00e9ld 16,33; 4M\u00f3z 27,21; 1S\u00e1m 14,31), s \u00edgy \u0151t illette a legfels\u0151bb d\u00f6nt\u00e9s joga minden vall\u00e1si k\u00e9rd\u00e9sben.\u00a0<\/p>\r\n<p>\u0150 a k\u00f6zbenj\u00e1r\u00f3 Isten \u00e9s ember k\u00f6z\u00f6tt, amint a Zsid 5,1 \u00f6sszefoglalja szerep\u00e9t.<\/p>\r\n<p>N\u00e9zz\u00fck ezt meg l\u00e1tv\u00e1nyosan is \u2013 egy k\u00e9pen:<\/p>\r\n\r\n<figure class=\"wp-block-image size-full\"><img fetchpriority=\"high\" decoding=\"async\" class=\"alignnone wp-image-650\" src=\"https:\/\/episzunago.com\/wp-content\/uploads\/2022\/07\/Efod_Szuntelenulhordozzaavalasztottakat.jpg\" alt=\"\" width=\"720\" height=\"460\" srcset=\"https:\/\/episzunago.com\/wp-content\/uploads\/2022\/07\/Efod_Szuntelenulhordozzaavalasztottakat.jpg 960w, https:\/\/episzunago.com\/wp-content\/uploads\/2022\/07\/Efod_Szuntelenulhordozzaavalasztottakat-300x192.jpg 300w, https:\/\/episzunago.com\/wp-content\/uploads\/2022\/07\/Efod_Szuntelenulhordozzaavalasztottakat-768x490.jpg 768w\" sizes=\"(max-width: 720px) 100vw, 720px\" \/>\r\n<figcaption>.<\/figcaption>\r\n<\/figure>\r\n\r\n<p>Hosen: Le\u00edr\u00e1s\u00e1b\u00f3l k\u00e9t dolog t\u0171nik ki:<\/p>\r\n<ul>\r\n<li aria-level=\"1\">Egyik a szembet\u0171n\u0151en d\u00edszes volta: tizenk\u00e9tf\u00e9le dr\u00e1gak\u0151 \u00e9kes\u00edtette.\u00a0<\/li>\r\n<li aria-level=\"1\">A m\u00e1sik az, hogy zsebszer\u0171 k\u00e9sz\u00edtm\u00e9ny volt, melybe a papi kijelent\u00e9sad\u00e1snak az eszk\u00f6zeit, a szent sorsvet\u00e9s kock\u00e1it tett\u00e9k.\u00a0<\/li>\r\n<\/ul>\r\n<p>Az eg\u00e9sz n\u00e9gyzet alak\u00fa volt, egy arasznyi volt a sz\u00e9le-hossza, \u00e9s a sarkaira alkalmazott aranykarik\u00e1kon \u00e1th\u00fazott aranyl\u00e1ncokkal, illetve b\u00edborsz\u00edn\u0171 zsin\u00f3rral volt szorosan az ef\u00f3dhoz hozz\u00e1k\u00f6tve <br \/>(2M\u00f3z 28,23-28 v.).<\/p>\r\n<p>A 2M\u00f3z 28-b\u00f3l \u00e9s a 2M\u00f3z 39-b\u0151l fel\u00e9p\u00edtett k\u00e9p:<\/p>\r\n\r\n<figure class=\"wp-block-image size-full\"><img decoding=\"async\" class=\"alignnone wp-image-649\" src=\"https:\/\/episzunago.com\/wp-content\/uploads\/2022\/07\/Afopapioltozekforeszei_.jpg\" alt=\"\" width=\"720\" height=\"540\" srcset=\"https:\/\/episzunago.com\/wp-content\/uploads\/2022\/07\/Afopapioltozekforeszei_.jpg 960w, https:\/\/episzunago.com\/wp-content\/uploads\/2022\/07\/Afopapioltozekforeszei_-300x225.jpg 300w, https:\/\/episzunago.com\/wp-content\/uploads\/2022\/07\/Afopapioltozekforeszei_-768x576.jpg 768w\" sizes=\"(max-width: 720px) 100vw, 720px\" \/><\/figure>\r\n\r\n\r\n\r\n<p>&nbsp;<\/p>\r\n\r\n\r\n\r\n<p>A H\u00d3SEN k\u00f6zelr\u0151l:<\/p>\r\n\r\n\r\n\r\n<figure class=\"wp-block-image size-full\"><img decoding=\"async\" class=\"alignnone wp-image-651\" src=\"https:\/\/episzunago.com\/wp-content\/uploads\/2022\/07\/hosen.jpg\" alt=\"\" width=\"720\" height=\"540\" srcset=\"https:\/\/episzunago.com\/wp-content\/uploads\/2022\/07\/hosen.jpg 1200w, https:\/\/episzunago.com\/wp-content\/uploads\/2022\/07\/hosen-300x225.jpg 300w, https:\/\/episzunago.com\/wp-content\/uploads\/2022\/07\/hosen-768x576.jpg 768w\" sizes=\"(max-width: 720px) 100vw, 720px\" \/><\/figure>\r\n\r\n<p>A h\u00f3sen el\u0151lapj\u00e1n teh\u00e1t n\u00e9gy sorban tizenk\u00e9t dr\u00e1gak\u0151 foglalt helyet, mindegyikre Izr\u00e1el egy-egy t\u00f6rzs\u00e9nek a neve volt r\u00e1v\u00e9sve.<\/p>\r\n<p>A f\u0151pap Izr\u00e1el t\u00f6rzseinek a nev\u00e9vel egy\u00fctt \u201ea sz\u00edv\u00e9n hordozta\u201d e t\u00f6rzseknek, a gy\u00fclekezetnek az \u00fcgy\u00e9t, amikor Isten akarat\u00e1t kellett meg tudakolnia \u00e9s kijelentenie.\u00a0<\/p>\r\n<p>(A tizenk\u00e9t dr\u00e1gak\u0151 mot\u00edvuma a mennyei Jeruzs\u00e1lem k\u0151fal\u00e1nak alapk\u00f6vein\u00e9l fordul el\u0151 a Jelen\u00e9sek k\u00f6nyv\u00e9ben, Jel 21:19-20).<\/p>\r\n<p>&nbsp;<\/p>\r\n<h2>Testv\u00e9rek,<\/h2>\r\n<p>ebb\u0151l a r\u00f6vid kis kutat\u00e1sb\u00f3l l\u00e1thatjuk a \u201esz\u00edven viselt\u201d H\u00d3SEN fontoss\u00e1g\u00e1t a f\u0151papi ruha tartoz\u00e9kak\u00e9nt, ez\u00e9rt viselj\u00fck mi is sz\u00edv\u00fcnk\u00f6n mindazokat akik\u00e9rt im\u00e1dkozunk, \u00e9s ez\u00e9rt \u00fatj\u00e1ra ind\u00edtjuk a H\u00d3SEN-IMALISTA list\u00e1j\u00e1t, hogy egybeszerkesztve legyenek meg \u00e1ttekinthet\u0151en mindazon<\/p>\r\n<ul>\r\n<li aria-level=\"1\">NEVEK-SZEM\u00c9LYEK<\/li>\r\n<li aria-level=\"1\">\u00e9s \u00dcGYEK<\/li>\r\n<\/ul>\r\n<p>amit az Imak\u00f6z\u00f6ss\u00e9g\u00fcnk a SZ\u00cdV\u00c9N HORDOZ!<\/p>\r\n<p>&nbsp;<\/p>\r\n<p>Szeretettel, \u00e9s Im\u00e1ds\u00e1gos sz\u00edvvel:<\/p>\r\n<p>Szab\u00f3 Csaba<\/p>\r\n<p>2021.04.29.\u00a0<\/p>","protected":false},"excerpt":{"rendered":"<p>Dr\u00e1ga Testv\u00e9rek, Szombati Imak\u00f6z\u00f6ss\u00e9gi alkalmunkon\u00a02021. \u00c1prilis 17-\u00e9n, Sipos-Vizaknai Gerg\u0151 lelkip\u00e1sztor testv\u00e9r\u00fcnk javaslat\u00e1t elfogadva: bevezet\u00e9sre, \u00e9s kialak\u00edt\u00e1sra ker\u00fclt a H\u00d3SEN IMALISTA, hogy gy\u0171jts\u00fck egybe \u00e9s hordozzuk sz\u00edv\u00fcnk\u00f6n mindazokat, akiket az \u00dar r\u00e1nkb\u00edzott, hogy hordjuk sz\u00edv\u00fcnk\u00f6n, im\u00e1ds\u00e1gainkban vigy\u00fck a tr\u00f3n el\u00e9, az Isten sz\u00edne el\u00e9.\u00a0 N\u00e9zz\u00fck meg ennek a bibliai h\u00e1tter\u00e9t, \u201ekutassuk, \u00e9s hasogassuk\u201d az Ig\u00e9t.\u00a0 Efod \u00e9s H\u00f3sen:\u00a0 A Bibli\u00e1ban itt tal\u00e1lunk err\u0151l Ig\u00e9ket: 2M\u00f3z 28., \u00e9s 39. r\u00e9szeiben. A F\u0151pap ruh\u00e1j\u00e1nak az eredeti h\u00e9ber elnevez\u00e9se Efod \u00e9s H\u00f3sen, a f\u0151pap als\u00f3, \u00e9s fels\u0151ruh\u00e1ja:\u00a0aranyb\u00f3l, k\u00e9k \u00e9s piros b\u00edborb\u00f3l, karmazsin- \u00e9s lenfon\u00e1lb\u00f3l k\u00e9sz\u00edtett sz\u0151ttes volt. Az \u00e9f\u00f3dot a k\u00f6nt\u00f6s \u00e9s az \u00e9f\u00f3d pal\u00e1stja f\u00f6l\u00f6tt viselt\u00e9k (2M\u00f3z 29,5; 3M\u00f3z 8,7). A h\u00f3sen egy n\u00e9gysz\u00f6g form\u00e1j\u00fa t\u00e1ska volt, amelyben a j\u00f6vend\u00f6l\u00e9shez sz\u00fcks\u00e9ges \u00daR\u00cdM \u00e9s TUMM\u00cdM volt.\u00a0 A fej\u00e9n turb\u00e1nt (misznefet) viselt, a turb\u00e1non el\u00f6l aranyb\u00f3l k\u00e9sz\u00fclt vir\u00e1gd\u00edsz volt. Az \u00f6lt\u00f6z\u00e9ket az \u00f6v (abn\u00e9t) eg\u00e9sz\u00edtette ki. Vit\u00e1s \u00fcgyekben \u0151 k\u00e9rdezte meg Istent az \u00e9f\u00f3d, valamint az \u00far\u00edm \u00e9s tumm\u00edm seg\u00edts\u00e9g\u00e9vel (2M\u00f3z 28,30; P\u00e9ld 16,33; 4M\u00f3z 27,21; 1S\u00e1m 14,31), s \u00edgy \u0151t illette a legfels\u0151bb d\u00f6nt\u00e9s joga minden vall\u00e1si k\u00e9rd\u00e9sben.\u00a0 \u0150 a k\u00f6zbenj\u00e1r\u00f3 Isten \u00e9s ember k\u00f6z\u00f6tt, amint a Zsid 5,1 \u00f6sszefoglalja szerep\u00e9t. N\u00e9zz\u00fck ezt meg l\u00e1tv\u00e1nyosan is \u2013 egy k\u00e9pen: Hosen: Le\u00edr\u00e1s\u00e1b\u00f3l k\u00e9t dolog t\u0171nik ki: Egyik a szembet\u0171n\u0151en d\u00edszes volta: tizenk\u00e9tf\u00e9le dr\u00e1gak\u0151 \u00e9kes\u00edtette.\u00a0 A m\u00e1sik az, hogy zsebszer\u0171 k\u00e9sz\u00edtm\u00e9ny volt, melybe a papi kijelent\u00e9sad\u00e1snak az eszk\u00f6zeit, a szent sorsvet\u00e9s kock\u00e1it tett\u00e9k.\u00a0 Az eg\u00e9sz n\u00e9gyzet alak\u00fa volt, egy arasznyi volt a sz\u00e9le-hossza, \u00e9s a sarkaira alkalmazott aranykarik\u00e1kon \u00e1th\u00fazott aranyl\u00e1ncokkal, illetve b\u00edborsz\u00edn\u0171 zsin\u00f3rral volt szorosan az ef\u00f3dhoz hozz\u00e1k\u00f6tve (2M\u00f3z 28,23-28 v.). A 2M\u00f3z 28-b\u00f3l \u00e9s a 2M\u00f3z 39-b\u0151l fel\u00e9p\u00edtett k\u00e9p: &nbsp; A H\u00d3SEN k\u00f6zelr\u0151l: A h\u00f3sen el\u0151lapj\u00e1n teh\u00e1t n\u00e9gy sorban tizenk\u00e9t dr\u00e1gak\u0151 foglalt helyet, mindegyikre Izr\u00e1el egy-egy t\u00f6rzs\u00e9nek a neve volt r\u00e1v\u00e9sve. A f\u0151pap Izr\u00e1el t\u00f6rzseinek a nev\u00e9vel egy\u00fctt \u201ea sz\u00edv\u00e9n hordozta\u201d e t\u00f6rzseknek, a gy\u00fclekezetnek az \u00fcgy\u00e9t, amikor Isten akarat\u00e1t kellett meg tudakolnia \u00e9s kijelentenie.\u00a0 (A tizenk\u00e9t dr\u00e1gak\u0151 mot\u00edvuma a mennyei Jeruzs\u00e1lem k\u0151fal\u00e1nak alapk\u00f6vein\u00e9l fordul el\u0151 a Jelen\u00e9sek k\u00f6nyv\u00e9ben, Jel 21:19-20). &nbsp; Testv\u00e9rek, ebb\u0151l a r\u00f6vid kis kutat\u00e1sb\u00f3l l\u00e1thatjuk a \u201esz\u00edven viselt\u201d H\u00d3SEN fontoss\u00e1g\u00e1t a f\u0151papi ruha tartoz\u00e9kak\u00e9nt, ez\u00e9rt viselj\u00fck mi is sz\u00edv\u00fcnk\u00f6n mindazokat akik\u00e9rt im\u00e1dkozunk, \u00e9s ez\u00e9rt \u00fatj\u00e1ra ind\u00edtjuk a H\u00d3SEN-IMALISTA list\u00e1j\u00e1t, hogy egybeszerkesztve legyenek meg \u00e1ttekinthet\u0151en mindazon NEVEK-SZEM\u00c9LYEK \u00e9s \u00dcGYEK amit az Imak\u00f6z\u00f6ss\u00e9g\u00fcnk a SZ\u00cdV\u00c9N HORDOZ! &nbsp; Szeretettel, \u00e9s Im\u00e1ds\u00e1gos sz\u00edvvel: Szab\u00f3 Csaba 2021.04.29.\u00a0<\/p>\n","protected":false},"author":1,"featured_media":0,"parent":158,"menu_order":0,"comment_status":"closed","ping_status":"open","template":"","meta":{"passster_activate_protection":false,"passster_protect_child_pages":"","passster_protection_type":"password","passster_password":"","passster_activate_overwrite_defaults":"","passster_headline":"","passster_instruction":"","passster_placeholder":"","passster_button":"","passster_id":"","passster_activate_misc_settings":"","passster_redirect_url":"","passster_hide":"no","passster_area_shortcode":"","footnotes":""},"class_list":["post-645","page","type-page","status-publish","hentry"],"_links":{"self":[{"href":"https:\/\/episzunago.com\/index.php?rest_route=\/wp\/v2\/pages\/645","targetHints":{"allow":["GET"]}}],"collection":[{"href":"https:\/\/episzunago.com\/index.php?rest_route=\/wp\/v2\/pages"}],"about":[{"href":"https:\/\/episzunago.com\/index.php?rest_route=\/wp\/v2\/types\/page"}],"author":[{"embeddable":true,"href":"https:\/\/episzunago.com\/index.php?rest_route=\/wp\/v2\/users\/1"}],"replies":[{"embeddable":true,"href":"https:\/\/episzunago.com\/index.php?rest_route=%2Fwp%2Fv2%2Fcomments&post=645"}],"version-history":[{"count":6,"href":"https:\/\/episzunago.com\/index.php?rest_route=\/wp\/v2\/pages\/645\/revisions"}],"predecessor-version":[{"id":4631,"href":"https:\/\/episzunago.com\/index.php?rest_route=\/wp\/v2\/pages\/645\/revisions\/4631"}],"up":[{"embeddable":true,"href":"https:\/\/episzunago.com\/index.php?rest_route=\/wp\/v2\/pages\/158"}],"wp:attachment":[{"href":"https:\/\/episzunago.com\/index.php?rest_route=%2Fwp%2Fv2%2Fmedia&parent=645"}],"curies":[{"name":"wp","href":"https:\/\/api.w.org\/{rel}","templated":true}]}}